{"id":47676,"date":"2025-10-11T08:27:05","date_gmt":"2025-10-11T08:27:05","guid":{"rendered":"https:\/\/climbat.com\/?page_id=47676"},"modified":"2025-11-20T12:30:09","modified_gmt":"2025-11-20T12:30:09","slug":"politique-de-confidentialite","status":"publish","type":"page","link":"https:\/\/climbat.com\/fr\/politique-de-confidentialite\/","title":{"rendered":"Politique de confidentialit\u00e9"},"content":{"rendered":"\n<p>Conform\u00e9ment aux obligations \u00e9tablies dans la Loi Organique 3\/2018, du 5 d\u00e9cembre, relative \u00e0 la Protection des Donn\u00e9es Personnelles et \u00e0 la Garantie des Droits Num\u00e9riques, les informations relatives au traitement de vos donn\u00e9es personnelles vous sont fournies :<\/p>\n\n\n\n<p><strong>Qui est le responsable du traitement de vos donn\u00e9es ?<\/strong><\/p>\n\n\n\n<p>TOP30, S.L..&nbsp; CIF: B33368853<\/p>\n\n\n\n<p>Adresse : PG de Maqua-Fase II-Naves 18 19, Gozon, 33440, Asturies.<\/p>\n\n\n\n<p>T\u00e9l. : 607735836<\/p>\n\n\n\n<p>Email : protecciondedatos@ep-centers.com<\/p>\n\n\n\n<p>Site web : www.climbat.com<\/p>\n\n\n\n<p>Vous pouvez nous contacter par tout moyen de communication indiqu\u00e9.<\/p>\n\n\n\n<p>Nous nous r\u00e9servons le droit de modifier ou d\u2019adapter la pr\u00e9sente Politique de Confidentialit\u00e9 \u00e0 tout moment. Nous vous recommandons de la consulter r\u00e9guli\u00e8rement, et si vous \u00eates inscrit et acc\u00e9dez \u00e0 votre compte ou profil, vous serez inform\u00e9 des modifications.<\/p>\n\n\n\n<p>Si vous appartenez \u00e0 l\u2019un des groupes suivants, consultez les informations correspondantes :<\/p>\n\n\n\n<p><strong>&nbsp;&nbsp;&nbsp;&nbsp;&nbsp;&nbsp;&nbsp;&nbsp;&nbsp;&nbsp;&nbsp; + CONTACTS DU SITE WEB OU PAR COURRIEL<\/strong><\/p>\n\n\n\n<p><strong>Quelles donn\u00e9es recueillons-nous via le site Web ?<\/strong><\/p>\n\n\n\n<p>Nous pouvons traiter votre adresse IP, le syst\u00e8me d\u2019exploitation ou le navigateur que vous utilisez, et m\u00eame la dur\u00e9e de votre visite, de mani\u00e8re anonyme.<\/p>\n\n\n\n<p>Si vous nous fournissez des donn\u00e9es via le formulaire de contact, vous serez identifi\u00e9 afin que nous puissions vous contacter si n\u00e9cessaire.<\/p>\n\n\n\n<p><strong>\u00c0 quelles fins allons-nous traiter vos donn\u00e9es personnelles ?<\/strong><\/p>\n\n\n\n<ul>\n<li>R\u00e9pondre \u00e0 vos questions, demandes ou requ\u00eates.<\/li>\n\n\n\n<li>G\u00e9rer le service demand\u00e9, r\u00e9pondre \u00e0 votre demande ou traiter votre requ\u00eate.<\/li>\n\n\n\n<li>Informations par voie \u00e9lectronique, en lien avec votre demande.<\/li>\n\n\n\n<li>Informations commerciales ou \u00e9v\u00e9nements par voie \u00e9lectronique, \u00e0 condition qu\u2019il y ait une autorisation expresse.<\/li>\n\n\n\n<li>R\u00e9aliser des analyses et des am\u00e9liorations sur le site Web, concernant nos produits et services.&nbsp; Am\u00e9liorer notre strat\u00e9gie commerciale.<\/li>\n<\/ul>\n\n\n\n<p><strong>Quelle est la base l\u00e9gale du traitement de vos donn\u00e9es ?<\/strong><\/p>\n\n\n\n<p>L\u2019acceptation et le consentement de l\u2019int\u00e9ress\u00e9 : dans les cas o\u00f9 il est n\u00e9cessaire de remplir un formulaire et de cliquer sur le bouton envoyer pour effectuer une demande, cette action impliquera n\u00e9cessairement que vous avez \u00e9t\u00e9 inform\u00e9 et avez express\u00e9ment consenti au contenu de la clause annex\u00e9e audit formulaire ou \u00e0 l\u2019acceptation de la politique de confidentialit\u00e9.<\/p>\n\n\n\n<p>Tous nos formulaires comportent le symbole * pour les champs obligatoires. Si vous ne fournissez pas ces champs, ou si vous ne cochez pas la case d\u2019acceptation de la politique de confidentialit\u00e9, l\u2019envoi des informations ne sera pas autoris\u00e9. Normalement, la formule est la suivante : \u201c\u25a1 J\u2019ai plus de 14 ans et j\u2019ai lu et j\u2019accepte la Politique de confidentialit\u00e9.\u201d<\/p>\n","protected":false},"excerpt":{"rendered":"<p>Conform\u00e9ment aux obligations \u00e9tablies dans la Loi Organique 3\/2018, du 5 d\u00e9cembre, relative \u00e0 la Protection des Donn\u00e9es Personnelles et \u00e0 la Garantie des Droits Num\u00e9riques, les informations relatives au traitement de vos donn\u00e9es personnelles vous sont fournies : Qui est le responsable du traitement de vos donn\u00e9es ? TOP30, S.L..&nbsp; CIF: B33368853 Adresse : PG de Maqua-Fase II-Naves 18 19, Gozon, 33440, Asturies. T\u00e9l. : 607735836 Email : protecciondedatos@ep-centers.com Site web : www.climbat.com Vous pouvez nous contacter par tout moyen de communication indiqu\u00e9. Nous nous r\u00e9servons le droit de modifier ou d\u2019adapter la pr\u00e9sente Politique de Confidentialit\u00e9 \u00e0 tout moment. Nous vous recommandons de la consulter r\u00e9guli\u00e8rement, et si vous \u00eates inscrit et acc\u00e9dez \u00e0 votre compte ou profil, vous serez inform\u00e9 des modifications. Si vous appartenez \u00e0 l\u2019un des groupes suivants, consultez les informations correspondantes : &nbsp;&nbsp;&nbsp;&nbsp;&nbsp;&nbsp;&nbsp;&nbsp;&nbsp;&nbsp;&nbsp; + CONTACTS DU SITE WEB OU PAR COURRIEL Quelles donn\u00e9es recueillons-nous via le site Web ? Nous pouvons traiter votre adresse IP, le syst\u00e8me d\u2019exploitation ou le navigateur que vous utilisez, et m\u00eame la dur\u00e9e de votre visite, de mani\u00e8re anonyme. Si vous nous fournissez des donn\u00e9es via le formulaire de contact, vous serez identifi\u00e9 afin que nous puissions vous contacter&#8230;<\/p>\n","protected":false},"author":2,"featured_media":0,"parent":0,"menu_order":0,"comment_status":"closed","ping_status":"closed","template":"","meta":{"footnotes":""},"categoria_centro":[],"acf":[],"yoast_head":"<!-- This site is optimized with the Yoast SEO plugin v22.5 - https:\/\/yoast.com\/wordpress\/plugins\/seo\/ -->\n<title>Politique de confidentialit\u00e9 \u2013 Climbat France<\/title>\n<meta name=\"description\" content=\"D\u00e9couvrez comment Climbat traite vos donn\u00e9es personnelles, garantit votre confidentialit\u00e9 et s\u00e9curise votre exp\u00e9rience.\" \/>\n<meta name=\"robots\" content=\"index, follow, max-snippet:-1, max-image-preview:large, max-video-preview:-1\" \/>\n<link rel=\"canonical\" href=\"https:\/\/climbat.com\/fr\/politique-de-confidentialite\/\" \/>\n<meta property=\"og:locale\" content=\"fr_FR\" \/>\n<meta property=\"og:type\" content=\"article\" \/>\n<meta property=\"og:title\" content=\"Politique de confidentialit\u00e9 \u2013 Climbat France\" \/>\n<meta property=\"og:description\" content=\"D\u00e9couvrez comment Climbat traite vos donn\u00e9es personnelles, garantit votre confidentialit\u00e9 et s\u00e9curise votre exp\u00e9rience.\" \/>\n<meta property=\"og:url\" content=\"https:\/\/climbat.com\/fr\/politique-de-confidentialite\/\" \/>\n<meta property=\"og:site_name\" content=\"Inicio - Climbat | Climbing gyms\" \/>\n<meta property=\"article:modified_time\" content=\"2025-11-20T12:30:09+00:00\" \/>\n<meta name=\"twitter:card\" content=\"summary_large_image\" \/>\n<meta name=\"twitter:label1\" content=\"Dur\u00e9e de lecture estim\u00e9e\" \/>\n\t<meta name=\"twitter:data1\" content=\"2 minutes\" \/>\n<script type=\"application\/ld+json\" class=\"yoast-schema-graph\">{\"@context\":\"https:\/\/schema.org\",\"@graph\":[{\"@type\":\"WebPage\",\"@id\":\"https:\/\/climbat.com\/fr\/politique-de-confidentialite\/\",\"url\":\"https:\/\/climbat.com\/fr\/politique-de-confidentialite\/\",\"name\":\"Politique de confidentialit\u00e9 \u2013 Climbat France\",\"isPartOf\":{\"@id\":\"https:\/\/climbat.com\/#website\"},\"datePublished\":\"2025-10-11T08:27:05+00:00\",\"dateModified\":\"2025-11-20T12:30:09+00:00\",\"description\":\"D\u00e9couvrez comment Climbat traite vos donn\u00e9es personnelles, garantit votre confidentialit\u00e9 et s\u00e9curise votre exp\u00e9rience.\",\"breadcrumb\":{\"@id\":\"https:\/\/climbat.com\/fr\/politique-de-confidentialite\/#breadcrumb\"},\"inLanguage\":\"fr-FR\",\"potentialAction\":[{\"@type\":\"ReadAction\",\"target\":[\"https:\/\/climbat.com\/fr\/politique-de-confidentialite\/\"]}]},{\"@type\":\"BreadcrumbList\",\"@id\":\"https:\/\/climbat.com\/fr\/politique-de-confidentialite\/#breadcrumb\",\"itemListElement\":[{\"@type\":\"ListItem\",\"position\":1,\"name\":\"Portada\",\"item\":\"https:\/\/climbat.com\/fr\/\"},{\"@type\":\"ListItem\",\"position\":2,\"name\":\"Politique de confidentialit\u00e9\"}]},{\"@type\":\"WebSite\",\"@id\":\"https:\/\/climbat.com\/#website\",\"url\":\"https:\/\/climbat.com\/\",\"name\":\"Inicio - Climbat | Climbing gyms\",\"description\":\"Climbat es referente en el mundo de la escalada como operador de salas de escalada orientados a p\u00fablicos de todos los niveles\",\"potentialAction\":[{\"@type\":\"SearchAction\",\"target\":{\"@type\":\"EntryPoint\",\"urlTemplate\":\"https:\/\/climbat.com\/?s={search_term_string}\"},\"query-input\":\"required name=search_term_string\"}],\"inLanguage\":\"fr-FR\"}]}<\/script>\n<!-- \/ Yoast SEO plugin. -->","yoast_head_json":{"title":"Politique de confidentialit\u00e9 \u2013 Climbat France","description":"D\u00e9couvrez comment Climbat traite vos donn\u00e9es personnelles, garantit votre confidentialit\u00e9 et s\u00e9curise votre exp\u00e9rience.","robots":{"index":"index","follow":"follow","max-snippet":"max-snippet:-1","max-image-preview":"max-image-preview:large","max-video-preview":"max-video-preview:-1"},"canonical":"https:\/\/climbat.com\/fr\/politique-de-confidentialite\/","og_locale":"fr_FR","og_type":"article","og_title":"Politique de confidentialit\u00e9 \u2013 Climbat France","og_description":"D\u00e9couvrez comment Climbat traite vos donn\u00e9es personnelles, garantit votre confidentialit\u00e9 et s\u00e9curise votre exp\u00e9rience.","og_url":"https:\/\/climbat.com\/fr\/politique-de-confidentialite\/","og_site_name":"Inicio - Climbat | Climbing gyms","article_modified_time":"2025-11-20T12:30:09+00:00","twitter_card":"summary_large_image","twitter_misc":{"Dur\u00e9e de lecture estim\u00e9e":"2 minutes"},"schema":{"@context":"https:\/\/schema.org","@graph":[{"@type":"WebPage","@id":"https:\/\/climbat.com\/fr\/politique-de-confidentialite\/","url":"https:\/\/climbat.com\/fr\/politique-de-confidentialite\/","name":"Politique de confidentialit\u00e9 \u2013 Climbat France","isPartOf":{"@id":"https:\/\/climbat.com\/#website"},"datePublished":"2025-10-11T08:27:05+00:00","dateModified":"2025-11-20T12:30:09+00:00","description":"D\u00e9couvrez comment Climbat traite vos donn\u00e9es personnelles, garantit votre confidentialit\u00e9 et s\u00e9curise votre exp\u00e9rience.","breadcrumb":{"@id":"https:\/\/climbat.com\/fr\/politique-de-confidentialite\/#breadcrumb"},"inLanguage":"fr-FR","potentialAction":[{"@type":"ReadAction","target":["https:\/\/climbat.com\/fr\/politique-de-confidentialite\/"]}]},{"@type":"BreadcrumbList","@id":"https:\/\/climbat.com\/fr\/politique-de-confidentialite\/#breadcrumb","itemListElement":[{"@type":"ListItem","position":1,"name":"Portada","item":"https:\/\/climbat.com\/fr\/"},{"@type":"ListItem","position":2,"name":"Politique de confidentialit\u00e9"}]},{"@type":"WebSite","@id":"https:\/\/climbat.com\/#website","url":"https:\/\/climbat.com\/","name":"Inicio - Climbat | Climbing gyms","description":"Climbat es referente en el mundo de la escalada como operador de salas de escalada orientados a p\u00fablicos de todos los niveles","potentialAction":[{"@type":"SearchAction","target":{"@type":"EntryPoint","urlTemplate":"https:\/\/climbat.com\/?s={search_term_string}"},"query-input":"required name=search_term_string"}],"inLanguage":"fr-FR"}]}},"_links":{"self":[{"href":"https:\/\/climbat.com\/fr\/wp-json\/wp\/v2\/pages\/47676"}],"collection":[{"href":"https:\/\/climbat.com\/fr\/wp-json\/wp\/v2\/pages"}],"about":[{"href":"https:\/\/climbat.com\/fr\/wp-json\/wp\/v2\/types\/page"}],"author":[{"embeddable":true,"href":"https:\/\/climbat.com\/fr\/wp-json\/wp\/v2\/users\/2"}],"replies":[{"embeddable":true,"href":"https:\/\/climbat.com\/fr\/wp-json\/wp\/v2\/comments?post=47676"}],"version-history":[{"count":0,"href":"https:\/\/climbat.com\/fr\/wp-json\/wp\/v2\/pages\/47676\/revisions"}],"wp:attachment":[{"href":"https:\/\/climbat.com\/fr\/wp-json\/wp\/v2\/media?parent=47676"}],"wp:term":[{"taxonomy":"categoria_centro","embeddable":true,"href":"https:\/\/climbat.com\/fr\/wp-json\/wp\/v2\/categoria_centro?post=47676"}],"curies":[{"name":"wp","href":"https:\/\/api.w.org\/{rel}","templated":true}]}}