{"id":28427,"date":"2025-10-11T05:55:15","date_gmt":"2025-10-11T05:55:15","guid":{"rendered":"https:\/\/climbat.com\/buy-gif-card-x-madrid\/"},"modified":"2022-07-07T12:52:14","modified_gmt":"2022-07-07T12:52:14","slug":"buy-gif-card-x-madrid","status":"publish","type":"page","link":"https:\/\/climbat.com\/fr\/buy-gif-card-x-madrid\/","title":{"rendered":"Acheter une carte Gif &#8211; X-Madrid"},"content":{"rendered":"<div class=\"wpb-content-wrapper\"><section class=\"vc_row wpb_row vc_row-fluid\"><div class=\"wpb_column vc_column_container vc_col-sm-12  col-xs-mobile-fullwidth text-center md-text-center sm-text-center xs-text-center\"><div class=\"vc_column-inner \"><div class=\"wpb_wrapper\"><span class=\"text-extra-dark-gray margin-20px-bottom font-weight-600 home-title-climbat-social display-inline-block alt-font text-uppercase heading-style2  heading-1\" >CARTE-CADEAU CLIMBAT X-MADRID<\/span><div class=\"last-paragraph-no-margin\"><h5 style=\"text-align: center;\"><strong>D\u00c9COUVREZ LA CARTE CADEAU CLIMBAT, LA MEILLEURE OPTION SI VOUS AIMEZ SURPRENDRE VOS PROCHES AVEC QUELQUE CHOSE DE DIFF\u00c9RENT.<\/strong><\/h5>\n<p style=\"text-align: center;\">Si vous cherchez un cadeau diff\u00e9rent pour toute la famille, Climbat est votre meilleur choix. Offrez l&rsquo;escalade en cadeau et faites vivre \u00e0 vos proches une exp\u00e9rience inoubliable.<\/p>\n<\/div><div class=\"last-paragraph-no-margin\"><div class=\"widget-iframe-content\" style=\"text-align: center;\" data-event-id=\"892e1ad2\" data-app-url=\"https:\/\/www.ticketself.com\/\" data-event-url=\"https:\/\/www.ticketself.com\/event\/892e1ad2?widget=1&amp;widconf=438\">Achetez vos billets ici<\/div>\n<\/div><\/div><\/div><\/div><\/section>\n<\/div>","protected":false},"excerpt":{"rendered":"CARTE-CADEAU CLIMBAT X-MADRIDD\u00c9COUVREZ LA CARTE CADEAU CLIMBAT, LA MEILLEURE OPTION SI VOUS AIMEZ SURPRENDRE VOS PROCHES AVEC QUELQUE CHOSE DE DIFF\u00c9RENT. Si vous cherchez un cadeau diff\u00e9rent pour toute la famille, Climbat est votre meilleur choix. Offrez l'escalade en cadeau et faites vivre \u00e0 vos proches une exp\u00e9rience inoubliable. Achetez vos billets ici","protected":false},"author":2,"featured_media":0,"parent":0,"menu_order":0,"comment_status":"closed","ping_status":"closed","template":"","meta":{"footnotes":""},"categoria_centro":[],"acf":[],"yoast_head":"<!-- This site is optimized with the Yoast SEO plugin v22.5 - https:\/\/yoast.com\/wordpress\/plugins\/seo\/ -->\n<title>Acheter une carte Gif - X-Madrid - Inicio - Climbat | Climbing gyms<\/title>\n<meta name=\"robots\" content=\"index, follow, max-snippet:-1, max-image-preview:large, max-video-preview:-1\" \/>\n<link rel=\"canonical\" href=\"https:\/\/climbat.com\/fr\/buy-gif-card-x-madrid\/\" \/>\n<meta property=\"og:locale\" content=\"fr_FR\" \/>\n<meta property=\"og:type\" content=\"article\" \/>\n<meta property=\"og:title\" content=\"Acheter une carte Gif - X-Madrid - Inicio - Climbat | Climbing gyms\" \/>\n<meta property=\"og:url\" content=\"https:\/\/climbat.com\/fr\/buy-gif-card-x-madrid\/\" \/>\n<meta property=\"og:site_name\" content=\"Inicio - Climbat | Climbing gyms\" \/>\n<meta property=\"article:modified_time\" content=\"2022-07-07T12:52:14+00:00\" \/>\n<meta name=\"twitter:card\" content=\"summary_large_image\" \/>\n<meta name=\"twitter:label1\" content=\"Dur\u00e9e de lecture estim\u00e9e\" \/>\n\t<meta name=\"twitter:data1\" content=\"1 minute\" \/>\n<script type=\"application\/ld+json\" class=\"yoast-schema-graph\">{\"@context\":\"https:\/\/schema.org\",\"@graph\":[{\"@type\":\"WebPage\",\"@id\":\"https:\/\/climbat.com\/fr\/buy-gif-card-x-madrid\/\",\"url\":\"https:\/\/climbat.com\/fr\/buy-gif-card-x-madrid\/\",\"name\":\"Acheter une carte Gif - X-Madrid - Inicio - Climbat | Climbing gyms\",\"isPartOf\":{\"@id\":\"https:\/\/climbat.com\/#website\"},\"datePublished\":\"2025-10-11T05:55:15+00:00\",\"dateModified\":\"2022-07-07T12:52:14+00:00\",\"breadcrumb\":{\"@id\":\"https:\/\/climbat.com\/fr\/buy-gif-card-x-madrid\/#breadcrumb\"},\"inLanguage\":\"fr-FR\",\"potentialAction\":[{\"@type\":\"ReadAction\",\"target\":[\"https:\/\/climbat.com\/fr\/buy-gif-card-x-madrid\/\"]}]},{\"@type\":\"BreadcrumbList\",\"@id\":\"https:\/\/climbat.com\/fr\/buy-gif-card-x-madrid\/#breadcrumb\",\"itemListElement\":[{\"@type\":\"ListItem\",\"position\":1,\"name\":\"Portada\",\"item\":\"https:\/\/climbat.com\/fr\/\"},{\"@type\":\"ListItem\",\"position\":2,\"name\":\"Acheter une carte Gif &#8211; X-Madrid\"}]},{\"@type\":\"WebSite\",\"@id\":\"https:\/\/climbat.com\/#website\",\"url\":\"https:\/\/climbat.com\/\",\"name\":\"Inicio - Climbat | Climbing gyms\",\"description\":\"Climbat es referente en el mundo de la escalada como operador de salas de escalada orientados a p\u00fablicos de todos los niveles\",\"potentialAction\":[{\"@type\":\"SearchAction\",\"target\":{\"@type\":\"EntryPoint\",\"urlTemplate\":\"https:\/\/climbat.com\/?s={search_term_string}\"},\"query-input\":\"required name=search_term_string\"}],\"inLanguage\":\"fr-FR\"}]}<\/script>\n<!-- \/ Yoast SEO plugin. -->","yoast_head_json":{"title":"Acheter une carte Gif - X-Madrid - Inicio - Climbat | Climbing gyms","robots":{"index":"index","follow":"follow","max-snippet":"max-snippet:-1","max-image-preview":"max-image-preview:large","max-video-preview":"max-video-preview:-1"},"canonical":"https:\/\/climbat.com\/fr\/buy-gif-card-x-madrid\/","og_locale":"fr_FR","og_type":"article","og_title":"Acheter une carte Gif - X-Madrid - Inicio - Climbat | Climbing gyms","og_url":"https:\/\/climbat.com\/fr\/buy-gif-card-x-madrid\/","og_site_name":"Inicio - Climbat | Climbing gyms","article_modified_time":"2022-07-07T12:52:14+00:00","twitter_card":"summary_large_image","twitter_misc":{"Dur\u00e9e de lecture estim\u00e9e":"1 minute"},"schema":{"@context":"https:\/\/schema.org","@graph":[{"@type":"WebPage","@id":"https:\/\/climbat.com\/fr\/buy-gif-card-x-madrid\/","url":"https:\/\/climbat.com\/fr\/buy-gif-card-x-madrid\/","name":"Acheter une carte Gif - X-Madrid - Inicio - Climbat | Climbing gyms","isPartOf":{"@id":"https:\/\/climbat.com\/#website"},"datePublished":"2025-10-11T05:55:15+00:00","dateModified":"2022-07-07T12:52:14+00:00","breadcrumb":{"@id":"https:\/\/climbat.com\/fr\/buy-gif-card-x-madrid\/#breadcrumb"},"inLanguage":"fr-FR","potentialAction":[{"@type":"ReadAction","target":["https:\/\/climbat.com\/fr\/buy-gif-card-x-madrid\/"]}]},{"@type":"BreadcrumbList","@id":"https:\/\/climbat.com\/fr\/buy-gif-card-x-madrid\/#breadcrumb","itemListElement":[{"@type":"ListItem","position":1,"name":"Portada","item":"https:\/\/climbat.com\/fr\/"},{"@type":"ListItem","position":2,"name":"Acheter une carte Gif &#8211; X-Madrid"}]},{"@type":"WebSite","@id":"https:\/\/climbat.com\/#website","url":"https:\/\/climbat.com\/","name":"Inicio - Climbat | Climbing gyms","description":"Climbat es referente en el mundo de la escalada como operador de salas de escalada orientados a p\u00fablicos de todos los niveles","potentialAction":[{"@type":"SearchAction","target":{"@type":"EntryPoint","urlTemplate":"https:\/\/climbat.com\/?s={search_term_string}"},"query-input":"required name=search_term_string"}],"inLanguage":"fr-FR"}]}},"_links":{"self":[{"href":"https:\/\/climbat.com\/fr\/wp-json\/wp\/v2\/pages\/28427"}],"collection":[{"href":"https:\/\/climbat.com\/fr\/wp-json\/wp\/v2\/pages"}],"about":[{"href":"https:\/\/climbat.com\/fr\/wp-json\/wp\/v2\/types\/page"}],"author":[{"embeddable":true,"href":"https:\/\/climbat.com\/fr\/wp-json\/wp\/v2\/users\/2"}],"replies":[{"embeddable":true,"href":"https:\/\/climbat.com\/fr\/wp-json\/wp\/v2\/comments?post=28427"}],"version-history":[{"count":0,"href":"https:\/\/climbat.com\/fr\/wp-json\/wp\/v2\/pages\/28427\/revisions"}],"wp:attachment":[{"href":"https:\/\/climbat.com\/fr\/wp-json\/wp\/v2\/media?parent=28427"}],"wp:term":[{"taxonomy":"categoria_centro","embeddable":true,"href":"https:\/\/climbat.com\/fr\/wp-json\/wp\/v2\/categoria_centro?post=28427"}],"curies":[{"name":"wp","href":"https:\/\/api.w.org\/{rel}","templated":true}]}}