{"id":26013,"date":"2025-10-11T10:09:37","date_gmt":"2025-10-11T10:09:37","guid":{"rendered":"https:\/\/climbat.com\/contact\/"},"modified":"2025-11-20T12:10:06","modified_gmt":"2025-11-20T12:10:06","slug":"contact","status":"publish","type":"page","link":"https:\/\/climbat.com\/fr\/contact\/","title":{"rendered":"Contact"},"content":{"rendered":"<div class=\"wpb-content-wrapper\"><section data-vc-full-width=\"true\" data-vc-full-width-init=\"false\" class=\"vc_row wpb_row vc_row-fluid   pofo-stretch-content pofo-stretch-row-container\"><div class=\"wpb_column vc_column_container vc_col-sm-1 vc_col-lg-2 vc_col-md-2 vc_hidden-xs col-xs-mobile-fullwidth\"><div class=\"vc_column-inner \"><div class=\"wpb_wrapper\"><\/div><\/div><\/div><div class=\"wpb_column vc_column_container vc_col-sm-10 vc_col-lg-8 vc_col-md-8 col-xs-mobile-fullwidth text-center\"><div class=\"vc_column-inner \"><div class=\"wpb_wrapper\"><div class=\"text-medium-gray text-small margin-5px-bottom alt-font text-uppercase heading-style4  vc_custom_1649849370161  heading-1\"  style=\"color: #f7c520;\">Chez Climbat, vous trouverez plus qu'un simple centre d'escalade.<\/div><h5 class=\"text-extra-dark-gray margin-20px-bottom font-weight-600 display-inline-block alt-font heading-style2  heading-2\" >Contactez votre Climbat le plus proche<\/h5><\/div><\/div><\/div><div class=\"wpb_column vc_column_container vc_col-sm-1 vc_col-lg-2 vc_col-md-2 vc_hidden-xs col-xs-mobile-fullwidth\"><div class=\"vc_column-inner \"><div class=\"wpb_wrapper\"><\/div><\/div><\/div><\/section><div class=\"vc_row-full-width vc_clearfix\"><\/div><section data-vc-full-width=\"true\" data-vc-full-width-init=\"false\" data-vc-stretch-content=\"true\" class=\"vc_row wpb_row vc_row-fluid  vc_custom_1507613170048 wow fadeIn pofo-stretch-content vc_row-no-padding\"><div class=\"wpb_column vc_column_container vc_col-sm-2  col-xs-mobile-fullwidth\"><div class=\"vc_column-inner \"><div class=\"wpb_wrapper\"><\/div><\/div><\/div><div class=\"wpb_column vc_column_container vc_col-sm-8  col-xs-mobile-fullwidth\"><div class=\"vc_column-inner \"><div class=\"wpb_wrapper\">\n<div class=\"wpcf7 no-js\" id=\"wpcf7-f28267-o1\" lang=\"fr-FR\" dir=\"ltr\">\n<div class=\"screen-reader-response\"><p role=\"status\" aria-live=\"polite\" aria-atomic=\"true\"><\/p> <ul><\/ul><\/div>\n<form action=\"\/fr\/wp-json\/wp\/v2\/pages\/26013#wpcf7-f28267-o1\" method=\"post\" class=\"wpcf7-form init\" aria-label=\"Formulaire de contact\" novalidate=\"novalidate\" data-status=\"init\">\n<div style=\"display: none;\">\n<input type=\"hidden\" name=\"_wpcf7\" value=\"28267\" \/>\n<input type=\"hidden\" name=\"_wpcf7_version\" value=\"5.9.8\" \/>\n<input type=\"hidden\" name=\"_wpcf7_locale\" value=\"fr_FR\" \/>\n<input type=\"hidden\" name=\"_wpcf7_unit_tag\" value=\"wpcf7-f28267-o1\" \/>\n<input type=\"hidden\" name=\"_wpcf7_container_post\" value=\"0\" \/>\n<input type=\"hidden\" name=\"_wpcf7_posted_data_hash\" value=\"\" \/>\n<input type=\"hidden\" name=\"_wpcf7_recaptcha_response\" value=\"\" \/>\n<\/div>\n<div class=\"row\">\n\t<div class=\"col-md-6\">\n\t\t<p><span class=\"wpcf7-form-control-wrap\" data-name=\"nombre\"><input size=\"40\" maxlength=\"400\" class=\"wpcf7-form-control wpcf7-text wpcf7-validates-as-required big-input input-form\" aria-required=\"true\" aria-invalid=\"false\" placeholder=\"Nom\" value=\"\" type=\"text\" name=\"nombre\" \/><\/span>\n\t\t<\/p>\n\t<\/div>\n\t<div class=\"col-md-6\">\n\t\t<p><span class=\"wpcf7-form-control-wrap\" data-name=\"apellido\"><input size=\"40\" maxlength=\"400\" class=\"wpcf7-form-control wpcf7-text big-input input-form\" aria-invalid=\"false\" placeholder=\"Noms de famille\" value=\"\" type=\"text\" name=\"apellido\" \/><\/span>\n\t\t<\/p>\n\t<\/div>\n\t<div class=\"col-md-6\">\n\t\t<p><span class=\"wpcf7-form-control-wrap\" data-name=\"telefono\"><input size=\"40\" maxlength=\"400\" class=\"wpcf7-form-control wpcf7-text wpcf7-validates-as-required big-input input-form\" aria-required=\"true\" aria-invalid=\"false\" placeholder=\"T\u00e9l\u00e9phone\" value=\"\" type=\"text\" name=\"telefono\" \/><\/span>\n\t\t<\/p>\n\t<\/div>\n\t<div class=\"col-md-6\">\n\t\t<p><span class=\"wpcf7-form-control-wrap\" data-name=\"email\"><input size=\"40\" maxlength=\"400\" class=\"wpcf7-form-control wpcf7-email wpcf7-validates-as-required wpcf7-text wpcf7-validates-as-email big-input input-form\" aria-required=\"true\" aria-invalid=\"false\" placeholder=\"Email\" value=\"\" type=\"email\" name=\"email\" \/><\/span>\n\t\t<\/p>\n\t<\/div>\n\t<div class=\"col-md-12\">\n\t\t<p><span class=\"wpcf7-form-control-wrap\" data-name=\"centros\"><select class=\"wpcf7-form-control wpcf7-select wpcf7-validates-as-required big-input input-form\" aria-required=\"true\" aria-invalid=\"false\" name=\"centros\"><option value=\"S\u00e9lectionnez un centre\">S\u00e9lectionnez un centre<\/option><option value=\"aviles@climbat.com\">AVIL\u00c9S - AVIL\u00c9S<\/option><option value=\"barakaldo@climbat.com\">BARAKALDO - BARAKALDO<\/option><option value=\"closduchene@climbat.com\">PARIS - CLOS DU CH\u00caNE<\/option><option value=\"lafoixarda@climbat.com\">BARCELONA - LA FOIXARDA<\/option><option value=\"thader@climbat.com\">MURCIA - THADER<\/option><option value=\"xmadrid@climbat.com\">MADRID - X-MADRID<\/option><option value=\"zaragoza@climbat.com\">ZARAGOZA - ZARAGOZA<\/option><\/select><\/span>\n\t\t<\/p>\n\t<\/div>\n\t<div class=\"col-md-12\">\n\t\t<p><select name='actividades' class=\"big-input input-form placeholder\">\n<option value=\"R\u00e9servation ou plus d'informations sur l'\u00e9cole d'escalade\">R\u00e9servation ou plus d'informations sur l'\u00e9cole d'escalade<\/option>\n<option value=\"R\u00e9servation ou plus d'informations sur les camps\">R\u00e9servation ou plus d'informations sur les camps<\/option>\n<option value=\"R\u00e9servation ou plus d'informations sur les anniversaires\">R\u00e9servation ou plus d'informations sur les anniversaires<\/option>\n<option value=\"R\u00e9servation ou plus d'informations sur les cours, groupes d'entra\u00eenement, ateliers ou cours personnalis\u00e9s\">R\u00e9servation ou plus d'informations sur les cours, groupes d'entra\u00eenement, ateliers ou cours personnalis\u00e9s<\/option>\n<option value=\"R\u00e9servation ou plus d'informations sur les activit\u00e9s de groupe\">R\u00e9servation ou plus d'informations sur les activit\u00e9s de groupe<\/option>\n<option value=\"Informations sur les \u00e9v\u00e9nements\">Informations sur les \u00e9v\u00e9nements<\/option>\n<option value=\"Autres demandes\">Autres demandes<\/option>\n<\/select>\n\t\t<\/p>\n\t<\/div>\n\t<div class=\"col-md-12\">\n\t\t<p><span class=\"wpcf7-form-control-wrap\" data-name=\"consulta\"><textarea cols=\"40\" rows=\"10\" maxlength=\"2000\" class=\"wpcf7-form-control wpcf7-textarea big-input input-form\" aria-invalid=\"false\" placeholder=\"Message\" name=\"consulta\"><\/textarea><\/span>\n\t\t<\/p>\n\t<\/div>\n\t<div class=\"col-md-12\">\n\t\t<p><span>*<\/span> Les champs sont obligatoires\n\t\t<\/p>\n\t<\/div>\n\t<div class=\"col-md-12\">\n\t\t<p><span class=\"wpcf7-form-control-wrap\" data-name=\"acepto-politicas\"><span class=\"wpcf7-form-control wpcf7-acceptance\"><span class=\"wpcf7-list-item\"><label><input type=\"checkbox\" name=\"acepto-politicas\" value=\"1\" class=\"big-input input-form\" aria-invalid=\"false\" \/><span class=\"wpcf7-list-item-label\">Cliquez pour accepter la politique de confidentialit\u00e9<\/span><\/label><\/span><\/span><\/span>\n\t\t<\/p>\n\t<\/div>\n\t<p><input class=\"wpcf7-form-control wpcf7-submit has-spinner btn btn_reservar_tab btn-large\" type=\"submit\" value=\"Envoyer\" \/>\n\t<\/p>\n<\/div><div class=\"wpcf7-response-output\" aria-hidden=\"true\"><\/div>\n<\/form>\n<\/div>\n<\/div><\/div><\/div><div class=\"wpb_column vc_column_container vc_col-sm-2  col-xs-mobile-fullwidth\"><div class=\"vc_column-inner \"><div class=\"wpb_wrapper\"><\/div><\/div><\/div><\/section><div class=\"vc_row-full-width vc_clearfix\"><\/div>\n<\/div>","protected":false},"excerpt":{"rendered":"Chez Climbat, vous trouverez plus qu'un simple centre d'escalade.Contactez votre Climbat le plus proche S\u00e9lectionnez un centreAVIL\u00c9S - AVIL\u00c9SBARAKALDO - BARAKALDOPARIS - CLOS DU CH\u00caNEBARCELONA - LA FOIXARDAMURCIA - THADERMADRID - X-MADRIDZARAGOZA - ZARAGOZA R\u00e9servation ou plus d'informations sur l'\u00e9cole d'escalade R\u00e9servation ou plus d'informations sur les camps R\u00e9servation ou plus d'informations sur les anniversaires R\u00e9servation ou plus d'informations sur les cours, groupes d'entra\u00eenement, ateliers ou cours personnalis\u00e9s R\u00e9servation ou plus d'informations sur les activit\u00e9s de groupe Informations sur les \u00e9v\u00e9nements Autres demandes * Les champs sont obligatoires Cliquez pour accepter la politique de confidentialit\u00e9","protected":false},"author":1,"featured_media":0,"parent":0,"menu_order":0,"comment_status":"closed","ping_status":"closed","template":"","meta":{"footnotes":""},"categoria_centro":[],"acf":[],"yoast_head":"<!-- This site is optimized with the Yoast SEO plugin v22.5 - https:\/\/yoast.com\/wordpress\/plugins\/seo\/ -->\n<title>Contactez Climbat \u2013 centres d\u2019escalade &amp; loisirs en France<\/title>\n<meta name=\"description\" content=\"Besoin d\u2019infos ? Contactez Climbat pour r\u00e9servations, cours d\u2019escalade, anniversaires ou groupes ; notre \u00e9quipe vous r\u00e9pond vite.\" \/>\n<meta name=\"robots\" content=\"index, follow, max-snippet:-1, max-image-preview:large, max-video-preview:-1\" \/>\n<link rel=\"canonical\" href=\"https:\/\/climbat.com\/fr\/contact\/\" \/>\n<meta property=\"og:locale\" content=\"fr_FR\" \/>\n<meta property=\"og:type\" content=\"article\" \/>\n<meta property=\"og:title\" content=\"Contactez Climbat \u2013 centres d\u2019escalade &amp; loisirs en France\" \/>\n<meta property=\"og:description\" content=\"Besoin d\u2019infos ? Contactez Climbat pour r\u00e9servations, cours d\u2019escalade, anniversaires ou groupes ; notre \u00e9quipe vous r\u00e9pond vite.\" \/>\n<meta property=\"og:url\" content=\"https:\/\/climbat.com\/fr\/contact\/\" \/>\n<meta property=\"og:site_name\" content=\"Inicio - Climbat | Climbing gyms\" \/>\n<meta property=\"article:modified_time\" content=\"2025-11-20T12:10:06+00:00\" \/>\n<meta name=\"twitter:card\" content=\"summary_large_image\" \/>\n<meta name=\"twitter:label1\" content=\"Dur\u00e9e de lecture estim\u00e9e\" \/>\n\t<meta name=\"twitter:data1\" content=\"1 minute\" \/>\n<script type=\"application\/ld+json\" class=\"yoast-schema-graph\">{\"@context\":\"https:\/\/schema.org\",\"@graph\":[{\"@type\":\"WebPage\",\"@id\":\"https:\/\/climbat.com\/fr\/contact\/\",\"url\":\"https:\/\/climbat.com\/fr\/contact\/\",\"name\":\"Contactez Climbat \u2013 centres d\u2019escalade & loisirs en France\",\"isPartOf\":{\"@id\":\"https:\/\/climbat.com\/#website\"},\"datePublished\":\"2025-10-11T10:09:37+00:00\",\"dateModified\":\"2025-11-20T12:10:06+00:00\",\"description\":\"Besoin d\u2019infos ? Contactez Climbat pour r\u00e9servations, cours d\u2019escalade, anniversaires ou groupes ; notre \u00e9quipe vous r\u00e9pond vite.\",\"breadcrumb\":{\"@id\":\"https:\/\/climbat.com\/fr\/contact\/#breadcrumb\"},\"inLanguage\":\"fr-FR\",\"potentialAction\":[{\"@type\":\"ReadAction\",\"target\":[\"https:\/\/climbat.com\/fr\/contact\/\"]}]},{\"@type\":\"BreadcrumbList\",\"@id\":\"https:\/\/climbat.com\/fr\/contact\/#breadcrumb\",\"itemListElement\":[{\"@type\":\"ListItem\",\"position\":1,\"name\":\"Portada\",\"item\":\"https:\/\/climbat.com\/fr\/\"},{\"@type\":\"ListItem\",\"position\":2,\"name\":\"Contact\"}]},{\"@type\":\"WebSite\",\"@id\":\"https:\/\/climbat.com\/#website\",\"url\":\"https:\/\/climbat.com\/\",\"name\":\"Inicio - Climbat | Climbing gyms\",\"description\":\"Climbat es referente en el mundo de la escalada como operador de salas de escalada orientados a p\u00fablicos de todos los niveles\",\"potentialAction\":[{\"@type\":\"SearchAction\",\"target\":{\"@type\":\"EntryPoint\",\"urlTemplate\":\"https:\/\/climbat.com\/?s={search_term_string}\"},\"query-input\":\"required name=search_term_string\"}],\"inLanguage\":\"fr-FR\"}]}<\/script>\n<!-- \/ Yoast SEO plugin. -->","yoast_head_json":{"title":"Contactez Climbat \u2013 centres d\u2019escalade & loisirs en France","description":"Besoin d\u2019infos ? Contactez Climbat pour r\u00e9servations, cours d\u2019escalade, anniversaires ou groupes ; notre \u00e9quipe vous r\u00e9pond vite.","robots":{"index":"index","follow":"follow","max-snippet":"max-snippet:-1","max-image-preview":"max-image-preview:large","max-video-preview":"max-video-preview:-1"},"canonical":"https:\/\/climbat.com\/fr\/contact\/","og_locale":"fr_FR","og_type":"article","og_title":"Contactez Climbat \u2013 centres d\u2019escalade & loisirs en France","og_description":"Besoin d\u2019infos ? Contactez Climbat pour r\u00e9servations, cours d\u2019escalade, anniversaires ou groupes ; notre \u00e9quipe vous r\u00e9pond vite.","og_url":"https:\/\/climbat.com\/fr\/contact\/","og_site_name":"Inicio - Climbat | Climbing gyms","article_modified_time":"2025-11-20T12:10:06+00:00","twitter_card":"summary_large_image","twitter_misc":{"Dur\u00e9e de lecture estim\u00e9e":"1 minute"},"schema":{"@context":"https:\/\/schema.org","@graph":[{"@type":"WebPage","@id":"https:\/\/climbat.com\/fr\/contact\/","url":"https:\/\/climbat.com\/fr\/contact\/","name":"Contactez Climbat \u2013 centres d\u2019escalade & loisirs en France","isPartOf":{"@id":"https:\/\/climbat.com\/#website"},"datePublished":"2025-10-11T10:09:37+00:00","dateModified":"2025-11-20T12:10:06+00:00","description":"Besoin d\u2019infos ? Contactez Climbat pour r\u00e9servations, cours d\u2019escalade, anniversaires ou groupes ; notre \u00e9quipe vous r\u00e9pond vite.","breadcrumb":{"@id":"https:\/\/climbat.com\/fr\/contact\/#breadcrumb"},"inLanguage":"fr-FR","potentialAction":[{"@type":"ReadAction","target":["https:\/\/climbat.com\/fr\/contact\/"]}]},{"@type":"BreadcrumbList","@id":"https:\/\/climbat.com\/fr\/contact\/#breadcrumb","itemListElement":[{"@type":"ListItem","position":1,"name":"Portada","item":"https:\/\/climbat.com\/fr\/"},{"@type":"ListItem","position":2,"name":"Contact"}]},{"@type":"WebSite","@id":"https:\/\/climbat.com\/#website","url":"https:\/\/climbat.com\/","name":"Inicio - Climbat | Climbing gyms","description":"Climbat es referente en el mundo de la escalada como operador de salas de escalada orientados a p\u00fablicos de todos los niveles","potentialAction":[{"@type":"SearchAction","target":{"@type":"EntryPoint","urlTemplate":"https:\/\/climbat.com\/?s={search_term_string}"},"query-input":"required name=search_term_string"}],"inLanguage":"fr-FR"}]}},"_links":{"self":[{"href":"https:\/\/climbat.com\/fr\/wp-json\/wp\/v2\/pages\/26013"}],"collection":[{"href":"https:\/\/climbat.com\/fr\/wp-json\/wp\/v2\/pages"}],"about":[{"href":"https:\/\/climbat.com\/fr\/wp-json\/wp\/v2\/types\/page"}],"author":[{"embeddable":true,"href":"https:\/\/climbat.com\/fr\/wp-json\/wp\/v2\/users\/1"}],"replies":[{"embeddable":true,"href":"https:\/\/climbat.com\/fr\/wp-json\/wp\/v2\/comments?post=26013"}],"version-history":[{"count":0,"href":"https:\/\/climbat.com\/fr\/wp-json\/wp\/v2\/pages\/26013\/revisions"}],"wp:attachment":[{"href":"https:\/\/climbat.com\/fr\/wp-json\/wp\/v2\/media?parent=26013"}],"wp:term":[{"taxonomy":"categoria_centro","embeddable":true,"href":"https:\/\/climbat.com\/fr\/wp-json\/wp\/v2\/categoria_centro?post=26013"}],"curies":[{"name":"wp","href":"https:\/\/api.w.org\/{rel}","templated":true}]}}