{"id":26007,"date":"2025-10-11T15:31:10","date_gmt":"2025-10-11T15:31:10","guid":{"rendered":"https:\/\/climbat.com\/qui-nous-sommes\/"},"modified":"2025-11-20T12:32:55","modified_gmt":"2025-11-20T12:32:55","slug":"qui-nous-sommes","status":"publish","type":"page","link":"https:\/\/climbat.com\/fr\/qui-nous-sommes\/","title":{"rendered":"QUI NOUS SOMMES"},"content":{"rendered":"<div class=\"wpb-content-wrapper\"><section data-vc-full-width=\"true\" data-vc-full-width-init=\"false\" data-vc-stretch-content=\"true\" class=\"vc_row wpb_row vc_row-fluid  vc_custom_1651420867412 overflow-visible pofo-stretch-content vc_row-no-padding\"><div class=\"wpb_column vc_column_container vc_col-sm-12  col-xs-mobile-fullwidth\"><div class=\"vc_column-inner \"><div class=\"wpb_wrapper\"><div id=\"pofo-image-slider-1\" class=\"swiper-container height-100 width-100 pofo-image-style10 pofo-image-slider-1  white-move text-title-page pofo-slider10 pofo-slider10-1\" data-slider-options=\"{&quot;keyboard&quot;:true,&quot;slidesPerView&quot;:1,&quot;autoplay&quot;:false}\"><div class=\"swiper-wrapper\"><div class=\"swiper-slide cover-background bg-image-srcset\" style=\"background-image:url(https:\/\/climbat.com\/wp-content\/uploads\/2024\/03\/WhatsApp-Image-2024-03-10-at-11.47.51.jpeg)\" data-bg-srcset=\"https:\/\/climbat.com\/wp-content\/uploads\/2024\/03\/WhatsApp-Image-2024-03-10-at-11.47.51.jpeg 1600w, https:\/\/climbat.com\/wp-content\/uploads\/2024\/03\/WhatsApp-Image-2024-03-10-at-11.47.51-300x200.jpeg 300w, https:\/\/climbat.com\/wp-content\/uploads\/2024\/03\/WhatsApp-Image-2024-03-10-at-11.47.51-1024x682.jpeg 1024w, https:\/\/climbat.com\/wp-content\/uploads\/2024\/03\/WhatsApp-Image-2024-03-10-at-11.47.51-768x512.jpeg 768w, https:\/\/climbat.com\/wp-content\/uploads\/2024\/03\/WhatsApp-Image-2024-03-10-at-11.47.51-1536x1023.jpeg 1536w, https:\/\/climbat.com\/wp-content\/uploads\/2024\/03\/WhatsApp-Image-2024-03-10-at-11.47.51-1157x771.jpeg 1157w, https:\/\/climbat.com\/wp-content\/uploads\/2024\/03\/WhatsApp-Image-2024-03-10-at-11.47.51-120x80.jpeg 120w, https:\/\/climbat.com\/wp-content\/uploads\/2024\/03\/WhatsApp-Image-2024-03-10-at-11.47.51-81x54.jpeg 81w\"><div class=\"bg-black bg-overlay\" style=\"opacity:0.7; background-color:#000000; \"><\/div><div class=\"container position-relative full-screen\"><div class=\"slider-typography text-center\"><div class=\"slider-text-middle-main\"><div class=\"slider-text-middle\"><div class=\"alt-font text-white font-weight-700 letter-spacing-minus-1 margin-two-bottom center-col sm-margin-four-bottom xs-margin-15px-bottom xs-letter-spacing-0 word-wrap width-60 md-width-65 xs-width-90 title-large\">La distance entre qui tu es et qui tu veux \u00eatre se trouve dans ce que tu fais.<\/div><\/div><\/div><\/div><\/div><\/div><\/div><\/div><\/div><\/div><\/div><\/section><div class=\"vc_row-full-width vc_clearfix\"><\/div><section data-vc-full-width=\"true\" data-vc-full-width-init=\"false\" data-vc-stretch-content=\"true\" class=\"vc_row wpb_row vc_row-fluid  vc_custom_1651421000320 top-space pofo-stretch-content vc_row-o-equal-height vc_row-o-content-middle vc_row-flex pofo-row-responsive-69d8e7c64a41c\"><div class=\"wpb_column vc_column_container vc_col-has-fill z-index-2 position-relative overflow-visible vc_col-sm-12 vc_col-lg-7 vc_col-md-6 col-xs-mobile-fullwidth text-right sm-text-center pofo-column-responsive-69d8e7c64a565\"><div class=\"vc_column-inner bg-position-center-center vc_custom_1753083793544\"><div class=\"wpb_wrapper\"><\/div><\/div><\/div><div class=\"wpb_column vc_column_container vc_col-sm-12 vc_col-lg-5 vc_col-md-6 col-xs-mobile-fullwidth pofo-column-responsive-69d8e7c64a5e3\"><div class=\"vc_column-inner vc_custom_1599900681398\"><div class=\"wpb_wrapper\"><h4 class=\"text-extra-dark-gray margin-20px-bottom font-weight-600 display-inline-block alt-font heading-style2  vc_custom_1651418808166 pofo-button-responsive-69d8e7c64a6ef  heading-1\"  style=\"color: #232323;\">CLIMBAT ET L'ESCALADE<\/h4><div class=\" vc_custom_1651418829996 last-paragraph-no-margin pofo-text-block-responsive-69d8e7c64a752\"><p><span style=\"font-weight: 400;\">Climbat est une r\u00e9f\u00e9rence dans le monde de l&rsquo;escalade en tant qu&rsquo;exploitant de salles d&rsquo;escalade int\u00e9rieures pour tous les niveaux et tous les \u00e2ges. De l&rsquo;initiation \u00e0 l&rsquo;escalade sportive et au bloc, au perfectionnement et \u00e0 l&rsquo;entra\u00eenement des grimpeurs de haut niveau.<\/span><\/p>\n<p><span style=\"font-weight: 400;\">Climbat fait partie du groupe ABEO et b\u00e9n\u00e9ficie de l&rsquo;exp\u00e9rience d&rsquo;un leader mondial de la fabrication de murs d&rsquo;escalade comme Entre-Prises. Son syst\u00e8me de production enti\u00e8rement num\u00e9rique garantit la meilleure finition de vos murs d&rsquo;escalade.<\/span><\/p>\n<\/div><\/div><\/div><\/div><\/section><div class=\"vc_row-full-width vc_clearfix\"><\/div><section data-vc-full-width=\"true\" data-vc-full-width-init=\"false\" data-vc-stretch-content=\"true\" class=\"vc_row wpb_row vc_row-fluid  vc_custom_1651420950710 top-space pofo-stretch-content vc_row-o-equal-height vc_row-o-content-middle vc_row-flex pofo-row-responsive-69d8e7c64a82c\"><div class=\"wpb_column vc_column_container vc_col-has-fill z-index-2 position-relative overflow-visible vc_col-sm-12 vc_col-lg-5 vc_col-md-6 col-xs-mobile-fullwidth text-left md-text-left sm-text-left xs-text-left pofo-column-responsive-69d8e7c64a8ca\"><div class=\"vc_column-inner bg-position-center-center vc_custom_1651419697436\"><div class=\"wpb_wrapper\"><h4 class=\"text-extra-dark-gray margin-20px-bottom font-weight-600 display-inline-block alt-font heading-style2  vc_custom_1651419252267 pofo-button-responsive-69d8e7c64a97e  heading-2\"  style=\"color: #232323;\">PLUS D'UNE D\u00c9CENNIE D'EXP\u00c9RIENCE<\/h4><div class=\" vc_custom_1651419263956 last-paragraph-no-margin pofo-text-block-responsive-69d8e7c64a9c6\"><p><span style=\"font-weight: 400;\">Climbat a d\u00e9velopp\u00e9 ces derni\u00e8res ann\u00e9es un travail tr\u00e8s important de promotion du sport de l&rsquo;escalade, une pratique en plein d\u00e9veloppement social, et \u00e0 laquelle le nombre d'\u00a0\u00bbaccros\u00a0\u00bb augmente de fa\u00e7on exponentielle.<\/span><\/p>\n<p><span style=\"font-weight: 400;\">Ses salles ont \u00e9t\u00e9 une carri\u00e8re et un point de d\u00e9part pour des centaines de clients qui veulent pratiquer un sport diff\u00e9rent des sports de masse habituels comme le football ou la course \u00e0 pied.<\/span><\/p>\n<\/div><\/div><\/div><\/div><div class=\"wpb_column vc_column_container vc_col-has-fill vc_col-sm-12 vc_col-lg-7 vc_col-md-6 col-xs-mobile-fullwidth pofo-column-responsive-69d8e7c64aa52\"><div class=\"vc_column-inner cover-background vc_custom_1753083555947\"><div class=\"wpb_wrapper\"><\/div><\/div><\/div><\/section><div class=\"vc_row-full-width vc_clearfix\"><\/div><section data-vc-full-width=\"true\" data-vc-full-width-init=\"false\" data-vc-stretch-content=\"true\" class=\"vc_row wpb_row vc_row-fluid  vc_custom_1651420913528 top-space pofo-stretch-content vc_row-o-equal-height vc_row-o-content-middle vc_row-flex pofo-row-responsive-69d8e7c64ab38\"><div class=\"wpb_column vc_column_container vc_col-has-fill z-index-2 position-relative overflow-visible vc_col-sm-12 vc_col-lg-7 vc_col-md-6 col-xs-mobile-fullwidth text-right sm-text-center pofo-column-responsive-69d8e7c64abd5\"><div class=\"vc_column-inner bg-position-center-center vc_custom_1753083605500\"><div class=\"wpb_wrapper\"><\/div><\/div><\/div><div class=\"wpb_column vc_column_container vc_col-sm-12 vc_col-lg-5 vc_col-md-6 col-xs-mobile-fullwidth pofo-column-responsive-69d8e7c64ac3f\"><div class=\"vc_column-inner vc_custom_1599900681398\"><div class=\"wpb_wrapper\"><h4 class=\"text-extra-dark-gray margin-20px-bottom font-weight-600 display-inline-block alt-font heading-style2  vc_custom_1651420117037 pofo-button-responsive-69d8e7c64acd8  heading-3\"  style=\"color: #232323;\">BIEN PLUS QU'UN MUR D'ESCALADE<\/h4><div class=\" vc_custom_1651420131649 last-paragraph-no-margin pofo-text-block-responsive-69d8e7c64ad31\"><p><span style=\"font-weight: 400;\">Climbat offre un large \u00e9ventail de possibilit\u00e9s pour ceux qui aiment ou s&rsquo;int\u00e9ressent \u00e0 l&rsquo;escalade, du bloc, de l&rsquo;escalade avec corde ou en auto-assistance, aux cours adapt\u00e9s \u00e0 tous les niveaux, aux f\u00eates d&rsquo;anniversaire pour enfants, aux \u00e9v\u00e9nements non comp\u00e9titifs et aux activit\u00e9s extrascolaires, entre autres.<\/span><\/p>\n<p><span style=\"font-weight: 400;\">Climbat collabore \u00e9galement \u00e0 l&rsquo;organisation de comp\u00e9titions nationales d&rsquo;escalade avec la F\u00e9d\u00e9ration espagnole des sports de montagne et d&rsquo;escalade et a \u00e9t\u00e9 l&rsquo;organisateur de plusieurs comp\u00e9titions internationales avec l&rsquo;IFSC.<\/span><\/p>\n<\/div><\/div><\/div><\/div><\/section><div class=\"vc_row-full-width vc_clearfix\"><\/div><section data-vc-full-width=\"true\" data-vc-full-width-init=\"false\" data-vc-stretch-content=\"true\" class=\"vc_row wpb_row vc_row-fluid  vc_custom_1651420920533 top-space pofo-stretch-content vc_row-o-equal-height vc_row-o-content-middle vc_row-flex pofo-row-responsive-69d8e7c64adeb\"><div class=\"wpb_column vc_column_container vc_col-has-fill z-index-2 position-relative overflow-visible vc_col-sm-12 vc_col-lg-5 vc_col-md-6 col-xs-mobile-fullwidth text-left md-text-left sm-text-left xs-text-left pofo-column-responsive-69d8e7c64ae8e\"><div class=\"vc_column-inner bg-position-center-center vc_custom_1651419697436\"><div class=\"wpb_wrapper\"><h4 class=\"text-extra-dark-gray margin-20px-bottom font-weight-600 display-inline-block alt-font heading-style2  vc_custom_1651420154369 pofo-button-responsive-69d8e7c64af27  heading-4\"  style=\"color: #232323;\">L'ESCALADE POUR TOUTE LA FAMILLE<\/h4><div class=\" vc_custom_1651420142584 last-paragraph-no-margin pofo-text-block-responsive-69d8e7c64af6f\"><p><span style=\"font-weight: 400;\">Dans les centres Climbat, tu trouveras un concept d&rsquo;escalade unique qui comprend de multiples d\u00e9fis en altitude pour tous les niveaux.<\/span><\/p>\n<p><span style=\"font-weight: 400;\">Le concept d&rsquo;escalade ludique \u00e0 travers les circuits aventure ou Clip&rsquo;N Climb de nos centres garantit une exp\u00e9rience inoubliable et offre une grande vari\u00e9t\u00e9 de formes, de couleurs et de textures pour tous ceux qui veulent s&rsquo;amuser en famille.<\/span><\/p>\n<\/div><\/div><\/div><\/div><div class=\"wpb_column vc_column_container vc_col-has-fill vc_col-sm-12 vc_col-lg-7 vc_col-md-6 col-xs-mobile-fullwidth pofo-column-responsive-69d8e7c64afef\"><div class=\"vc_column-inner cover-background vc_custom_1753083645547\"><div class=\"wpb_wrapper\"><\/div><\/div><\/div><\/section><div class=\"vc_row-full-width vc_clearfix\"><\/div>\n<\/div>","protected":false},"excerpt":{"rendered":"La distance entre qui tu es et qui tu veux \u00eatre se trouve dans ce que tu fais.CLIMBAT ET L'ESCALADEClimbat est une r\u00e9f\u00e9rence dans le monde de l'escalade en tant qu'exploitant de salles d'escalade int\u00e9rieures pour tous les niveaux et tous les \u00e2ges. De l'initiation \u00e0 l'escalade sportive et au bloc, au perfectionnement et \u00e0 l'entra\u00eenement des grimpeurs de haut niveau. Climbat fait partie du groupe ABEO et b\u00e9n\u00e9ficie de l'exp\u00e9rience d'un leader mondial de la fabrication de murs d'escalade comme Entre-Prises. Son syst\u00e8me de production enti\u00e8rement num\u00e9rique garantit la meilleure finition de vos murs d'escalade. PLUS D'UNE D\u00c9CENNIE D'EXP\u00c9RIENCEClimbat a d\u00e9velopp\u00e9 ces derni\u00e8res ann\u00e9es un travail tr\u00e8s important de promotion du sport de l'escalade, une pratique en plein d\u00e9veloppement social, et \u00e0 laquelle le nombre d'\"accros\" augmente de fa\u00e7on exponentielle. Ses salles ont \u00e9t\u00e9 une carri\u00e8re et un point de d\u00e9part pour des centaines de clients qui veulent pratiquer un sport diff\u00e9rent des sports de masse habituels comme le football ou la course \u00e0 pied. BIEN PLUS QU'UN MUR D'ESCALADEClimbat offre un large \u00e9ventail de possibilit\u00e9s pour ceux qui aiment ou s'int\u00e9ressent \u00e0 l'escalade, du bloc, de l'escalade avec corde ou en auto-assistance, aux cours adapt\u00e9s \u00e0 tous les...","protected":false},"author":2,"featured_media":0,"parent":0,"menu_order":0,"comment_status":"closed","ping_status":"closed","template":"","meta":{"footnotes":""},"categoria_centro":[],"acf":[],"yoast_head":"<!-- This site is optimized with the Yoast SEO plugin v22.5 - https:\/\/yoast.com\/wordpress\/plugins\/seo\/ -->\n<title>Qui sommes-nous \u2013 Climbat, escalade, centres pour tous<\/title>\n<meta name=\"description\" content=\"D\u00e9couvrez Climbat : plus d\u2019une d\u00e9cennie d\u2019exp\u00e9rience dans l\u2019escalade pour tous les \u00e2ges et niveaux, en Espagne &amp; France.\" \/>\n<meta name=\"robots\" content=\"index, follow, max-snippet:-1, max-image-preview:large, max-video-preview:-1\" \/>\n<link rel=\"canonical\" href=\"https:\/\/climbat.com\/fr\/qui-nous-sommes\/\" \/>\n<meta property=\"og:locale\" content=\"fr_FR\" \/>\n<meta property=\"og:type\" content=\"article\" \/>\n<meta property=\"og:title\" content=\"Qui sommes-nous \u2013 Climbat, escalade, centres pour tous\" \/>\n<meta property=\"og:description\" content=\"D\u00e9couvrez Climbat : plus d\u2019une d\u00e9cennie d\u2019exp\u00e9rience dans l\u2019escalade pour tous les \u00e2ges et niveaux, en Espagne &amp; France.\" \/>\n<meta property=\"og:url\" content=\"https:\/\/climbat.com\/fr\/qui-nous-sommes\/\" \/>\n<meta property=\"og:site_name\" content=\"Inicio - Climbat | Climbing gyms\" \/>\n<meta property=\"article:modified_time\" content=\"2025-11-20T12:32:55+00:00\" \/>\n<meta name=\"twitter:card\" content=\"summary_large_image\" \/>\n<meta name=\"twitter:label1\" content=\"Dur\u00e9e de lecture estim\u00e9e\" \/>\n\t<meta name=\"twitter:data1\" content=\"4 minutes\" \/>\n<script type=\"application\/ld+json\" class=\"yoast-schema-graph\">{\"@context\":\"https:\/\/schema.org\",\"@graph\":[{\"@type\":\"WebPage\",\"@id\":\"https:\/\/climbat.com\/fr\/qui-nous-sommes\/\",\"url\":\"https:\/\/climbat.com\/fr\/qui-nous-sommes\/\",\"name\":\"Qui sommes-nous \u2013 Climbat, escalade, centres pour tous\",\"isPartOf\":{\"@id\":\"https:\/\/climbat.com\/#website\"},\"datePublished\":\"2025-10-11T15:31:10+00:00\",\"dateModified\":\"2025-11-20T12:32:55+00:00\",\"description\":\"D\u00e9couvrez Climbat : plus d\u2019une d\u00e9cennie d\u2019exp\u00e9rience dans l\u2019escalade pour tous les \u00e2ges et niveaux, en Espagne & France.\",\"breadcrumb\":{\"@id\":\"https:\/\/climbat.com\/fr\/qui-nous-sommes\/#breadcrumb\"},\"inLanguage\":\"fr-FR\",\"potentialAction\":[{\"@type\":\"ReadAction\",\"target\":[\"https:\/\/climbat.com\/fr\/qui-nous-sommes\/\"]}]},{\"@type\":\"BreadcrumbList\",\"@id\":\"https:\/\/climbat.com\/fr\/qui-nous-sommes\/#breadcrumb\",\"itemListElement\":[{\"@type\":\"ListItem\",\"position\":1,\"name\":\"Portada\",\"item\":\"https:\/\/climbat.com\/fr\/\"},{\"@type\":\"ListItem\",\"position\":2,\"name\":\"QUI NOUS SOMMES\"}]},{\"@type\":\"WebSite\",\"@id\":\"https:\/\/climbat.com\/#website\",\"url\":\"https:\/\/climbat.com\/\",\"name\":\"Inicio - Climbat | Climbing gyms\",\"description\":\"Climbat es referente en el mundo de la escalada como operador de salas de escalada orientados a p\u00fablicos de todos los niveles\",\"potentialAction\":[{\"@type\":\"SearchAction\",\"target\":{\"@type\":\"EntryPoint\",\"urlTemplate\":\"https:\/\/climbat.com\/?s={search_term_string}\"},\"query-input\":\"required name=search_term_string\"}],\"inLanguage\":\"fr-FR\"}]}<\/script>\n<!-- \/ Yoast SEO plugin. -->","yoast_head_json":{"title":"Qui sommes-nous \u2013 Climbat, escalade, centres pour tous","description":"D\u00e9couvrez Climbat : plus d\u2019une d\u00e9cennie d\u2019exp\u00e9rience dans l\u2019escalade pour tous les \u00e2ges et niveaux, en Espagne & France.","robots":{"index":"index","follow":"follow","max-snippet":"max-snippet:-1","max-image-preview":"max-image-preview:large","max-video-preview":"max-video-preview:-1"},"canonical":"https:\/\/climbat.com\/fr\/qui-nous-sommes\/","og_locale":"fr_FR","og_type":"article","og_title":"Qui sommes-nous \u2013 Climbat, escalade, centres pour tous","og_description":"D\u00e9couvrez Climbat : plus d\u2019une d\u00e9cennie d\u2019exp\u00e9rience dans l\u2019escalade pour tous les \u00e2ges et niveaux, en Espagne & France.","og_url":"https:\/\/climbat.com\/fr\/qui-nous-sommes\/","og_site_name":"Inicio - Climbat | Climbing gyms","article_modified_time":"2025-11-20T12:32:55+00:00","twitter_card":"summary_large_image","twitter_misc":{"Dur\u00e9e de lecture estim\u00e9e":"4 minutes"},"schema":{"@context":"https:\/\/schema.org","@graph":[{"@type":"WebPage","@id":"https:\/\/climbat.com\/fr\/qui-nous-sommes\/","url":"https:\/\/climbat.com\/fr\/qui-nous-sommes\/","name":"Qui sommes-nous \u2013 Climbat, escalade, centres pour tous","isPartOf":{"@id":"https:\/\/climbat.com\/#website"},"datePublished":"2025-10-11T15:31:10+00:00","dateModified":"2025-11-20T12:32:55+00:00","description":"D\u00e9couvrez Climbat : plus d\u2019une d\u00e9cennie d\u2019exp\u00e9rience dans l\u2019escalade pour tous les \u00e2ges et niveaux, en Espagne & France.","breadcrumb":{"@id":"https:\/\/climbat.com\/fr\/qui-nous-sommes\/#breadcrumb"},"inLanguage":"fr-FR","potentialAction":[{"@type":"ReadAction","target":["https:\/\/climbat.com\/fr\/qui-nous-sommes\/"]}]},{"@type":"BreadcrumbList","@id":"https:\/\/climbat.com\/fr\/qui-nous-sommes\/#breadcrumb","itemListElement":[{"@type":"ListItem","position":1,"name":"Portada","item":"https:\/\/climbat.com\/fr\/"},{"@type":"ListItem","position":2,"name":"QUI NOUS SOMMES"}]},{"@type":"WebSite","@id":"https:\/\/climbat.com\/#website","url":"https:\/\/climbat.com\/","name":"Inicio - Climbat | Climbing gyms","description":"Climbat es referente en el mundo de la escalada como operador de salas de escalada orientados a p\u00fablicos de todos los niveles","potentialAction":[{"@type":"SearchAction","target":{"@type":"EntryPoint","urlTemplate":"https:\/\/climbat.com\/?s={search_term_string}"},"query-input":"required name=search_term_string"}],"inLanguage":"fr-FR"}]}},"_links":{"self":[{"href":"https:\/\/climbat.com\/fr\/wp-json\/wp\/v2\/pages\/26007"}],"collection":[{"href":"https:\/\/climbat.com\/fr\/wp-json\/wp\/v2\/pages"}],"about":[{"href":"https:\/\/climbat.com\/fr\/wp-json\/wp\/v2\/types\/page"}],"author":[{"embeddable":true,"href":"https:\/\/climbat.com\/fr\/wp-json\/wp\/v2\/users\/2"}],"replies":[{"embeddable":true,"href":"https:\/\/climbat.com\/fr\/wp-json\/wp\/v2\/comments?post=26007"}],"version-history":[{"count":0,"href":"https:\/\/climbat.com\/fr\/wp-json\/wp\/v2\/pages\/26007\/revisions"}],"wp:attachment":[{"href":"https:\/\/climbat.com\/fr\/wp-json\/wp\/v2\/media?parent=26007"}],"wp:term":[{"taxonomy":"categoria_centro","embeddable":true,"href":"https:\/\/climbat.com\/fr\/wp-json\/wp\/v2\/categoria_centro?post=26007"}],"curies":[{"name":"wp","href":"https:\/\/api.w.org\/{rel}","templated":true}]}}