{"id":49967,"date":"2026-03-03T16:45:59","date_gmt":"2026-03-03T16:45:59","guid":{"rendered":"https:\/\/climbat.com\/?page_id=49967"},"modified":"2026-03-16T16:36:13","modified_gmt":"2026-03-16T16:36:13","slug":"summer-festival","status":"publish","type":"page","link":"https:\/\/climbat.com\/ca\/summer-festival\/","title":{"rendered":"SUMMER FESTIVAL"},"content":{"rendered":"\n<h2 class=\"wp-block-heading has-text-align-center has-primary-color has-text-color has-background\" style=\"background-color:#f6bf23;font-size:50px;font-style:normal;font-weight:700;text-transform:uppercase\">\u00a1inscripcions obertes pel SUMMER FESTIVAL 2026!<\/h2>\n\n\n<div class=\"wp-block-image\">\n<figure class=\"aligncenter size-large\"><img decoding=\"async\" loading=\"lazy\" width=\"1024\" height=\"682\" src=\"https:\/\/climbat.com\/wp-content\/uploads\/2025\/12\/WINTER-MAD2-1024x682.jpeg\" alt=\"Grupo numeroso de participantes posando en un roc\u00f3dromo durante un evento de escalada en bloque.\" class=\"wp-image-48923\" srcset=\"https:\/\/climbat.com\/wp-content\/uploads\/2025\/12\/WINTER-MAD2-1024x682.jpeg 1024w, https:\/\/climbat.com\/wp-content\/uploads\/2025\/12\/WINTER-MAD2-300x200.jpeg 300w, https:\/\/climbat.com\/wp-content\/uploads\/2025\/12\/WINTER-MAD2-768x512.jpeg 768w, https:\/\/climbat.com\/wp-content\/uploads\/2025\/12\/WINTER-MAD2-1536x1023.jpeg 1536w, https:\/\/climbat.com\/wp-content\/uploads\/2025\/12\/WINTER-MAD2-1157x771.jpeg 1157w, https:\/\/climbat.com\/wp-content\/uploads\/2025\/12\/WINTER-MAD2-120x80.jpeg 120w, https:\/\/climbat.com\/wp-content\/uploads\/2025\/12\/WINTER-MAD2-81x54.jpeg 81w, https:\/\/climbat.com\/wp-content\/uploads\/2025\/12\/WINTER-MAD2.jpeg 1600w\" sizes=\"(max-width: 1024px) 100vw, 1024px\" \/><figcaption class=\"wp-element-caption\">Participantes del Winter Festival reunidos en la zona de b\u00falder de Climbat durante la jornada festiva.<\/figcaption><\/figure><\/div>\n\n\n<p>El 9 de maig torna una de les festes d&#8217;escalada m\u00e9s esperades de l&#8217;any!<\/p>\n\n\n\n<p id=\"A9A72EDC-A168-A440-A4B6-1B9C6D30EA71\">El Summer Festival Climbat torna per donar la benvinguda a l&#8217;estiu amb una jornada plena d&#8217;escalada, reptes i bon ambient. Un esdeveniment pensat per gaudir del nostre esport amb la comunitat escaladora, tant si tot just comences com si ja portes temps escalant.<\/p>\n\n\n\n<p id=\"1689CBE9-BE4D-F744-AF36-5A11CA82A5E4\">En aquesta jornada trobar\u00e0s blocs i vies especialment equipats per a l&#8217;ocasi\u00f3, a m\u00e9s de proves divertides que ja s\u00f3n m\u00edtiques a Climbat: concursos de llan\u00e7aments, bloc per parelles i desafiaments que posaran a prova la teva t\u00e8cnica, equilibri i resist\u00e8ncia.<\/p>\n\n\n\n<p id=\"1F3956E5-219F-AA41-B16D-A46AE32D2F67\">Per\u00f2 el Summer Festival \u00e9s molt m\u00e9s que escalar. Hi haur\u00e0 m\u00fasica, sortejos de material, sorpreses i un ambient incre\u00efble per compartir una jornada \u00fanica amb la comunitat Climbat.<\/p>\n\n\n\n<p id=\"3B4B38A2-D723-814A-A072-FE27FE205661\">Vine a celebrar l&#8217;inici de l&#8217;estiu amb nosaltres i viu el Summer Festival com nom\u00e9s es viu a Climbat: escalant, compartint i gaudint plegats.<\/p>\n\n\n\n<ul>\n<li>Centres: Climbat La Foixarda, X-Madrid, Avil\u00e9s, Barakaldo i Saragossa.<\/li>\n\n\n\n<li>Horari: De 10 a 21 h<\/li>\n<\/ul>\n\n\n\n<p id=\"EE30D66B-00F4-1E46-ABF4-71D229F25778\">Uneix-te al moviment Climbat!<\/p>\n\n\n\n<p class=\"has-text-align-center has-huge-font-size\"><strong>SUMMER FESTIVAL<\/strong><\/p>\n\n\n\n<p class=\"has-text-align-center has-large-font-size\"><strong>Data: <\/strong>9 de maig de 2026<\/p>\n\n\n\n<p class=\"has-text-align-center has-large-font-size\"><strong>Centres: <\/strong>CEM d&#8217;Escalada Climbat La Foixarda, X-Madrid, Barakaldo, Avil\u00e9s i Zaragoza<\/p>\n\n\n\n<div class=\"wp-block-buttons is-layout-flex wp-block-buttons-is-layout-flex\">\n<div class=\"wp-block-button aligncenter\"><a class=\"wp-block-button__link wp-element-button\" href=\"https:\/\/eventos.climbat.com\/inscripcion\/summer-festival-2026\/inscripcion_datos\/\">INSCRIPCIONS OBERTES<\/a><\/div>\n<\/div>\n\n\n\n<div style=\"height:41px\" aria-hidden=\"true\" class=\"wp-block-spacer\"><\/div>\n\n\n\n<p class=\"has-dark-gray-color has-text-color has-huge-font-size\"><strong>V\u00eddeos edicions anteriors: <\/strong><\/p>\n\n\n\n<div class=\"wp-block-columns is-layout-flex wp-container-7 wp-block-columns-is-layout-flex\">\n<div class=\"wp-block-column is-layout-flow wp-block-column-is-layout-flow\" style=\"flex-basis:100%\">\n<div class=\"wp-block-columns is-layout-flex wp-container-5 wp-block-columns-is-layout-flex\">\n<div class=\"wp-block-column is-layout-flow wp-block-column-is-layout-flow\">\n<figure class=\"wp-block-embed alignleft is-type-video is-provider-youtube wp-block-embed-youtube wp-embed-aspect-16-9 wp-has-aspect-ratio\"><div class=\"wp-block-embed__wrapper\">\n<iframe loading=\"lazy\" title=\"SUMMER FESTIVAL 2025\" width=\"1200\" height=\"675\" src=\"https:\/\/www.youtube.com\/embed\/GTma4kv4ayM?feature=oembed\" frameborder=\"0\" allow=\"accelerometer; autoplay; clipboard-write; encrypted-media; gyroscope; picture-in-picture; web-share\" referrerpolicy=\"strict-origin-when-cross-origin\" allowfullscreen><\/iframe>\n<\/div><figcaption class=\"wp-element-caption\">V\u00eddeo Summer Festival 2025<\/figcaption><\/figure>\n<\/div>\n\n\n\n<div class=\"wp-block-column is-layout-flow wp-block-column-is-layout-flow\">\n<figure class=\"wp-block-embed alignfull is-type-video is-provider-youtube wp-block-embed-youtube wp-embed-aspect-16-9 wp-has-aspect-ratio\"><div class=\"wp-block-embed__wrapper\">\n<iframe loading=\"lazy\" title=\"SUMMER FESTIVAL 2024\" width=\"1200\" height=\"675\" src=\"https:\/\/www.youtube.com\/embed\/nyzkCtAu6Us?start=1&#038;feature=oembed\" frameborder=\"0\" allow=\"accelerometer; autoplay; clipboard-write; encrypted-media; gyroscope; picture-in-picture; web-share\" referrerpolicy=\"strict-origin-when-cross-origin\" allowfullscreen><\/iframe>\n<\/div><figcaption class=\"wp-element-caption\">V\u00eddeo Summer Festival 2024<\/figcaption><\/figure>\n<\/div>\n\n\n\n<div class=\"wp-block-column is-layout-flow wp-block-column-is-layout-flow\">\n<figure class=\"wp-block-embed alignfull is-type-video is-provider-youtube wp-block-embed-youtube wp-embed-aspect-16-9 wp-has-aspect-ratio\"><div class=\"wp-block-embed__wrapper\">\n<iframe loading=\"lazy\" title=\"SUMMER FESTIVAL 2023\" width=\"1200\" height=\"675\" src=\"https:\/\/www.youtube.com\/embed\/gyi4dUGZs_E?feature=oembed\" frameborder=\"0\" allow=\"accelerometer; autoplay; clipboard-write; encrypted-media; gyroscope; picture-in-picture; web-share\" referrerpolicy=\"strict-origin-when-cross-origin\" allowfullscreen><\/iframe>\n<\/div><figcaption class=\"wp-element-caption\">V\u00eddeo Summer Festival 2023<\/figcaption><\/figure>\n<\/div>\n<\/div>\n<\/div>\n<\/div>\n","protected":false},"excerpt":{"rendered":"<p>\u00a1inscripcions obertes pel SUMMER FESTIVAL 2026! El 9 de maig torna una de les festes d&#8217;escalada m\u00e9s esperades de l&#8217;any! El Summer Festival Climbat torna per donar la benvinguda a l&#8217;estiu amb una jornada plena d&#8217;escalada, reptes i bon ambient. Un esdeveniment pensat per gaudir del nostre esport amb la comunitat escaladora, tant si tot just comences com si ja portes temps escalant. En aquesta jornada trobar\u00e0s blocs i vies especialment equipats per a l&#8217;ocasi\u00f3, a m\u00e9s de proves divertides que ja s\u00f3n m\u00edtiques a Climbat: concursos de llan\u00e7aments, bloc per parelles i desafiaments que posaran a prova la teva t\u00e8cnica, equilibri i resist\u00e8ncia. Per\u00f2 el Summer Festival \u00e9s molt m\u00e9s que escalar. Hi haur\u00e0 m\u00fasica, sortejos de material, sorpreses i un ambient incre\u00efble per compartir una jornada \u00fanica amb la comunitat Climbat. Vine a celebrar l&#8217;inici de l&#8217;estiu amb nosaltres i viu el Summer Festival com nom\u00e9s es viu a Climbat: escalant, compartint i gaudint plegats. Uneix-te al moviment Climbat! SUMMER FESTIVAL Data: 9 de maig de 2026 Centres: CEM d&#8217;Escalada Climbat La Foixarda, X-Madrid, Barakaldo, Avil\u00e9s i Zaragoza V\u00eddeos edicions anteriors:<\/p>\n","protected":false},"author":3,"featured_media":0,"parent":0,"menu_order":0,"comment_status":"closed","ping_status":"closed","template":"","meta":{"footnotes":""},"categoria_centro":[],"acf":[],"yoast_head":"<!-- This site is optimized with the Yoast SEO plugin v22.5 - https:\/\/yoast.com\/wordpress\/plugins\/seo\/ -->\n<title>Summer Festival | Open d\u2019escalada a Barcelona<\/title>\n<meta name=\"description\" content=\"Descobreix el Summer Festival: l&#039;open d\u2019escalada m\u00e9s divertit. Vine a escalar a Climbat La Foixarda - Barcelona!\" \/>\n<meta name=\"robots\" content=\"index, follow, max-snippet:-1, max-image-preview:large, max-video-preview:-1\" \/>\n<link rel=\"canonical\" href=\"https:\/\/climbat.com\/ca\/summer-festival\/\" \/>\n<meta property=\"og:locale\" content=\"en_US\" \/>\n<meta property=\"og:type\" content=\"article\" \/>\n<meta property=\"og:title\" content=\"Summer Festival | Open d\u2019escalada a Barcelona\" \/>\n<meta property=\"og:description\" content=\"Descobreix el Summer Festival: l&#039;open d\u2019escalada m\u00e9s divertit. Vine a escalar a Climbat La Foixarda - Barcelona!\" \/>\n<meta property=\"og:url\" content=\"https:\/\/climbat.com\/ca\/summer-festival\/\" \/>\n<meta property=\"og:site_name\" content=\"Inicio - Climbat | Climbing gyms\" \/>\n<meta property=\"article:modified_time\" content=\"2026-03-16T16:36:13+00:00\" \/>\n<meta property=\"og:image\" content=\"https:\/\/climbat.com\/wp-content\/uploads\/2025\/12\/WINTER-MAD2-1024x682.jpeg\" \/>\n<meta name=\"twitter:card\" content=\"summary_large_image\" \/>\n<meta name=\"twitter:label1\" content=\"Est. reading time\" \/>\n\t<meta name=\"twitter:data1\" content=\"2 minutes\" \/>\n<script type=\"application\/ld+json\" class=\"yoast-schema-graph\">{\"@context\":\"https:\/\/schema.org\",\"@graph\":[{\"@type\":\"WebPage\",\"@id\":\"https:\/\/climbat.com\/ca\/summer-festival\/\",\"url\":\"https:\/\/climbat.com\/ca\/summer-festival\/\",\"name\":\"Summer Festival | Open d\u2019escalada a Barcelona\",\"isPartOf\":{\"@id\":\"https:\/\/climbat.com\/#website\"},\"primaryImageOfPage\":{\"@id\":\"https:\/\/climbat.com\/ca\/summer-festival\/#primaryimage\"},\"image\":{\"@id\":\"https:\/\/climbat.com\/ca\/summer-festival\/#primaryimage\"},\"thumbnailUrl\":\"https:\/\/climbat.com\/wp-content\/uploads\/2025\/12\/WINTER-MAD2-1024x682.jpeg\",\"datePublished\":\"2026-03-03T16:45:59+00:00\",\"dateModified\":\"2026-03-16T16:36:13+00:00\",\"description\":\"Descobreix el Summer Festival: l'open d\u2019escalada m\u00e9s divertit. Vine a escalar a Climbat La Foixarda - Barcelona!\",\"breadcrumb\":{\"@id\":\"https:\/\/climbat.com\/ca\/summer-festival\/#breadcrumb\"},\"inLanguage\":\"cat\",\"potentialAction\":[{\"@type\":\"ReadAction\",\"target\":[\"https:\/\/climbat.com\/ca\/summer-festival\/\"]}]},{\"@type\":\"ImageObject\",\"inLanguage\":\"cat\",\"@id\":\"https:\/\/climbat.com\/ca\/summer-festival\/#primaryimage\",\"url\":\"https:\/\/climbat.com\/wp-content\/uploads\/2025\/12\/WINTER-MAD2-1024x682.jpeg\",\"contentUrl\":\"https:\/\/climbat.com\/wp-content\/uploads\/2025\/12\/WINTER-MAD2-1024x682.jpeg\"},{\"@type\":\"BreadcrumbList\",\"@id\":\"https:\/\/climbat.com\/ca\/summer-festival\/#breadcrumb\",\"itemListElement\":[{\"@type\":\"ListItem\",\"position\":1,\"name\":\"Portada\",\"item\":\"https:\/\/climbat.com\/ca\/\"},{\"@type\":\"ListItem\",\"position\":2,\"name\":\"SUMMER FESTIVAL\"}]},{\"@type\":\"WebSite\",\"@id\":\"https:\/\/climbat.com\/#website\",\"url\":\"https:\/\/climbat.com\/\",\"name\":\"Inicio - Climbat | Climbing gyms\",\"description\":\"Climbat es referente en el mundo de la escalada como operador de salas de escalada orientados a p\u00fablicos de todos los niveles\",\"potentialAction\":[{\"@type\":\"SearchAction\",\"target\":{\"@type\":\"EntryPoint\",\"urlTemplate\":\"https:\/\/climbat.com\/?s={search_term_string}\"},\"query-input\":\"required name=search_term_string\"}],\"inLanguage\":\"cat\"}]}<\/script>\n<!-- \/ Yoast SEO plugin. -->","yoast_head_json":{"title":"Summer Festival | Open d\u2019escalada a Barcelona","description":"Descobreix el Summer Festival: l'open d\u2019escalada m\u00e9s divertit. Vine a escalar a Climbat La Foixarda - Barcelona!","robots":{"index":"index","follow":"follow","max-snippet":"max-snippet:-1","max-image-preview":"max-image-preview:large","max-video-preview":"max-video-preview:-1"},"canonical":"https:\/\/climbat.com\/ca\/summer-festival\/","og_locale":"en_US","og_type":"article","og_title":"Summer Festival | Open d\u2019escalada a Barcelona","og_description":"Descobreix el Summer Festival: l'open d\u2019escalada m\u00e9s divertit. Vine a escalar a Climbat La Foixarda - Barcelona!","og_url":"https:\/\/climbat.com\/ca\/summer-festival\/","og_site_name":"Inicio - Climbat | Climbing gyms","article_modified_time":"2026-03-16T16:36:13+00:00","og_image":[{"url":"https:\/\/climbat.com\/wp-content\/uploads\/2025\/12\/WINTER-MAD2-1024x682.jpeg"}],"twitter_card":"summary_large_image","twitter_misc":{"Est. reading time":"2 minutes"},"schema":{"@context":"https:\/\/schema.org","@graph":[{"@type":"WebPage","@id":"https:\/\/climbat.com\/ca\/summer-festival\/","url":"https:\/\/climbat.com\/ca\/summer-festival\/","name":"Summer Festival | Open d\u2019escalada a Barcelona","isPartOf":{"@id":"https:\/\/climbat.com\/#website"},"primaryImageOfPage":{"@id":"https:\/\/climbat.com\/ca\/summer-festival\/#primaryimage"},"image":{"@id":"https:\/\/climbat.com\/ca\/summer-festival\/#primaryimage"},"thumbnailUrl":"https:\/\/climbat.com\/wp-content\/uploads\/2025\/12\/WINTER-MAD2-1024x682.jpeg","datePublished":"2026-03-03T16:45:59+00:00","dateModified":"2026-03-16T16:36:13+00:00","description":"Descobreix el Summer Festival: l'open d\u2019escalada m\u00e9s divertit. Vine a escalar a Climbat La Foixarda - Barcelona!","breadcrumb":{"@id":"https:\/\/climbat.com\/ca\/summer-festival\/#breadcrumb"},"inLanguage":"cat","potentialAction":[{"@type":"ReadAction","target":["https:\/\/climbat.com\/ca\/summer-festival\/"]}]},{"@type":"ImageObject","inLanguage":"cat","@id":"https:\/\/climbat.com\/ca\/summer-festival\/#primaryimage","url":"https:\/\/climbat.com\/wp-content\/uploads\/2025\/12\/WINTER-MAD2-1024x682.jpeg","contentUrl":"https:\/\/climbat.com\/wp-content\/uploads\/2025\/12\/WINTER-MAD2-1024x682.jpeg"},{"@type":"BreadcrumbList","@id":"https:\/\/climbat.com\/ca\/summer-festival\/#breadcrumb","itemListElement":[{"@type":"ListItem","position":1,"name":"Portada","item":"https:\/\/climbat.com\/ca\/"},{"@type":"ListItem","position":2,"name":"SUMMER FESTIVAL"}]},{"@type":"WebSite","@id":"https:\/\/climbat.com\/#website","url":"https:\/\/climbat.com\/","name":"Inicio - Climbat | Climbing gyms","description":"Climbat es referente en el mundo de la escalada como operador de salas de escalada orientados a p\u00fablicos de todos los niveles","potentialAction":[{"@type":"SearchAction","target":{"@type":"EntryPoint","urlTemplate":"https:\/\/climbat.com\/?s={search_term_string}"},"query-input":"required name=search_term_string"}],"inLanguage":"cat"}]}},"_links":{"self":[{"href":"https:\/\/climbat.com\/ca\/wp-json\/wp\/v2\/pages\/49967"}],"collection":[{"href":"https:\/\/climbat.com\/ca\/wp-json\/wp\/v2\/pages"}],"about":[{"href":"https:\/\/climbat.com\/ca\/wp-json\/wp\/v2\/types\/page"}],"author":[{"embeddable":true,"href":"https:\/\/climbat.com\/ca\/wp-json\/wp\/v2\/users\/3"}],"replies":[{"embeddable":true,"href":"https:\/\/climbat.com\/ca\/wp-json\/wp\/v2\/comments?post=49967"}],"version-history":[{"count":0,"href":"https:\/\/climbat.com\/ca\/wp-json\/wp\/v2\/pages\/49967\/revisions"}],"wp:attachment":[{"href":"https:\/\/climbat.com\/ca\/wp-json\/wp\/v2\/media?parent=49967"}],"wp:term":[{"taxonomy":"categoria_centro","embeddable":true,"href":"https:\/\/climbat.com\/ca\/wp-json\/wp\/v2\/categoria_centro?post=49967"}],"curies":[{"name":"wp","href":"https:\/\/api.w.org\/{rel}","templated":true}]}}