{"id":48546,"date":"2025-11-04T12:01:57","date_gmt":"2025-11-04T12:01:57","guid":{"rendered":"https:\/\/climbat.com\/?page_id=48546"},"modified":"2025-12-04T11:55:20","modified_gmt":"2025-12-04T11:55:20","slug":"winter-festival","status":"publish","type":"page","link":"https:\/\/climbat.com\/ca\/winter-festival\/","title":{"rendered":"WINTER FESTIVAL"},"content":{"rendered":"\n<h2 class=\"wp-block-heading has-text-align-center has-primary-color has-text-color has-background\" style=\"background-color:#f6bf23;font-size:50px;font-style:normal;font-weight:700;text-transform:uppercase\">M\u00c9S DE 600 PARTICIPANTS AL WINTER FESTIVAL!<\/h2>\n\n\n<div class=\"wp-block-image\">\n<figure class=\"aligncenter size-large\"><img decoding=\"async\" loading=\"lazy\" width=\"1024\" height=\"682\" src=\"https:\/\/climbat.com\/wp-content\/uploads\/2025\/12\/WINTER-MAD2-1024x682.jpeg\" alt=\"Grupo numeroso de participantes posando en un roc\u00f3dromo durante un evento de escalada en bloque.\" class=\"wp-image-48923\" srcset=\"https:\/\/climbat.com\/wp-content\/uploads\/2025\/12\/WINTER-MAD2-1024x682.jpeg 1024w, https:\/\/climbat.com\/wp-content\/uploads\/2025\/12\/WINTER-MAD2-300x200.jpeg 300w, https:\/\/climbat.com\/wp-content\/uploads\/2025\/12\/WINTER-MAD2-768x512.jpeg 768w, https:\/\/climbat.com\/wp-content\/uploads\/2025\/12\/WINTER-MAD2-1536x1023.jpeg 1536w, https:\/\/climbat.com\/wp-content\/uploads\/2025\/12\/WINTER-MAD2-1157x771.jpeg 1157w, https:\/\/climbat.com\/wp-content\/uploads\/2025\/12\/WINTER-MAD2-120x80.jpeg 120w, https:\/\/climbat.com\/wp-content\/uploads\/2025\/12\/WINTER-MAD2-81x54.jpeg 81w, https:\/\/climbat.com\/wp-content\/uploads\/2025\/12\/WINTER-MAD2.jpeg 1600w\" sizes=\"(max-width: 1024px) 100vw, 1024px\" \/><figcaption class=\"wp-element-caption\">Participantes del Winter Festival reunidos en la zona de b\u00falder de Climbat durante la jornada festiva.<\/figcaption><\/figure><\/div>\n\n\n<p>Els cinc centres Climbat La Foixarda, Avil\u00e9s, Zaragoza, X-Madrid i Barakaldo van celebrar el passat dissabte 29 de novembre una de les edicions m\u00e9s exitoses del Winter Festival, reunint m\u00e9s de 600 persones participants en una jornada marcada per l\u2019esport, la inclusi\u00f3 i l\u2019esperit de comunitat.<\/p>\n\n\n\n<p><strong>Una festa per a la comunitat escaladora<\/strong><\/p>\n\n\n\n<p>Escaladores i escaladors de totes les edats i nivells van gaudir d\u2019una jornada plena de blocs i vies noves dissenyats per posar a prova la t\u00e8cnica, la resist\u00e8ncia i la creativitat. Un ambient festiu, caracter\u00edstic del Winter Festival, va acompanyar cada repte i va convertir la cita en una aut\u00e8ntica celebraci\u00f3 de l\u2019escalada.<\/p>\n\n\n\n<p>Les persones participants van rebre la samarreta commemorativa de l\u2019esdeveniment i van optar al sorteig de material t\u00e8cnic gr\u00e0cies al suport de les principals marques del sector.<\/p>\n\n\n\n<p><strong>Competicions, activitats i paraescalada<\/strong><\/p>\n\n\n\n<p>El festival va tornar a comptar amb les seves proves m\u00e9s aclamades: el concurs de llan\u00e7aments, el bloc per parelles, el popular \u201cLlan\u00e7ament al pernil\u201d i el divertit \u201cEscalabirres\u201d, que un any m\u00e9s van generar rialles, emoci\u00f3 i ovacions a cada centre.<\/p>\n\n\n\n<p>A m\u00e9s, l\u2019edici\u00f3 2025 va refor\u00e7ar el comprom\u00eds de Climbat amb la inclusi\u00f3 mitjan\u00e7ant una trobada de paraescalada, que va reunir esportistes paraescaladors i paraescaladores en un espai pensat per compartir i visibilitzar aquest esport.<\/p>\n\n\n\n<p><strong>Boreal Test Tour a Climbat Avil\u00e9s<\/strong><\/p>\n\n\n\n<p>Una de les novetats m\u00e9s destacades d\u2019aquest any va ser el Boreal Test Tour, celebrat a Climbat Avil\u00e9s, on les persones assistents van poder provar en exclusiva els peus de gat Boreal. L\u2019activitat va ser un \u00e8xit de participaci\u00f3 i va permetre a escaladors i escaladores testar diferents models i rebre assessorament t\u00e8cnic especialitzat.<\/p>\n\n\n\n<p><strong>La col\u00b7laboraci\u00f3 de marques destacades del sector<\/strong><\/p>\n\n\n\n<p>El Winter Festival 2025 va comptar amb el suport d\u2019empreses com Boreal, Singing Rock, +8000, Climbskin, Fixe, Edelrid, Grashopper, Cerveza El \u00c1guila i Mountain Shop V\u00e8rtic, el comprom\u00eds de les quals va tornar a ser clau per a l\u2019esdeveniment.<\/p>\n\n\n\n<p>Aix\u00ed mateix, l\u2019organitzaci\u00f3 agraeix la col\u00b7laboraci\u00f3 dels centres comercials X-Madrid, La Torre Outlet, Parqueastur, Fashion Outlet Megapark i l\u2019Ajuntament de Barcelona, entitats que fan possible la celebraci\u00f3 anual d\u2019aquest festival.<\/p>\n\n\n\n<p><\/p>\n\n\n\n<p class=\"has-large-font-size\"><strong>FOTOS WINTER FESTIVAL 2025<\/strong><\/p>\n\n\n\n<ul>\n<li><a href=\"https:\/\/www.facebook.com\/media\/set\/?set=a.1278304577674611&amp;type=3\">Climbat La Foixarda<\/a><\/li>\n<\/ul>\n\n\n\n<p class=\"has-text-align-center has-huge-font-size\"><strong>WINTER FESTIVAL<\/strong><\/p>\n\n\n\n<p class=\"has-text-align-center has-large-font-size\"><strong>Data: <\/strong>Novembre de 2026<\/p>\n\n\n\n<p class=\"has-text-align-center has-large-font-size\"><strong>Centres: <\/strong>CEM d&#8217;Escalada Climbat La Foixarda, X-Madrid, Barakaldo, Avil\u00e9s i Zaragoza<\/p>\n\n\n\n<div class=\"wp-block-buttons is-layout-flex wp-block-buttons-is-layout-flex\">\n<div class=\"wp-block-button aligncenter\"><a class=\"wp-block-button__link wp-element-button\">INSCRIPCIONS 2026 PR\u00d2XIMAMENT<\/a><\/div>\n<\/div>\n\n\n\n<div style=\"height:41px\" aria-hidden=\"true\" class=\"wp-block-spacer\"><\/div>\n\n\n\n<p class=\"has-dark-gray-color has-text-color has-huge-font-size\"><strong>V\u00eddeos edicions anteriors: <\/strong><\/p>\n\n\n\n<div class=\"wp-block-columns is-layout-flex wp-container-7 wp-block-columns-is-layout-flex\">\n<div class=\"wp-block-column is-layout-flow wp-block-column-is-layout-flow\" style=\"flex-basis:100%\">\n<div class=\"wp-block-columns is-layout-flex wp-container-5 wp-block-columns-is-layout-flex\">\n<div class=\"wp-block-column is-layout-flow wp-block-column-is-layout-flow\">\n<figure class=\"wp-block-embed alignleft is-type-video is-provider-youtube wp-block-embed-youtube wp-embed-aspect-16-9 wp-has-aspect-ratio\"><div class=\"wp-block-embed__wrapper\">\n<iframe loading=\"lazy\" title=\"WINTER FESTIVAL 2025\" width=\"1200\" height=\"675\" src=\"https:\/\/www.youtube.com\/embed\/Wr0POGp1Vqk?feature=oembed\" frameborder=\"0\" allow=\"accelerometer; autoplay; clipboard-write; encrypted-media; gyroscope; picture-in-picture; web-share\" referrerpolicy=\"strict-origin-when-cross-origin\" allowfullscreen><\/iframe>\n<\/div><\/figure>\n<\/div>\n\n\n\n<div class=\"wp-block-column is-layout-flow wp-block-column-is-layout-flow\">\n<figure class=\"wp-block-embed alignfull is-type-video is-provider-youtube wp-block-embed-youtube wp-embed-aspect-16-9 wp-has-aspect-ratio\"><div class=\"wp-block-embed__wrapper\">\n<iframe loading=\"lazy\" title=\"WINTER FESTIVAL 2024 CLIMBAT CENTERS\" width=\"1200\" height=\"675\" src=\"https:\/\/www.youtube.com\/embed\/oGuS8KkGnTA?start=65&#038;feature=oembed\" frameborder=\"0\" allow=\"accelerometer; autoplay; clipboard-write; encrypted-media; gyroscope; picture-in-picture; web-share\" referrerpolicy=\"strict-origin-when-cross-origin\" allowfullscreen><\/iframe>\n<\/div><\/figure>\n<\/div>\n\n\n\n<div class=\"wp-block-column is-layout-flow wp-block-column-is-layout-flow\">\n<figure class=\"wp-block-embed alignfull is-type-video is-provider-youtube wp-block-embed-youtube wp-embed-aspect-16-9 wp-has-aspect-ratio\"><div class=\"wp-block-embed__wrapper\">\n<iframe loading=\"lazy\" title=\"WINTER FESTIVAL 2023\" width=\"1200\" height=\"675\" src=\"https:\/\/www.youtube.com\/embed\/hWVP4lD46jA?start=2&#038;feature=oembed\" frameborder=\"0\" allow=\"accelerometer; autoplay; clipboard-write; encrypted-media; gyroscope; picture-in-picture; web-share\" referrerpolicy=\"strict-origin-when-cross-origin\" allowfullscreen><\/iframe>\n<\/div><\/figure>\n<\/div>\n<\/div>\n<\/div>\n<\/div>\n","protected":false},"excerpt":{"rendered":"<p>M\u00c9S DE 600 PARTICIPANTS AL WINTER FESTIVAL! Els cinc centres Climbat La Foixarda, Avil\u00e9s, Zaragoza, X-Madrid i Barakaldo van celebrar el passat dissabte 29 de novembre una de les edicions m\u00e9s exitoses del Winter Festival, reunint m\u00e9s de 600 persones participants en una jornada marcada per l\u2019esport, la inclusi\u00f3 i l\u2019esperit de comunitat. Una festa per a la comunitat escaladora Escaladores i escaladors de totes les edats i nivells van gaudir d\u2019una jornada plena de blocs i vies noves dissenyats per posar a prova la t\u00e8cnica, la resist\u00e8ncia i la creativitat. Un ambient festiu, caracter\u00edstic del Winter Festival, va acompanyar cada repte i va convertir la cita en una aut\u00e8ntica celebraci\u00f3 de l\u2019escalada. Les persones participants van rebre la samarreta commemorativa de l\u2019esdeveniment i van optar al sorteig de material t\u00e8cnic gr\u00e0cies al suport de les principals marques del sector. Competicions, activitats i paraescalada El festival va tornar a comptar amb les seves proves m\u00e9s aclamades: el concurs de llan\u00e7aments, el bloc per parelles, el popular \u201cLlan\u00e7ament al pernil\u201d i el divertit \u201cEscalabirres\u201d, que un any m\u00e9s van generar rialles, emoci\u00f3 i ovacions a cada centre. A m\u00e9s, l\u2019edici\u00f3 2025 va refor\u00e7ar el comprom\u00eds de Climbat amb la inclusi\u00f3 mitjan\u00e7ant&#8230;<\/p>\n","protected":false},"author":3,"featured_media":0,"parent":0,"menu_order":0,"comment_status":"closed","ping_status":"closed","template":"","meta":{"footnotes":""},"categoria_centro":[],"acf":[],"yoast_head":"<!-- This site is optimized with the Yoast SEO plugin v22.5 - https:\/\/yoast.com\/wordpress\/plugins\/seo\/ -->\n<title>Winter Festival | Open d\u2019escalada a Barcelona<\/title>\n<meta name=\"description\" content=\"Descobreix el Winter Festival: l&#039;open d\u2019escalada m\u00e9s divertit. Vine a escalar a Climbat La Foixarda - Barcelona!\" \/>\n<meta name=\"robots\" content=\"index, follow, max-snippet:-1, max-image-preview:large, max-video-preview:-1\" \/>\n<link rel=\"canonical\" href=\"https:\/\/climbat.com\/ca\/winter-festival\/\" \/>\n<meta property=\"og:locale\" content=\"en_US\" \/>\n<meta property=\"og:type\" content=\"article\" \/>\n<meta property=\"og:title\" content=\"Winter Festival | Open d\u2019escalada a Barcelona\" \/>\n<meta property=\"og:description\" content=\"Descobreix el Winter Festival: l&#039;open d\u2019escalada m\u00e9s divertit. Vine a escalar a Climbat La Foixarda - Barcelona!\" \/>\n<meta property=\"og:url\" content=\"https:\/\/climbat.com\/ca\/winter-festival\/\" \/>\n<meta property=\"og:site_name\" content=\"Inicio - Climbat | Climbing gyms\" \/>\n<meta property=\"article:modified_time\" content=\"2025-12-04T11:55:20+00:00\" \/>\n<meta property=\"og:image\" content=\"https:\/\/climbat.com\/wp-content\/uploads\/2025\/12\/WINTER-MAD2-1024x682.jpeg\" \/>\n<meta name=\"twitter:card\" content=\"summary_large_image\" \/>\n<meta name=\"twitter:label1\" content=\"Est. reading time\" \/>\n\t<meta name=\"twitter:data1\" content=\"3 minutes\" \/>\n<script type=\"application\/ld+json\" class=\"yoast-schema-graph\">{\"@context\":\"https:\/\/schema.org\",\"@graph\":[{\"@type\":\"WebPage\",\"@id\":\"https:\/\/climbat.com\/ca\/winter-festival\/\",\"url\":\"https:\/\/climbat.com\/ca\/winter-festival\/\",\"name\":\"Winter Festival | Open d\u2019escalada a Barcelona\",\"isPartOf\":{\"@id\":\"https:\/\/climbat.com\/#website\"},\"primaryImageOfPage\":{\"@id\":\"https:\/\/climbat.com\/ca\/winter-festival\/#primaryimage\"},\"image\":{\"@id\":\"https:\/\/climbat.com\/ca\/winter-festival\/#primaryimage\"},\"thumbnailUrl\":\"https:\/\/climbat.com\/wp-content\/uploads\/2025\/12\/WINTER-MAD2-1024x682.jpeg\",\"datePublished\":\"2025-11-04T12:01:57+00:00\",\"dateModified\":\"2025-12-04T11:55:20+00:00\",\"description\":\"Descobreix el Winter Festival: l'open d\u2019escalada m\u00e9s divertit. Vine a escalar a Climbat La Foixarda - Barcelona!\",\"breadcrumb\":{\"@id\":\"https:\/\/climbat.com\/ca\/winter-festival\/#breadcrumb\"},\"inLanguage\":\"cat\",\"potentialAction\":[{\"@type\":\"ReadAction\",\"target\":[\"https:\/\/climbat.com\/ca\/winter-festival\/\"]}]},{\"@type\":\"ImageObject\",\"inLanguage\":\"cat\",\"@id\":\"https:\/\/climbat.com\/ca\/winter-festival\/#primaryimage\",\"url\":\"https:\/\/climbat.com\/wp-content\/uploads\/2025\/12\/WINTER-MAD2-1024x682.jpeg\",\"contentUrl\":\"https:\/\/climbat.com\/wp-content\/uploads\/2025\/12\/WINTER-MAD2-1024x682.jpeg\"},{\"@type\":\"BreadcrumbList\",\"@id\":\"https:\/\/climbat.com\/ca\/winter-festival\/#breadcrumb\",\"itemListElement\":[{\"@type\":\"ListItem\",\"position\":1,\"name\":\"Portada\",\"item\":\"https:\/\/climbat.com\/ca\/\"},{\"@type\":\"ListItem\",\"position\":2,\"name\":\"WINTER FESTIVAL\"}]},{\"@type\":\"WebSite\",\"@id\":\"https:\/\/climbat.com\/#website\",\"url\":\"https:\/\/climbat.com\/\",\"name\":\"Inicio - Climbat | Climbing gyms\",\"description\":\"Climbat es referente en el mundo de la escalada como operador de salas de escalada orientados a p\u00fablicos de todos los niveles\",\"potentialAction\":[{\"@type\":\"SearchAction\",\"target\":{\"@type\":\"EntryPoint\",\"urlTemplate\":\"https:\/\/climbat.com\/?s={search_term_string}\"},\"query-input\":\"required name=search_term_string\"}],\"inLanguage\":\"cat\"}]}<\/script>\n<!-- \/ Yoast SEO plugin. -->","yoast_head_json":{"title":"Winter Festival | Open d\u2019escalada a Barcelona","description":"Descobreix el Winter Festival: l'open d\u2019escalada m\u00e9s divertit. Vine a escalar a Climbat La Foixarda - Barcelona!","robots":{"index":"index","follow":"follow","max-snippet":"max-snippet:-1","max-image-preview":"max-image-preview:large","max-video-preview":"max-video-preview:-1"},"canonical":"https:\/\/climbat.com\/ca\/winter-festival\/","og_locale":"en_US","og_type":"article","og_title":"Winter Festival | Open d\u2019escalada a Barcelona","og_description":"Descobreix el Winter Festival: l'open d\u2019escalada m\u00e9s divertit. Vine a escalar a Climbat La Foixarda - Barcelona!","og_url":"https:\/\/climbat.com\/ca\/winter-festival\/","og_site_name":"Inicio - Climbat | Climbing gyms","article_modified_time":"2025-12-04T11:55:20+00:00","og_image":[{"url":"https:\/\/climbat.com\/wp-content\/uploads\/2025\/12\/WINTER-MAD2-1024x682.jpeg"}],"twitter_card":"summary_large_image","twitter_misc":{"Est. reading time":"3 minutes"},"schema":{"@context":"https:\/\/schema.org","@graph":[{"@type":"WebPage","@id":"https:\/\/climbat.com\/ca\/winter-festival\/","url":"https:\/\/climbat.com\/ca\/winter-festival\/","name":"Winter Festival | Open d\u2019escalada a Barcelona","isPartOf":{"@id":"https:\/\/climbat.com\/#website"},"primaryImageOfPage":{"@id":"https:\/\/climbat.com\/ca\/winter-festival\/#primaryimage"},"image":{"@id":"https:\/\/climbat.com\/ca\/winter-festival\/#primaryimage"},"thumbnailUrl":"https:\/\/climbat.com\/wp-content\/uploads\/2025\/12\/WINTER-MAD2-1024x682.jpeg","datePublished":"2025-11-04T12:01:57+00:00","dateModified":"2025-12-04T11:55:20+00:00","description":"Descobreix el Winter Festival: l'open d\u2019escalada m\u00e9s divertit. Vine a escalar a Climbat La Foixarda - Barcelona!","breadcrumb":{"@id":"https:\/\/climbat.com\/ca\/winter-festival\/#breadcrumb"},"inLanguage":"cat","potentialAction":[{"@type":"ReadAction","target":["https:\/\/climbat.com\/ca\/winter-festival\/"]}]},{"@type":"ImageObject","inLanguage":"cat","@id":"https:\/\/climbat.com\/ca\/winter-festival\/#primaryimage","url":"https:\/\/climbat.com\/wp-content\/uploads\/2025\/12\/WINTER-MAD2-1024x682.jpeg","contentUrl":"https:\/\/climbat.com\/wp-content\/uploads\/2025\/12\/WINTER-MAD2-1024x682.jpeg"},{"@type":"BreadcrumbList","@id":"https:\/\/climbat.com\/ca\/winter-festival\/#breadcrumb","itemListElement":[{"@type":"ListItem","position":1,"name":"Portada","item":"https:\/\/climbat.com\/ca\/"},{"@type":"ListItem","position":2,"name":"WINTER FESTIVAL"}]},{"@type":"WebSite","@id":"https:\/\/climbat.com\/#website","url":"https:\/\/climbat.com\/","name":"Inicio - Climbat | Climbing gyms","description":"Climbat es referente en el mundo de la escalada como operador de salas de escalada orientados a p\u00fablicos de todos los niveles","potentialAction":[{"@type":"SearchAction","target":{"@type":"EntryPoint","urlTemplate":"https:\/\/climbat.com\/?s={search_term_string}"},"query-input":"required name=search_term_string"}],"inLanguage":"cat"}]}},"_links":{"self":[{"href":"https:\/\/climbat.com\/ca\/wp-json\/wp\/v2\/pages\/48546"}],"collection":[{"href":"https:\/\/climbat.com\/ca\/wp-json\/wp\/v2\/pages"}],"about":[{"href":"https:\/\/climbat.com\/ca\/wp-json\/wp\/v2\/types\/page"}],"author":[{"embeddable":true,"href":"https:\/\/climbat.com\/ca\/wp-json\/wp\/v2\/users\/3"}],"replies":[{"embeddable":true,"href":"https:\/\/climbat.com\/ca\/wp-json\/wp\/v2\/comments?post=48546"}],"version-history":[{"count":0,"href":"https:\/\/climbat.com\/ca\/wp-json\/wp\/v2\/pages\/48546\/revisions"}],"wp:attachment":[{"href":"https:\/\/climbat.com\/ca\/wp-json\/wp\/v2\/media?parent=48546"}],"wp:term":[{"taxonomy":"categoria_centro","embeddable":true,"href":"https:\/\/climbat.com\/ca\/wp-json\/wp\/v2\/categoria_centro?post=48546"}],"curies":[{"name":"wp","href":"https:\/\/api.w.org\/{rel}","templated":true}]}}