{"id":43593,"date":"2025-10-11T14:50:13","date_gmt":"2025-10-11T14:50:13","guid":{"rendered":"https:\/\/climbat.com\/?page_id=43593"},"modified":"2025-11-04T09:34:22","modified_gmt":"2025-11-04T09:34:22","slug":"servei-assessoria","status":"publish","type":"page","link":"https:\/\/climbat.com\/ca\/servei-assessoria\/","title":{"rendered":"SERVEI D&#8217;ASSESSORIA"},"content":{"rendered":"<div class=\"wpb-content-wrapper\"><section class=\"vc_row wpb_row vc_row-fluid\"><div class=\"wpb_column vc_column_container vc_col-sm-12  col-xs-mobile-fullwidth\"><div class=\"vc_column-inner  no-column-padding\"><div class=\"wpb_wrapper\"><div class=\" vc_custom_1762248832117 last-paragraph-no-margin\"><p style=\"text-align: left;\">Est\u00e0s pensant a <strong>obrir el teu propi roc\u00f2drom<\/strong> i no saps per on comen\u00e7ar? En Climbat, posem a la teva disposici\u00f3 els nostres anys d&#8217;experi\u00e8ncia en la<strong> creaci\u00f3 i gesti\u00f3 d&#8217;instal\u00b7lacions d&#8217;escalada<\/strong> per a ajudar-te a fer realitat el teu projecte.<\/p>\n<p>Encara que no oferim franqu\u00edcies, brindem <strong>serveis d&#8217;assessoria<\/strong>\u00a0especialitzada per a persones i empreses que busquen obrir el seu <strong>propi centre d&#8217;escalada<\/strong>. El nostre <strong>equip d&#8217;experts<\/strong> t&#8217;assessorar\u00e0 en totes les fases del proc\u00e9s, perqu\u00e8 puguis crear un roc\u00f2drom que s&#8217;adapti a les necessitats dels teus clients i sigui rendible des del principi.<\/p>\n<\/div><h5 class=\"text-extra-dark-gray margin-20px-bottom font-weight-600 display-inline-block alt-font heading-style2  vc_custom_1736863747394  heading-1\" >COM T'AJUDEM?<\/h5><div class=\"last-paragraph-no-margin\"><p style=\"text-align: left;\">Els nostres serveis d&#8217;assessoria\u00a0estan dissenyats per a cobrir tots els aspectes clau de l&#8217;obertura i operaci\u00f3 d&#8217;un roc\u00f2drom.<\/p>\n<\/div><\/div><\/div><\/div><\/section><section class=\"vc_row wpb_row vc_row-fluid   vc_column-gap-15\"><div class=\"wpb_column vc_column_container vc_col-has-fill column-asesoria vc_col-sm-4  col-xs-mobile-fullwidth text-center md-text-center sm-text-center xs-text-center\"><div class=\"vc_column-inner cover-background bg-position-center-top vc_custom_1737125094698\"><div class=\"wpb_wrapper\"><h3 class=\"text-extra-dark-gray margin-20px-bottom font-weight-600 home-title-climbat-social display-inline-block alt-font  pofo_font_1737125140471 text-uppercase heading-style2  vc_custom_1737125140472  heading-2\"  style=\"font-size: 24PX; line-height: 1.2; letter-spacing: 1; font-weight: 500; color: #000000;\" data-fontsize=\"24PX\" data-lineheight=\"1.2\">Pla de negoci:<br \/> An\u00e0lisi de viabilitat<\/h3><\/div><\/div><\/div><div class=\"wpb_column vc_column_container vc_col-has-fill column-asesoria vc_col-sm-4  col-xs-mobile-fullwidth text-center md-text-center sm-text-center xs-text-center\"><div class=\"vc_column-inner cover-background bg-position-center-center vc_custom_1737125105672\"><div class=\"wpb_wrapper\"><h3 class=\"text-extra-dark-gray margin-20px-bottom font-weight-600 home-title-climbat-social display-inline-block alt-font  pofo_font_1737125149233 text-uppercase heading-style2  vc_custom_1737125149233  heading-3\"  style=\"font-size: 24PX; line-height: 1.2; letter-spacing: 1; font-weight: 500; color: #000000;\" data-fontsize=\"24PX\" data-lineheight=\"1.2\">Disseny de l'espai <br \/>i planificaci\u00f3 t\u00e8cnica<\/h3><\/div><\/div><\/div><div class=\"wpb_column vc_column_container vc_col-has-fill column-asesoria vc_col-sm-4  col-xs-mobile-fullwidth text-center md-text-center sm-text-center xs-text-center\"><div class=\"vc_column-inner cover-background bg-position-center-center vc_custom_1737125117604\"><div class=\"wpb_wrapper\"><h3 class=\"text-extra-dark-gray margin-20px-bottom font-weight-600 home-title-climbat-social display-inline-block alt-font  pofo_font_1737125158401 text-uppercase heading-style2  vc_custom_1737125158401  heading-4\"  style=\"font-size: 24PX; line-height: 1.2; letter-spacing: 1; font-weight: 500; color: #000000;\" data-fontsize=\"24PX\" data-lineheight=\"1.2\">Selecci\u00f3 i instal\u00b7laci\u00f3<br \/>de l'equipament<\/h3><\/div><\/div><\/div><div class=\"wpb_column vc_column_container  col-xs-mobile-fullwidth text-center md-text-center sm-text-center xs-text-center\"><div class=\"vc_column-inner \"><div class=\"wpb_wrapper\"><div class=\"vc_row wpb_row vc_inner vc_row-fluid   vc_column-gap-15\"><div class=\"wpb_column vc_column_container vc_col-has-fill column-asesoria vc_col-sm-4  col-xs-mobile-fullwidth text-center md-text-center sm-text-center xs-text-center\"><div class=\"vc_column-inner cover-background bg-position-center-center vc_custom_1737047939354\"><div class=\"wpb_wrapper\"><h3 class=\"text-extra-dark-gray margin-20px-bottom font-weight-600 home-title-climbat-social display-inline-block alt-font  pofo_font_1737047903749 text-uppercase heading-style2  vc_custom_1737047903750  heading-5\"  style=\"font-size: 24PX; line-height: 1.8; letter-spacing: 1; font-weight: 500; color: #000000;\" data-fontsize=\"24PX\" data-lineheight=\"1.8\">Estrat\u00e8gia de m\u00e0rqueting<\/h3><\/div><\/div><\/div><div class=\"wpb_column vc_column_container vc_col-has-fill column-asesoria vc_col-sm-4  col-xs-mobile-fullwidth\"><div class=\"vc_column-inner vc_custom_1737047960379\"><div class=\"wpb_wrapper\"><h3 class=\"text-extra-dark-gray margin-20px-bottom font-weight-600 home-title-climbat-social display-inline-block alt-font  pofo_font_1737047977532 text-uppercase heading-style2  vc_custom_1737047977532  heading-6\"  style=\"font-size: 23PX; line-height: 1.8; letter-spacing: 1; font-weight: 500; color: #000000;\" data-fontsize=\"23PX\" data-lineheight=\"1.8\">Formaci\u00f3 i gesti\u00f3 del personal<\/h3><\/div><\/div><\/div><div class=\"wpb_column vc_column_container vc_col-has-fill column-asesoria vc_col-sm-4  col-xs-mobile-fullwidth\"><div class=\"vc_column-inner vc_custom_1737047996160\"><div class=\"wpb_wrapper\"><h3 class=\"text-extra-dark-gray margin-20px-bottom font-weight-600 home-title-climbat-social display-inline-block alt-font  pofo_font_1737048009673 text-uppercase heading-style2  vc_custom_1737048009673  heading-7\"  style=\"font-size: 24PX; line-height: 1.8; letter-spacing: 1; font-weight: 500; color: #000000;\" data-fontsize=\"24PX\" data-lineheight=\"1.8\">Assessorament legal<\/h3><\/div><\/div><\/div><\/div><\/div><\/div><\/div><\/section><section class=\"vc_row wpb_row vc_row-fluid\"><div class=\"wpb_column vc_column_container vc_col-sm-12  col-xs-mobile-fullwidth\"><div class=\"vc_column-inner  no-column-padding\"><div class=\"wpb_wrapper\"><h5 class=\"text-extra-dark-gray margin-20px-bottom font-weight-600 display-inline-block alt-font heading-style2  heading-8\" >PER QU\u00c8 TRIAR CLIMBAT?<\/h5><div class=\"last-paragraph-no-margin\"><p style=\"text-align: left;\"><strong>Experi\u00e8ncia comprovada<\/strong>: M\u00e9s de 20 anys en la ind\u00fastria de l&#8217;escalada i la gesti\u00f3 de roc\u00f2droms.<\/p>\n<p><strong>Assessorament personalitzat<\/strong>: Cada projecte \u00e9s \u00fanic, i oferim solucions adaptades a les necessitats espec\u00edfiques del teu negoci.<\/p>\n<p><strong>Xarxa de contactes<\/strong>: Gr\u00e0cies a la nostra traject\u00f2ria, comptem amb una \u00e0mplia xarxa de prove\u00efdors, dissenyadors i experts t\u00e8cnics en el sector.<\/p>\n<\/div><\/div><\/div><\/div><\/section><section class=\"vc_row wpb_row vc_row-fluid  vc_custom_1736445436480\"><div class=\"wpb_column vc_column_container vc_col-sm-12  col-xs-mobile-fullwidth text-left md-text-left sm-text-left xs-text-left\"><div class=\"vc_column-inner \"><div class=\"wpb_wrapper\"><h5 class=\"text-extra-dark-gray margin-20px-bottom font-weight-600 display-inline-block alt-font heading-style2  vc_custom_1737126764246  heading-9\" >CASOS D'\u00c8XIT<\/h5><div class=\"vc_row wpb_row vc_inner vc_row-fluid   vc_column-gap-15\"><div class=\"wpb_column vc_column_container vc_col-has-fill vc_col-sm-1\/5  col-xs-mobile-fullwidth\"><div class=\"vc_column-inner cover-background bg-position-center-center vc_custom_1736445192565\"><div class=\"wpb_wrapper\">[vc_single_image image=&#8221;44095&#8243; img_size=&#8221;300&#215;200&#8243; alignment=&#8221;center&#8221; onclick=&#8221;custom_link&#8221; img_link_target=&#8221;_blank&#8221; link=&#8221;https:\/\/ajuntament.barcelona.cat\/esports\/es&#8221;]<\/div><\/div><\/div><div class=\"wpb_column vc_column_container vc_col-sm-1\/5  col-xs-mobile-fullwidth\"><div class=\"vc_column-inner \"><div class=\"wpb_wrapper\">[vc_single_image image=&#8221;44089&#8243; img_size=&#8221;140&#215;120&#8243; alignment=&#8221;center&#8221; onclick=&#8221;custom_link&#8221; img_link_target=&#8221;_blank&#8221; link=&#8221;https:\/\/inefc.gencat.cat\/es\/inefc\/index.html&#8221;]<\/div><\/div><\/div><div class=\"wpb_column vc_column_container vc_col-sm-1\/5  col-xs-mobile-fullwidth\"><div class=\"vc_column-inner \"><div class=\"wpb_wrapper\">[vc_single_image image=&#8221;44100&#8243; img_size=&#8221;140&#215;120&#8243; alignment=&#8221;center&#8221; onclick=&#8221;custom_link&#8221; img_link_target=&#8221;_blank&#8221; link=&#8221;https:\/\/www.skalaroco.com\/&#8221;]<\/div><\/div><\/div><div class=\"wpb_column vc_column_container vc_col-sm-1\/5  col-xs-mobile-fullwidth\"><div class=\"vc_column-inner \"><div class=\"wpb_wrapper\">[vc_single_image image=&#8221;44269&#8243; img_size=&#8221;250&#215;110&#8243; alignment=&#8221;center&#8221; onclick=&#8221;custom_link&#8221; img_link_target=&#8221;_blank&#8221; css=&#8221;.vc_custom_1737631333975{margin-top: 20px !important;}&#8221; link=&#8221;https:\/\/fanaticlleida.com\/&#8221;]<\/div><\/div><\/div><div class=\"wpb_column vc_column_container vc_col-sm-1\/5  col-xs-mobile-fullwidth\"><div class=\"vc_column-inner \"><div class=\"wpb_wrapper\">[vc_single_image image=&#8221;44264&#8243; img_size=&#8221;250&#215;110&#8243; alignment=&#8221;center&#8221; onclick=&#8221;custom_link&#8221; img_link_target=&#8221;_blank&#8221; css=&#8221;.vc_custom_1737631142895{margin-top: 25px !important;}&#8221; link=&#8221;https:\/\/www.boulderindoor.com\/es\/inicio&#8221;]<\/div><\/div><\/div><\/div><\/div><\/div><\/div><\/section><section class=\"vc_row wpb_row vc_row-fluid\"><div class=\"wpb_column vc_column_container vc_col-sm-12  col-xs-mobile-fullwidth\"><div class=\"vc_column-inner  no-column-padding\"><div class=\"wpb_wrapper\"><h5 class=\"text-extra-dark-gray margin-20px-bottom font-weight-600 display-inline-block alt-font heading-style2  vc_custom_1737126751303  heading-10\" >COM COMEN\u00c7AR?<\/h5><div class=\"last-paragraph-no-margin\"><p style=\"text-align: left;\">Si tens una idea o un projecte en ment, contacta&#8217;ns per a una <strong>consulta inicial gratu\u00efta<\/strong>.<br \/>\nJunts analitzarem els teus objectius i t&#8217;explicarem com podem ajudar-te a construir un roc\u00f2drom que destaqui en el mercat.<\/p>\n<\/div><\/div><\/div><\/div><\/section><section class=\"vc_row wpb_row vc_row-fluid\"><div class=\"wpb_column vc_column_container vc_col-sm-12  col-xs-mobile-fullwidth text-center md-text-center sm-text-center xs-text-center\"><div class=\"vc_column-inner vc_custom_1736856273656\"><div class=\"wpb_wrapper\"><h5 class=\"text-extra-dark-gray margin-20px-bottom font-weight-600 home-title-climbat-social display-inline-block alt-font  pofo_font_1737126807826 text-uppercase heading-style2  vc_custom_1737126807826  heading-11\"  style=\"font-size: 40PX; letter-spacing: 1; font-weight: 500; color: #000000;\" data-fontsize=\"40PX\">Sol\u00b7licita la teva primera assessoria GRATIS<\/h5>\n<div class=\"wpcf7 no-js\" id=\"wpcf7-f44405-o1\" lang=\"cat\" dir=\"ltr\">\n<div class=\"screen-reader-response\"><p role=\"status\" aria-live=\"polite\" aria-atomic=\"true\"><\/p> <ul><\/ul><\/div>\n<form action=\"\/ca\/wp-json\/wp\/v2\/pages\/43593#wpcf7-f44405-o1\" method=\"post\" class=\"wpcf7-form init\" aria-label=\"Contact form\" novalidate=\"novalidate\" data-status=\"init\">\n<div style=\"display: none;\">\n<input type=\"hidden\" name=\"_wpcf7\" value=\"44405\" \/>\n<input type=\"hidden\" name=\"_wpcf7_version\" value=\"5.9.8\" \/>\n<input type=\"hidden\" name=\"_wpcf7_locale\" value=\"cat\" \/>\n<input type=\"hidden\" name=\"_wpcf7_unit_tag\" value=\"wpcf7-f44405-o1\" \/>\n<input type=\"hidden\" name=\"_wpcf7_container_post\" value=\"0\" \/>\n<input type=\"hidden\" name=\"_wpcf7_posted_data_hash\" value=\"\" \/>\n<input type=\"hidden\" name=\"_wpcf7_recaptcha_response\" value=\"\" \/>\n<\/div>\n<div class=\"row\">\n\t<div class=\"col-md-6\">\n\t\t<p><span class=\"wpcf7-form-control-wrap\" data-name=\"nombre\"><input size=\"40\" maxlength=\"400\" class=\"wpcf7-form-control wpcf7-text wpcf7-validates-as-required big-input input-form\" aria-required=\"true\" aria-invalid=\"false\" placeholder=\"* Nom\" value=\"\" type=\"text\" name=\"nombre\" \/><\/span>\n\t\t<\/p>\n\t<\/div>\n\t<div class=\"col-md-6\">\n\t\t<p><span class=\"wpcf7-form-control-wrap\" data-name=\"apellido\"><input size=\"40\" maxlength=\"400\" class=\"wpcf7-form-control wpcf7-text big-input input-form\" aria-invalid=\"false\" placeholder=\"* Cognoms\" value=\"\" type=\"text\" name=\"apellido\" \/><\/span>\n\t\t<\/p>\n\t<\/div>\n\t<div class=\"col-md-6\">\n\t\t<p><span class=\"wpcf7-form-control-wrap\" data-name=\"telefono\"><input size=\"40\" maxlength=\"400\" class=\"wpcf7-form-control wpcf7-text wpcf7-validates-as-required big-input input-form\" aria-required=\"true\" aria-invalid=\"false\" placeholder=\"* Tel\u00e8fon\" value=\"\" type=\"text\" name=\"telefono\" \/><\/span>\n\t\t<\/p>\n\t<\/div>\n\t<div class=\"col-md-6\">\n\t\t<p><span class=\"wpcf7-form-control-wrap\" data-name=\"email\"><input size=\"40\" maxlength=\"400\" class=\"wpcf7-form-control wpcf7-email wpcf7-validates-as-required wpcf7-text wpcf7-validates-as-email big-input input-form\" aria-required=\"true\" aria-invalid=\"false\" placeholder=\"* Email\" value=\"\" type=\"email\" name=\"email\" \/><\/span>\n\t\t<\/p>\n\t<\/div>\n\t<div class=\"col-md-12\">\n\t\t<p><select name='posicion' class=\"big-input input-form placeholder\">\n<option value=\"\">En quin estat est\u00e0 el teu projecte?<\/option>\n<option value=\"Personal de recepci\u00f3n\">\u00c9s un centre d'escalada actiu<\/option>\n<option value=\"T\u00e9cnico\/a o Monitor\/a\">Vull obrir un nou i tinc el local<\/option>\n<option value=\"Equipador\/a\">Vull obrir un nou i no tinc local<\/option>\n<option value=\"Otra\">Comen\u00e7ar des de zero<\/option>\n<\/select>\n\t\t<\/p>\n\t<\/div>\n\t<div class=\"col-md-12\">\n\t\t<p><span class=\"wpcf7-form-control-wrap\" data-name=\"consulta\"><textarea cols=\"40\" rows=\"10\" maxlength=\"2000\" class=\"wpcf7-form-control wpcf7-textarea big-input input-form\" aria-invalid=\"false\" placeholder=\"Explica&#039;ns una mica sobre el projecte, on t&#039;agradaria crear el centre i si tens data de quant t&#039;agradaria que est funcionant\" name=\"consulta\"><\/textarea><\/span>\n\t\t<\/p>\n\t<\/div>\n\t<div class=\"col-md-12\">\n\t\t<p><span>*<\/span> Los campos son obligatorios\n\t\t<\/p>\n\t<\/div>\n\t<div class=\"col-md-12\">\n\t\t<p><span class=\"wpcf7-form-control-wrap\" data-name=\"acepto-politicas\"><span class=\"wpcf7-form-control wpcf7-acceptance\"><span class=\"wpcf7-list-item\"><label><input type=\"checkbox\" name=\"acepto-politicas\" value=\"1\" class=\"big-input input-form\" aria-invalid=\"false\" \/><span class=\"wpcf7-list-item-label\">Accepto la pol\u00edtica de privacitat<\/span><\/label><\/span><\/span><\/span>\n\t\t<\/p>\n\t<\/div>\n\t<p><input class=\"wpcf7-form-control wpcf7-submit has-spinner btn btn_reservar_tab btn-large\" type=\"submit\" value=\"Enviar\" \/>\n\t<\/p>\n<\/div><div class=\"wpcf7-response-output\" aria-hidden=\"true\"><\/div>\n<\/form>\n<\/div>\n<\/div><\/div><\/div><\/section>\n<\/div>","protected":false},"excerpt":{"rendered":"Est\u00e0s pensant a obrir el teu propi roc\u00f2drom i no saps per on comen\u00e7ar? En Climbat, posem a la teva disposici\u00f3 els nostres anys d'experi\u00e8ncia en la creaci\u00f3 i gesti\u00f3 d'instal\u00b7lacions d'escalada per a ajudar-te a fer realitat el teu projecte. Encara que no oferim franqu\u00edcies, brindem serveis d'assessoria\u00a0especialitzada per a persones i empreses que busquen obrir el seu propi centre d'escalada. El nostre equip d'experts t'assessorar\u00e0 en totes les fases del proc\u00e9s, perqu\u00e8 puguis crear un roc\u00f2drom que s'adapti a les necessitats dels teus clients i sigui rendible des del principi. COM T'AJUDEM?Els nostres serveis d'assessoria\u00a0estan dissenyats per a cobrir tots els aspectes clau de l'obertura i operaci\u00f3 d'un roc\u00f2drom. Pla de negoci: An\u00e0lisi de viabilitatDisseny de l'espai i planificaci\u00f3 t\u00e8cnicaSelecci\u00f3 i instal\u00b7laci\u00f3de l'equipamentEstrat\u00e8gia de m\u00e0rquetingFormaci\u00f3 i gesti\u00f3 del personalAssessorament legalPER QU\u00c8 TRIAR CLIMBAT?Experi\u00e8ncia comprovada: M\u00e9s de 20 anys en la ind\u00fastria de l'escalada i la gesti\u00f3 de roc\u00f2droms. Assessorament personalitzat: Cada projecte \u00e9s \u00fanic, i oferim solucions adaptades a les necessitats espec\u00edfiques del teu negoci. Xarxa de contactes: Gr\u00e0cies a la nostra traject\u00f2ria, comptem amb una \u00e0mplia xarxa de prove\u00efdors, dissenyadors i experts t\u00e8cnics en el sector. CASOS D'\u00c8XIT[vc_single_image image=\"44095\" img_size=\"300x200\" alignment=\"center\" onclick=\"custom_link\" img_link_target=\"_blank\" link=\"https:\/\/ajuntament.barcelona.cat\/esports\/es\"][vc_single_image image=\"44089\" img_size=\"140x120\" alignment=\"center\"...","protected":false},"author":2,"featured_media":0,"parent":0,"menu_order":0,"comment_status":"closed","ping_status":"closed","template":"","meta":{"footnotes":""},"categoria_centro":[],"acf":[],"yoast_head":"<!-- This site is optimized with the Yoast SEO plugin v22.5 - https:\/\/yoast.com\/wordpress\/plugins\/seo\/ -->\n<title>Servei de Consultoria | Obre el teu centre d\u2019escalada amb Climbat<\/title>\n<meta name=\"description\" content=\"Vols obrir un roc\u00f2drom o centre d\u2019escalada? Climbat ofereix consultoria especialitzada: pla de negoci, disseny, equipament, m\u00e0rqueting i gesti\u00f3 per fer realitat el teu projecte.\" \/>\n<meta name=\"robots\" content=\"index, follow, max-snippet:-1, max-image-preview:large, max-video-preview:-1\" \/>\n<link rel=\"canonical\" href=\"https:\/\/climbat.com\/ca\/servei-assessoria\/\" \/>\n<meta property=\"og:locale\" content=\"en_US\" \/>\n<meta property=\"og:type\" content=\"article\" \/>\n<meta property=\"og:title\" content=\"Servei de Consultoria | Obre el teu centre d\u2019escalada amb Climbat\" \/>\n<meta property=\"og:description\" content=\"Vols obrir un roc\u00f2drom o centre d\u2019escalada? Climbat ofereix consultoria especialitzada: pla de negoci, disseny, equipament, m\u00e0rqueting i gesti\u00f3 per fer realitat el teu projecte.\" \/>\n<meta property=\"og:url\" content=\"https:\/\/climbat.com\/ca\/servei-assessoria\/\" \/>\n<meta property=\"og:site_name\" content=\"Inicio - Climbat | Climbing gyms\" \/>\n<meta property=\"article:modified_time\" content=\"2025-11-04T09:34:22+00:00\" \/>\n<meta name=\"twitter:card\" content=\"summary_large_image\" \/>\n<meta name=\"twitter:label1\" content=\"Est. reading time\" \/>\n\t<meta name=\"twitter:data1\" content=\"5 minutes\" \/>\n<script type=\"application\/ld+json\" class=\"yoast-schema-graph\">{\"@context\":\"https:\/\/schema.org\",\"@graph\":[{\"@type\":\"WebPage\",\"@id\":\"https:\/\/climbat.com\/ca\/servei-assessoria\/\",\"url\":\"https:\/\/climbat.com\/ca\/servei-assessoria\/\",\"name\":\"Servei de Consultoria | Obre el teu centre d\u2019escalada amb Climbat\",\"isPartOf\":{\"@id\":\"https:\/\/climbat.com\/#website\"},\"datePublished\":\"2025-10-11T14:50:13+00:00\",\"dateModified\":\"2025-11-04T09:34:22+00:00\",\"description\":\"Vols obrir un roc\u00f2drom o centre d\u2019escalada? Climbat ofereix consultoria especialitzada: pla de negoci, disseny, equipament, m\u00e0rqueting i gesti\u00f3 per fer realitat el teu projecte.\",\"breadcrumb\":{\"@id\":\"https:\/\/climbat.com\/ca\/servei-assessoria\/#breadcrumb\"},\"inLanguage\":\"cat\",\"potentialAction\":[{\"@type\":\"ReadAction\",\"target\":[\"https:\/\/climbat.com\/ca\/servei-assessoria\/\"]}]},{\"@type\":\"BreadcrumbList\",\"@id\":\"https:\/\/climbat.com\/ca\/servei-assessoria\/#breadcrumb\",\"itemListElement\":[{\"@type\":\"ListItem\",\"position\":1,\"name\":\"Portada\",\"item\":\"https:\/\/climbat.com\/ca\/\"},{\"@type\":\"ListItem\",\"position\":2,\"name\":\"SERVEI D&#8217;ASSESSORIA\"}]},{\"@type\":\"WebSite\",\"@id\":\"https:\/\/climbat.com\/#website\",\"url\":\"https:\/\/climbat.com\/\",\"name\":\"Inicio - Climbat | Climbing gyms\",\"description\":\"Climbat es referente en el mundo de la escalada como operador de salas de escalada orientados a p\u00fablicos de todos los niveles\",\"potentialAction\":[{\"@type\":\"SearchAction\",\"target\":{\"@type\":\"EntryPoint\",\"urlTemplate\":\"https:\/\/climbat.com\/?s={search_term_string}\"},\"query-input\":\"required name=search_term_string\"}],\"inLanguage\":\"cat\"}]}<\/script>\n<!-- \/ Yoast SEO plugin. -->","yoast_head_json":{"title":"Servei de Consultoria | Obre el teu centre d\u2019escalada amb Climbat","description":"Vols obrir un roc\u00f2drom o centre d\u2019escalada? Climbat ofereix consultoria especialitzada: pla de negoci, disseny, equipament, m\u00e0rqueting i gesti\u00f3 per fer realitat el teu projecte.","robots":{"index":"index","follow":"follow","max-snippet":"max-snippet:-1","max-image-preview":"max-image-preview:large","max-video-preview":"max-video-preview:-1"},"canonical":"https:\/\/climbat.com\/ca\/servei-assessoria\/","og_locale":"en_US","og_type":"article","og_title":"Servei de Consultoria | Obre el teu centre d\u2019escalada amb Climbat","og_description":"Vols obrir un roc\u00f2drom o centre d\u2019escalada? Climbat ofereix consultoria especialitzada: pla de negoci, disseny, equipament, m\u00e0rqueting i gesti\u00f3 per fer realitat el teu projecte.","og_url":"https:\/\/climbat.com\/ca\/servei-assessoria\/","og_site_name":"Inicio - Climbat | Climbing gyms","article_modified_time":"2025-11-04T09:34:22+00:00","twitter_card":"summary_large_image","twitter_misc":{"Est. reading time":"5 minutes"},"schema":{"@context":"https:\/\/schema.org","@graph":[{"@type":"WebPage","@id":"https:\/\/climbat.com\/ca\/servei-assessoria\/","url":"https:\/\/climbat.com\/ca\/servei-assessoria\/","name":"Servei de Consultoria | Obre el teu centre d\u2019escalada amb Climbat","isPartOf":{"@id":"https:\/\/climbat.com\/#website"},"datePublished":"2025-10-11T14:50:13+00:00","dateModified":"2025-11-04T09:34:22+00:00","description":"Vols obrir un roc\u00f2drom o centre d\u2019escalada? Climbat ofereix consultoria especialitzada: pla de negoci, disseny, equipament, m\u00e0rqueting i gesti\u00f3 per fer realitat el teu projecte.","breadcrumb":{"@id":"https:\/\/climbat.com\/ca\/servei-assessoria\/#breadcrumb"},"inLanguage":"cat","potentialAction":[{"@type":"ReadAction","target":["https:\/\/climbat.com\/ca\/servei-assessoria\/"]}]},{"@type":"BreadcrumbList","@id":"https:\/\/climbat.com\/ca\/servei-assessoria\/#breadcrumb","itemListElement":[{"@type":"ListItem","position":1,"name":"Portada","item":"https:\/\/climbat.com\/ca\/"},{"@type":"ListItem","position":2,"name":"SERVEI D&#8217;ASSESSORIA"}]},{"@type":"WebSite","@id":"https:\/\/climbat.com\/#website","url":"https:\/\/climbat.com\/","name":"Inicio - Climbat | Climbing gyms","description":"Climbat es referente en el mundo de la escalada como operador de salas de escalada orientados a p\u00fablicos de todos los niveles","potentialAction":[{"@type":"SearchAction","target":{"@type":"EntryPoint","urlTemplate":"https:\/\/climbat.com\/?s={search_term_string}"},"query-input":"required name=search_term_string"}],"inLanguage":"cat"}]}},"_links":{"self":[{"href":"https:\/\/climbat.com\/ca\/wp-json\/wp\/v2\/pages\/43593"}],"collection":[{"href":"https:\/\/climbat.com\/ca\/wp-json\/wp\/v2\/pages"}],"about":[{"href":"https:\/\/climbat.com\/ca\/wp-json\/wp\/v2\/types\/page"}],"author":[{"embeddable":true,"href":"https:\/\/climbat.com\/ca\/wp-json\/wp\/v2\/users\/2"}],"replies":[{"embeddable":true,"href":"https:\/\/climbat.com\/ca\/wp-json\/wp\/v2\/comments?post=43593"}],"version-history":[{"count":0,"href":"https:\/\/climbat.com\/ca\/wp-json\/wp\/v2\/pages\/43593\/revisions"}],"wp:attachment":[{"href":"https:\/\/climbat.com\/ca\/wp-json\/wp\/v2\/media?parent=43593"}],"wp:term":[{"taxonomy":"categoria_centro","embeddable":true,"href":"https:\/\/climbat.com\/ca\/wp-json\/wp\/v2\/categoria_centro?post=43593"}],"curies":[{"name":"wp","href":"https:\/\/api.w.org\/{rel}","templated":true}]}}