{"id":42773,"date":"2025-10-11T09:46:14","date_gmt":"2025-10-11T09:46:14","guid":{"rendered":"https:\/\/climbat.com\/?page_id=42773"},"modified":"2025-10-28T12:52:03","modified_gmt":"2025-10-28T12:52:03","slug":"uneix-te-al-climbat-staff","status":"publish","type":"page","link":"https:\/\/climbat.com\/ca\/uneix-te-al-climbat-staff\/","title":{"rendered":"UNEIX-TE AL CLIMBAT STAFF"},"content":{"rendered":"<div class=\"wpb-content-wrapper\"><section class=\"vc_row wpb_row vc_row-fluid\"><div class=\"wpb_column vc_column_container vc_col-sm-6  col-xs-mobile-fullwidth\"><div class=\"vc_column-inner \"><div class=\"wpb_wrapper\">[vc_single_image image=&#8221;42877&#8243; img_size=&#8221;full&#8221; alignment=&#8221;center&#8221; style=&#8221;vc_box_rounded&#8221;]<\/div><\/div><\/div><div class=\"wpb_column vc_column_container vc_col-sm-6  col-xs-mobile-fullwidth\"><div class=\"vc_column-inner \"><div class=\"wpb_wrapper\"><h5 class=\"text-extra-dark-gray margin-20px-bottom font-weight-600 display-inline-block alt-font heading-style2  heading-1\" >TREBALLA A CLIMBAT<\/h5><div class=\"last-paragraph-no-margin\"><p style=\"text-align: left;\">Si busques una feina en la qual puguis desenvolupar la teva passi\u00f3 per l&#8217;escalada, tinguis possibilitats de creixement i formar part d&#8217;un equip jove i din\u00e0mic, Climbat \u00e9s el lloc ideal per tu.<\/p>\n<p style=\"text-align: left;\">Climbat va n\u00e9ixer fa m\u00e9s de 18 anys amb una passi\u00f3, l&#8217;escalada i amb una missi\u00f3, fomentar-la, fer cr\u00e9ixer el nombre de practicants i fer-la accessible per a tots i totes.<\/p>\n<\/div><h5 class=\"text-extra-dark-gray margin-20px-bottom font-weight-600 display-inline-block alt-font heading-style2  vc_custom_1725348535273  heading-2\" >ELS NOSTRES VALORS<\/h5><div class=\"last-paragraph-no-margin\"><ul>\n<li style=\"text-align: left;\"><strong>Passi\u00f3:<\/strong> Vivim i respirem escalada.<\/li>\n<li style=\"text-align: left;\"><strong>Comprom\u00eds:<\/strong> Oferim una experi\u00e8ncia \u00fanica als nostres clients.<\/li>\n<li style=\"text-align: left;\"><strong>Excel\u00b7l\u00e8ncia:<\/strong> Busquem la qualitat en tot el que fem.<\/li>\n<li style=\"text-align: left;\"><strong>Uni\u00f3:<\/strong> Treballem en equip per a aconseguir els nostres objectius.<\/li>\n<li style=\"text-align: left;\"><strong>Igualtat:<\/strong> Promovem un ambient de treball inclusiu i respectu\u00f3s amb la diversitat.<\/li>\n<li style=\"text-align: left;\"><strong>Sostenibilitat:<\/strong> Ens comprometem amb el medi ambient i la responsabilitat social.<\/li>\n<\/ul>\n<\/div><\/div><\/div><\/div><\/section><section class=\"vc_row wpb_row vc_row-fluid  vc_custom_1725523249078 vc_row-o-content-middle vc_row-flex\"><div class=\"wpb_column vc_column_container vc_col-sm-12  col-xs-mobile-fullwidth text-center md-text-center sm-text-center xs-text-center\"><div class=\"vc_column-inner \"><div class=\"wpb_wrapper\"><h4 class=\"text-extra-dark-gray margin-20px-bottom font-weight-600 display-inline-block alt-font heading-style2  heading-3\" >QU\u00c8 BUSQUEM?<\/h4><\/div><\/div><\/div><\/section><section class=\"vc_row wpb_row vc_row-fluid\"><div class=\"wpb_column vc_column_container vc_col-sm-4  col-xs-mobile-fullwidth\"><div class=\"vc_column-inner \"><div class=\"wpb_wrapper\">[vc_single_image image=&#8221;42853&#8243; img_size=&#8221;350&#215;300&#8243; alignment=&#8221;center&#8221; style=&#8221;vc_box_rounded&#8221;]<h6 class=\"text-extra-dark-gray margin-20px-bottom font-weight-600 display-inline-block alt-font heading-style2  vc_custom_1725355246662  heading-4\" >PERSONAL DE RECEPCI\u00d3<\/h6><div class=\" vc_custom_1725355934460 last-paragraph-no-margin\"><p style=\"text-align: left;\">Benvinguda als usuaris\/as, gesti\u00f3 d&#8217;inscripcions, atenci\u00f3 al client a Climbat Caf\u00e8, venda d&#8217;entrades i productes de botiga i consultes.<\/p>\n<\/div><\/div><\/div><\/div><div class=\"wpb_column vc_column_container vc_col-sm-4  col-xs-mobile-fullwidth\"><div class=\"vc_column-inner \"><div class=\"wpb_wrapper\">[vc_single_image image=&#8221;42848&#8243; img_size=&#8221;350&#215;300&#8243; alignment=&#8221;center&#8221; style=&#8221;vc_box_rounded&#8221;]<h6 class=\"text-extra-dark-gray margin-20px-bottom font-weight-600 display-inline-block alt-font heading-style2  vc_custom_1725355997398  heading-5\" >T\u00c8CNIC\/A O MONITOR\/A<\/h6><div class=\" vc_custom_1725924052767 last-paragraph-no-margin\"><p style=\"text-align: left;\">Encarregats de dinamitzar les activitats, l&#8217;escola d&#8217;escalada, els cursos i els grups d&#8217;entrenament fomentant l&#8217;aprenentatge i desenvolupament d&#8217;habilitats sense oblidar el vessant l\u00fadic.<\/p>\n<\/div><\/div><\/div><\/div><div class=\"wpb_column vc_column_container vc_col-sm-4  col-xs-mobile-fullwidth\"><div class=\"vc_column-inner \"><div class=\"wpb_wrapper\">[vc_single_image image=&#8221;42892&#8243; img_size=&#8221;350&#215;300&#8243; alignment=&#8221;center&#8221; style=&#8221;vc_box_rounded&#8221;]<h6 class=\"text-extra-dark-gray margin-20px-bottom font-weight-600 display-inline-block alt-font heading-style2  vc_custom_1725356019674  heading-6\" >EQUIPADOR\/A<\/h6><div class=\" vc_custom_1725924030116 last-paragraph-no-margin\"><p>Disseny i equipaci\u00f3 dels blocs i vies del roc\u00f2drom buscant que els escaladors i escaladores tinguin reptes per a tots els nivells i variats.<\/p>\n<\/div><\/div><\/div><\/div><\/section><section class=\"vc_row wpb_row vc_row-fluid  vc_custom_1725523249078 vc_row-o-content-middle vc_row-flex\"><div class=\"wpb_column vc_column_container vc_col-sm-12  col-xs-mobile-fullwidth text-center md-text-center sm-text-center xs-text-center\"><div class=\"vc_column-inner \"><div class=\"wpb_wrapper\"><h4 class=\"text-extra-dark-gray margin-20px-bottom font-weight-600 display-inline-block alt-font heading-style2  heading-7\" >ENVIA\u2019NS EL TEU CV<\/h4><\/div><\/div><\/div><\/section><section class=\"vc_row wpb_row vc_row-fluid\"><div class=\"wpb_column vc_column_container vc_col-sm-12  col-xs-mobile-fullwidth\"><div class=\"vc_column-inner \"><div class=\"wpb_wrapper\">\n<div class=\"wpcf7 no-js\" id=\"wpcf7-f42926-o1\" lang=\"cat\" dir=\"ltr\">\n<div class=\"screen-reader-response\"><p role=\"status\" aria-live=\"polite\" aria-atomic=\"true\"><\/p> <ul><\/ul><\/div>\n<form action=\"\/ca\/wp-json\/wp\/v2\/pages\/42773#wpcf7-f42926-o1\" method=\"post\" class=\"wpcf7-form init\" aria-label=\"Contact form\" enctype=\"multipart\/form-data\" novalidate=\"novalidate\" data-status=\"init\">\n<div style=\"display: none;\">\n<input type=\"hidden\" name=\"_wpcf7\" value=\"42926\" \/>\n<input type=\"hidden\" name=\"_wpcf7_version\" value=\"5.9.8\" \/>\n<input type=\"hidden\" name=\"_wpcf7_locale\" value=\"cat\" \/>\n<input type=\"hidden\" name=\"_wpcf7_unit_tag\" value=\"wpcf7-f42926-o1\" \/>\n<input type=\"hidden\" name=\"_wpcf7_container_post\" value=\"0\" \/>\n<input type=\"hidden\" name=\"_wpcf7_posted_data_hash\" value=\"\" \/>\n<input type=\"hidden\" name=\"_wpcf7_recaptcha_response\" value=\"\" \/>\n<\/div>\n<div class=\"row\">\n\t<div class=\"col-md-6\">\n\t\t<p><span class=\"wpcf7-form-control-wrap\" data-name=\"nombre\"><input size=\"40\" maxlength=\"400\" class=\"wpcf7-form-control wpcf7-text wpcf7-validates-as-required big-input input-form\" aria-required=\"true\" aria-invalid=\"false\" placeholder=\"* Nom\" value=\"\" type=\"text\" name=\"nombre\" \/><\/span>\n\t\t<\/p>\n\t<\/div>\n\t<div class=\"col-md-6\">\n\t\t<p><span class=\"wpcf7-form-control-wrap\" data-name=\"apellido\"><input size=\"40\" maxlength=\"400\" class=\"wpcf7-form-control wpcf7-text big-input input-form\" aria-invalid=\"false\" placeholder=\"* Cognoms\" value=\"\" type=\"text\" name=\"apellido\" \/><\/span>\n\t\t<\/p>\n\t<\/div>\n\t<div class=\"col-md-6\">\n\t\t<p><span class=\"wpcf7-form-control-wrap\" data-name=\"telefono\"><input size=\"40\" maxlength=\"400\" class=\"wpcf7-form-control wpcf7-text wpcf7-validates-as-required big-input input-form\" aria-required=\"true\" aria-invalid=\"false\" placeholder=\"* Tel\u00e8fon\" value=\"\" type=\"text\" name=\"telefono\" \/><\/span>\n\t\t<\/p>\n\t<\/div>\n\t<div class=\"col-md-6\">\n\t\t<p><span class=\"wpcf7-form-control-wrap\" data-name=\"email\"><input size=\"40\" maxlength=\"400\" class=\"wpcf7-form-control wpcf7-email wpcf7-validates-as-required wpcf7-text wpcf7-validates-as-email big-input input-form\" aria-required=\"true\" aria-invalid=\"false\" placeholder=\"* E-mail\" value=\"\" type=\"email\" name=\"email\" \/><\/span>\n\t\t<\/p>\n\t<\/div>\n\t<div class=\"col-md-12\">\n\t\t<p><span class=\"wpcf7-form-control-wrap\" data-name=\"Centros\"><select class=\"wpcf7-form-control wpcf7-select wpcf7-validates-as-required big-input input-form\" aria-required=\"true\" aria-invalid=\"false\" name=\"Centros\"><option value=\"\">Selecciona un centre<\/option><option value=\"AVIL\u00c9S\">AVIL\u00c9S<\/option><option value=\"BARAKALDO\">BARAKALDO<\/option><option value=\"BARCELONA - LA FOIXARDA\">BARCELONA - LA FOIXARDA<\/option><option value=\"MADRID - X-MADRID\">MADRID - X-MADRID<\/option><option value=\"ZARAGOZA\">ZARAGOZA<\/option><\/select><\/span>\n\t\t<\/p>\n\t<\/div>\n\t<div class=\"col-md-12\">\n\t\t<p><select name='posicion' class=\"big-input input-form placeholder\">\n<option value=\"\">En quina posici\u00f3 estaries interessat\/da? <\/option>\n<option value=\"Personal de recepci\u00f3\">Personal de recepci\u00f3<\/option>\n<option value=\"T\u00e9cnic\/a o Monitor\/a\">T\u00e9cnic\/a o Monitor\/a<\/option>\n<option value=\"Equipador\/a\">Equipador\/a<\/option>\n<option value=\"Altre\">Altre<\/option>\n<\/select>\n\t\t<\/p>\n\t<\/div>\n\t<div class=\"col-md-12\">\n\t\t<p><span class=\"wpcf7-form-control-wrap\" data-name=\"consulta\"><textarea cols=\"40\" rows=\"10\" maxlength=\"2000\" class=\"wpcf7-form-control wpcf7-textarea big-input input-form\" aria-invalid=\"false\" placeholder=\"Carta de presentaci\u00f3\" name=\"consulta\"><\/textarea><\/span>\n\t\t<\/p>\n\t<\/div>\n\t<div class=\"col-md-12\">\n\t\t<p><span class=\"wpcf7-form-control-wrap\" data-name=\"cv\"><input size=\"40\" class=\"wpcf7-form-control wpcf7-file wpcf7-validates-as-required btn btn_reservar_tab btn-large\" id=\"formcv\" accept=\".pdf\" aria-required=\"true\" aria-invalid=\"false\" type=\"file\" name=\"cv\" \/><\/span>\n\t\t<\/p>\n\t<\/div>\n\t<div class=\"col-md-12\">\n\t\t<p><span>*<\/span> Els camps s\u00f3n obligatoris\n\t\t<\/p>\n\t<\/div>\n\t<div class=\"col-md-12\">\n\t\t<p><span class=\"wpcf7-form-control-wrap\" data-name=\"acepto-politicas\"><span class=\"wpcf7-form-control wpcf7-acceptance\"><span class=\"wpcf7-list-item\"><label><input type=\"checkbox\" name=\"acepto-politicas\" value=\"1\" class=\"big-input input-form\" aria-invalid=\"false\" \/><span class=\"wpcf7-list-item-label\">Accepto la pol\u00edtica de privacitat<\/span><\/label><\/span><\/span><\/span>\n\t\t<\/p>\n\t<\/div>\n\t<p><input class=\"wpcf7-form-control wpcf7-submit has-spinner btn btn_reservar_tab btn-large\" type=\"submit\" value=\"Enviar\" \/>\n\t<\/p>\n<\/div><div class=\"wpcf7-response-output\" aria-hidden=\"true\"><\/div>\n<\/form>\n<\/div>\n<\/div><\/div><\/div><\/section>\n<\/div>","protected":false},"excerpt":{"rendered":"[vc_single_image image=\"42877\" img_size=\"full\" alignment=\"center\" style=\"vc_box_rounded\"]TREBALLA A CLIMBATSi busques una feina en la qual puguis desenvolupar la teva passi\u00f3 per l'escalada, tinguis possibilitats de creixement i formar part d'un equip jove i din\u00e0mic, Climbat \u00e9s el lloc ideal per tu. Climbat va n\u00e9ixer fa m\u00e9s de 18 anys amb una passi\u00f3, l'escalada i amb una missi\u00f3, fomentar-la, fer cr\u00e9ixer el nombre de practicants i fer-la accessible per a tots i totes. ELS NOSTRES VALORS Passi\u00f3: Vivim i respirem escalada. Comprom\u00eds: Oferim una experi\u00e8ncia \u00fanica als nostres clients. Excel\u00b7l\u00e8ncia: Busquem la qualitat en tot el que fem. Uni\u00f3: Treballem en equip per a aconseguir els nostres objectius. Igualtat: Promovem un ambient de treball inclusiu i respectu\u00f3s amb la diversitat. Sostenibilitat: Ens comprometem amb el medi ambient i la responsabilitat social. QU\u00c8 BUSQUEM?[vc_single_image image=\"42853\" img_size=\"350x300\" alignment=\"center\" style=\"vc_box_rounded\"]PERSONAL DE RECEPCI\u00d3Benvinguda als usuaris\/as, gesti\u00f3 d'inscripcions, atenci\u00f3 al client a Climbat Caf\u00e8, venda d'entrades i productes de botiga i consultes. [vc_single_image image=\"42848\" img_size=\"350x300\" alignment=\"center\" style=\"vc_box_rounded\"]T\u00c8CNIC\/A O MONITOR\/AEncarregats de dinamitzar les activitats, l'escola d'escalada, els cursos i els grups d'entrenament fomentant l'aprenentatge i desenvolupament d'habilitats sense oblidar el vessant l\u00fadic. [vc_single_image image=\"42892\" img_size=\"350x300\" alignment=\"center\" style=\"vc_box_rounded\"]EQUIPADOR\/ADisseny i equipaci\u00f3 dels blocs i vies del roc\u00f2drom buscant que els escaladors...","protected":false},"author":2,"featured_media":0,"parent":0,"menu_order":0,"comment_status":"closed","ping_status":"closed","template":"","meta":{"footnotes":""},"categoria_centro":[],"acf":[],"yoast_head":"<!-- This site is optimized with the Yoast SEO plugin v22.5 - https:\/\/yoast.com\/wordpress\/plugins\/seo\/ -->\n<title>Uneix-te al Climbat Staff | Treballa al roc\u00f2drom<\/title>\n<meta name=\"description\" content=\"Vols formar part de l\u2019equip de Climbat Barcelona? Descobreix les vacants i envia\u2019ns el teu CV per treballar en el sector de l&#039;escalada.\" \/>\n<meta name=\"robots\" content=\"index, follow, max-snippet:-1, max-image-preview:large, max-video-preview:-1\" \/>\n<link rel=\"canonical\" href=\"https:\/\/climbat.com\/ca\/uneix-te-al-climbat-staff\/\" \/>\n<meta property=\"og:locale\" content=\"en_US\" \/>\n<meta property=\"og:type\" content=\"article\" \/>\n<meta property=\"og:title\" content=\"Uneix-te al Climbat Staff | Treballa al roc\u00f2drom\" \/>\n<meta property=\"og:description\" content=\"Vols formar part de l\u2019equip de Climbat Barcelona? Descobreix les vacants i envia\u2019ns el teu CV per treballar en el sector de l&#039;escalada.\" \/>\n<meta property=\"og:url\" content=\"https:\/\/climbat.com\/ca\/uneix-te-al-climbat-staff\/\" \/>\n<meta property=\"og:site_name\" content=\"Inicio - Climbat | Climbing gyms\" \/>\n<meta property=\"article:modified_time\" content=\"2025-10-28T12:52:03+00:00\" \/>\n<meta name=\"twitter:card\" content=\"summary_large_image\" \/>\n<meta name=\"twitter:label1\" content=\"Est. reading time\" \/>\n\t<meta name=\"twitter:data1\" content=\"2 minutes\" \/>\n<script type=\"application\/ld+json\" class=\"yoast-schema-graph\">{\"@context\":\"https:\/\/schema.org\",\"@graph\":[{\"@type\":\"WebPage\",\"@id\":\"https:\/\/climbat.com\/ca\/uneix-te-al-climbat-staff\/\",\"url\":\"https:\/\/climbat.com\/ca\/uneix-te-al-climbat-staff\/\",\"name\":\"Uneix-te al Climbat Staff | Treballa al roc\u00f2drom\",\"isPartOf\":{\"@id\":\"https:\/\/climbat.com\/#website\"},\"datePublished\":\"2025-10-11T09:46:14+00:00\",\"dateModified\":\"2025-10-28T12:52:03+00:00\",\"description\":\"Vols formar part de l\u2019equip de Climbat Barcelona? Descobreix les vacants i envia\u2019ns el teu CV per treballar en el sector de l'escalada.\",\"breadcrumb\":{\"@id\":\"https:\/\/climbat.com\/ca\/uneix-te-al-climbat-staff\/#breadcrumb\"},\"inLanguage\":\"cat\",\"potentialAction\":[{\"@type\":\"ReadAction\",\"target\":[\"https:\/\/climbat.com\/ca\/uneix-te-al-climbat-staff\/\"]}]},{\"@type\":\"BreadcrumbList\",\"@id\":\"https:\/\/climbat.com\/ca\/uneix-te-al-climbat-staff\/#breadcrumb\",\"itemListElement\":[{\"@type\":\"ListItem\",\"position\":1,\"name\":\"Portada\",\"item\":\"https:\/\/climbat.com\/ca\/\"},{\"@type\":\"ListItem\",\"position\":2,\"name\":\"UNEIX-TE AL CLIMBAT STAFF\"}]},{\"@type\":\"WebSite\",\"@id\":\"https:\/\/climbat.com\/#website\",\"url\":\"https:\/\/climbat.com\/\",\"name\":\"Inicio - Climbat | Climbing gyms\",\"description\":\"Climbat es referente en el mundo de la escalada como operador de salas de escalada orientados a p\u00fablicos de todos los niveles\",\"potentialAction\":[{\"@type\":\"SearchAction\",\"target\":{\"@type\":\"EntryPoint\",\"urlTemplate\":\"https:\/\/climbat.com\/?s={search_term_string}\"},\"query-input\":\"required name=search_term_string\"}],\"inLanguage\":\"cat\"}]}<\/script>\n<!-- \/ Yoast SEO plugin. -->","yoast_head_json":{"title":"Uneix-te al Climbat Staff | Treballa al roc\u00f2drom","description":"Vols formar part de l\u2019equip de Climbat Barcelona? Descobreix les vacants i envia\u2019ns el teu CV per treballar en el sector de l'escalada.","robots":{"index":"index","follow":"follow","max-snippet":"max-snippet:-1","max-image-preview":"max-image-preview:large","max-video-preview":"max-video-preview:-1"},"canonical":"https:\/\/climbat.com\/ca\/uneix-te-al-climbat-staff\/","og_locale":"en_US","og_type":"article","og_title":"Uneix-te al Climbat Staff | Treballa al roc\u00f2drom","og_description":"Vols formar part de l\u2019equip de Climbat Barcelona? Descobreix les vacants i envia\u2019ns el teu CV per treballar en el sector de l'escalada.","og_url":"https:\/\/climbat.com\/ca\/uneix-te-al-climbat-staff\/","og_site_name":"Inicio - Climbat | Climbing gyms","article_modified_time":"2025-10-28T12:52:03+00:00","twitter_card":"summary_large_image","twitter_misc":{"Est. reading time":"2 minutes"},"schema":{"@context":"https:\/\/schema.org","@graph":[{"@type":"WebPage","@id":"https:\/\/climbat.com\/ca\/uneix-te-al-climbat-staff\/","url":"https:\/\/climbat.com\/ca\/uneix-te-al-climbat-staff\/","name":"Uneix-te al Climbat Staff | Treballa al roc\u00f2drom","isPartOf":{"@id":"https:\/\/climbat.com\/#website"},"datePublished":"2025-10-11T09:46:14+00:00","dateModified":"2025-10-28T12:52:03+00:00","description":"Vols formar part de l\u2019equip de Climbat Barcelona? Descobreix les vacants i envia\u2019ns el teu CV per treballar en el sector de l'escalada.","breadcrumb":{"@id":"https:\/\/climbat.com\/ca\/uneix-te-al-climbat-staff\/#breadcrumb"},"inLanguage":"cat","potentialAction":[{"@type":"ReadAction","target":["https:\/\/climbat.com\/ca\/uneix-te-al-climbat-staff\/"]}]},{"@type":"BreadcrumbList","@id":"https:\/\/climbat.com\/ca\/uneix-te-al-climbat-staff\/#breadcrumb","itemListElement":[{"@type":"ListItem","position":1,"name":"Portada","item":"https:\/\/climbat.com\/ca\/"},{"@type":"ListItem","position":2,"name":"UNEIX-TE AL CLIMBAT STAFF"}]},{"@type":"WebSite","@id":"https:\/\/climbat.com\/#website","url":"https:\/\/climbat.com\/","name":"Inicio - Climbat | Climbing gyms","description":"Climbat es referente en el mundo de la escalada como operador de salas de escalada orientados a p\u00fablicos de todos los niveles","potentialAction":[{"@type":"SearchAction","target":{"@type":"EntryPoint","urlTemplate":"https:\/\/climbat.com\/?s={search_term_string}"},"query-input":"required name=search_term_string"}],"inLanguage":"cat"}]}},"_links":{"self":[{"href":"https:\/\/climbat.com\/ca\/wp-json\/wp\/v2\/pages\/42773"}],"collection":[{"href":"https:\/\/climbat.com\/ca\/wp-json\/wp\/v2\/pages"}],"about":[{"href":"https:\/\/climbat.com\/ca\/wp-json\/wp\/v2\/types\/page"}],"author":[{"embeddable":true,"href":"https:\/\/climbat.com\/ca\/wp-json\/wp\/v2\/users\/2"}],"replies":[{"embeddable":true,"href":"https:\/\/climbat.com\/ca\/wp-json\/wp\/v2\/comments?post=42773"}],"version-history":[{"count":0,"href":"https:\/\/climbat.com\/ca\/wp-json\/wp\/v2\/pages\/42773\/revisions"}],"wp:attachment":[{"href":"https:\/\/climbat.com\/ca\/wp-json\/wp\/v2\/media?parent=42773"}],"wp:term":[{"taxonomy":"categoria_centro","embeddable":true,"href":"https:\/\/climbat.com\/ca\/wp-json\/wp\/v2\/categoria_centro?post=42773"}],"curies":[{"name":"wp","href":"https:\/\/api.w.org\/{rel}","templated":true}]}}