{"id":41710,"date":"2025-10-11T08:22:56","date_gmt":"2025-10-11T08:22:56","guid":{"rendered":"https:\/\/climbat.com\/?page_id=41710"},"modified":"2025-10-28T12:35:48","modified_gmt":"2025-10-28T12:35:48","slug":"avis-legal","status":"publish","type":"page","link":"https:\/\/climbat.com\/ca\/avis-legal\/","title":{"rendered":"Av\u00eds legal"},"content":{"rendered":"\n<p><strong>TITULARITAT<\/strong><\/p>\n\n\n\n<p>En compliment de les obligacions establertes en l&#8217;article 10 de la Llei 34\/2002, d&#8217;11 de juliol, de Serveis de la Societat de la Informaci\u00f3 i Comer\u00e7 Electr\u00f2nic, es fa constar que aquesta p\u00e0gina correspon a l&#8217;entitat:<\/p>\n\n\n\n<p>TOP30, S.L. CIF: B33368853<\/p>\n\n\n\n<p>Domicili: PG de Maqua-Fase II-Naus 18 19, Gozon, 33440, Ast\u00faries.<\/p>\n\n\n\n<p>E-mail: protecciondedatos@ep-centers.com<\/p>\n\n\n\n<p>Web: www.climbat.com<\/p>\n\n\n\n<p>Inscripci\u00f3 de l&#8217;entitat:<\/p>\n\n\n\n<ul>\n<li>Empresa: Registro Mercantil de Asturias, Secci\u00f3n: -, Hoja:AS-4402, Tomo:1280, Libro:-, Folio: 67<\/li>\n<\/ul>\n\n\n\n<p><strong>USUARIS\/ES<\/strong><\/p>\n\n\n\n<p>L&#8217;acc\u00e9s i\/o \u00fas d&#8217;aquest portal de TOP30, S.L. atribueix la condici\u00f3 d&#8217;USUARI\/A, que accepta, des d&#8217;aquest acc\u00e9s i\/o \u00fas, les Condicions Generals d&#8217;\u00das aqu\u00ed reflectides. Les citades Condicions seran aplicable independentment de les Condicions Generals de Contractaci\u00f3 que si \u00e9s el cas resultin d&#8217;obligat compliment.<\/p>\n\n\n\n<p><strong>\u00daS DEL PORTAL<\/strong><\/p>\n\n\n\n<p>www.climbat.com proporciona l&#8217;acc\u00e9s a multitud d&#8217;informacions, serveis, programes o dades (d&#8217;ara endavant, \u00abels continguts\u00bb) en Internet pertanyents a TOP30, S.L. o als seus llicenciadors als quals l&#8217;USUARI pugui tenir acc\u00e9s. L&#8217;USUARI assumeix la responsabilitat de l&#8217;\u00fas del portal. Aquesta responsabilitat s&#8217;est\u00e9n al registre que fos necessari per a accedir a determinats serveis o continguts. En aquest registre l&#8217;USUARI ser\u00e0 responsable d&#8217;aportar informaci\u00f3 vera\u00e7 i l\u00edcita. A conseq\u00fc\u00e8ncia d&#8217;aquest registre, a l&#8217;USUARI se li pot proporcionar una contrasenya de la qual ser\u00e0 responsable, comprometent-se a fer un \u00fas diligent i confidencial d&#8217;aquesta. L&#8217;USUARI es compromet a fer un \u00fas adequat dels continguts i serveis que TOP30, S.L. ofereix a trav\u00e9s del seu portal i amb car\u00e0cter enunciatiu per\u00f2 no limitatiu, a no emprar-los per a inc\u00f3rrer en activitats il\u00b7l\u00edcites, il\u00b7legals o contr\u00e0ries a la bona fe i a l&#8217;ordre p\u00fablic; difondre continguts o propaganda de car\u00e0cter racista, xen\u00f2fob, pornogr\u00e0fic-il\u00b7legal, d&#8217;apologia del terrorisme o atemptatori contra els drets humans; provocar danys en els sistemes f\u00edsics i l\u00f2gics de TOP30, S.L., dels seus prove\u00efdors o de terceres persones, introduir o difondre en la xarxa virus inform\u00e0tics o qualssevol altres sistemes f\u00edsics o l\u00f2gics que siguin susceptibles de provocar els danys anteriorment esmentats; intentar accedir i, si \u00e9s el cas, utilitzar els comptes de correu electr\u00f2nic d&#8217;altres usuaris i modificar o manipular els seus missatges. TOP30, S.L. es reserva el dret de retirar tots aquells comentaris i aportacions que vulnerin el respecte a la dignitat de la persona, que siguin discriminatoris, xen\u00f2fobs, racistes, pornogr\u00e0fics, que atemptin contra la joventut o la inf\u00e0ncia, l&#8217;ordre o la seguretat p\u00fablica o que, al seu judici, no resultessin adequats per a la seva publicaci\u00f3. En qualsevol cas, TOP30, S.L. no ser\u00e0 responsable de les opinions abocades pels usuaris a trav\u00e9s dels f\u00f2rums, xats, o altres eines de participaci\u00f3.<\/p>\n\n\n\n<p><strong>PROPIETAT INTEL\u00b7LECTUAL I INDUSTRIAL<\/strong><\/p>\n\n\n\n<p>TOP30, S.L. per si o com a cession\u00e0ria, \u00e9s titular de tots els drets de propietat intel\u00b7lectual i industrial de la seva p\u00e0gina web, aix\u00ed com dels elements continguts en la mateixa (a t\u00edtol enunciatiu, imatges, so, \u00e0udio, v\u00eddeo, programari o textos; marques o logotips, combinacions de colors, estructura i disseny, selecci\u00f3 de materials usats, programes d&#8217;ordinador necessaris per al seu funcionament, acc\u00e9s i \u00fas, etc.), titularitat de TOP30, S.L. o b\u00e9 dels seus llicenciadors. Tots els drets reservats. En virtut del que es disposa en els articles 8 i 32.1, par\u00e0graf segon, de la Llei de Propietat Intel\u00b7lectual, queden expressament prohibides la reproducci\u00f3, la distribuci\u00f3 i la comunicaci\u00f3 p\u00fablica, inclosa la seva modalitat de posada a disposici\u00f3, de la totalitat o part dels continguts d&#8217;aquesta p\u00e0gina web, amb finalitats comercials, en qualsevol suport i per qualsevol mitj\u00e0 t\u00e8cnic, sense l&#8217;autoritzaci\u00f3 de TOP30, S.L.. L&#8217;USUARI es compromet a respectar els drets de Propietat Intel\u00b7lectual i Industrial titularitat de TOP30, S.L.. Podr\u00e0 visualitzar els elements del portal i fins i tot imprimir-los, copiar-los i emmagatzemar-los en el disc dur del seu ordinador o en qualsevol altre suport f\u00edsic sempre que sigui, exclusivament, per al seu \u00fas personal i privat. L&#8217;USUARI haur\u00e0 d&#8217;abstenir-se de suprimir, alterar, eludir o manipular qualsevol dispositiu de protecci\u00f3 o sistema de seguretat que estigu\u00e9s instal\u00b7lat en el les p\u00e0gines de TOP30, S.L..<\/p>\n\n\n\n<p><strong>DIRECCIONS IP<\/strong><\/p>\n\n\n\n<p>Els servidors del lloc web podran detectar de manera autom\u00e0tica l&#8217;adre\u00e7a IP i el nom de domini utilitzats per l&#8217;usuari. Una adre\u00e7a IP \u00e9s un n\u00famero assignat autom\u00e0ticament a un ordinador quan aquesta es connecta a Internet. Tota aquesta informaci\u00f3 \u00e9s registrada en un fitxer d&#8217;activitat del servidor degudament inscrit que permet el posterior processament de les dades amb la finalitat d&#8217;obtenir mesuraments \u00fanicament estad\u00edstics que permetin con\u00e8ixer el nombre d&#8217;impressions de p\u00e0gines, el nombre de visites realitzades als serveis web, l&#8217;ordre de visites, el punt d&#8217;acc\u00e9s, etc.<\/p>\n\n\n\n<p><strong>EXCLUSI\u00d3 DE GARANTIES I RESPONSABILITAT<\/strong><\/p>\n\n\n\n<p>TOP30, S.L. no es fa responsable, en cap cas, dels danys i perjudicis de qualsevol naturalesa que poguessin ocasionar, a t\u00edtol enunciatiu: errors o omissions en els continguts, falta de disponibilitat del portal o la transmissi\u00f3 de virus o programes maliciosos o lesius en els continguts, malgrat haver adoptat totes les mesures tecnol\u00f2giques necess\u00e0ries per a evitar-ho.<\/p>\n\n\n\n<p><strong>MODIFICACIONS<\/strong><\/p>\n\n\n\n<p>TOP30, S.L. es reserva el dret d&#8217;efectuar sense previ av\u00eds les modificacions que consideri oportunes en el seu portal, podent canviar, suprimir o afegir tant els continguts i serveis que es prestin a trav\u00e9s de la mateixa com la forma en la qual aquests apareguin presentats o localitzats en el seu portal.<\/p>\n\n\n\n<p><strong>ENLLA\u00c7OS<\/strong><\/p>\n\n\n\n<p>En el cas de que a www.climbat.com es disposessin enlla\u00e7os o enlla\u00e7os cap a altres llocs d&#8217;Internet, TOP30, S.L. no exercir\u00e0 cap mena de control sobre aquests llocs i continguts. En cap cas TOP30, S.L. assumir\u00e0 cap responsabilitat pels continguts d&#8217;algun enlla\u00e7 pertanyent a un lloc web ali\u00e8, ni garantir\u00e0 la disponibilitat t\u00e8cnica, qualitat, fiabilitat, exactitud, amplitud, veracitat, validesa i constitucionalitat de qualsevol material o informaci\u00f3 continguda en cap d&#8217;aquests enlla\u00e7os o altres llocs d&#8217;Internet. Igualment la inclusi\u00f3 d&#8217;aquestes connexions externes no implicar\u00e0 cap mena d&#8217;associaci\u00f3, fusi\u00f3 o participaci\u00f3 amb les entitats connectades.<\/p>\n\n\n\n<p><strong>DRET D&#8217;EXCLUSI\u00d3<\/strong><\/p>\n\n\n\n<p>TOP30, S.L. es reserva el dret a denegar o retirar l&#8217;acc\u00e9s a portal i\/o els serveis oferts sense necessitat de preav\u00eds, a inst\u00e0ncia pr\u00f2pia o d&#8217;un tercer, a aquells usuaris que incompleixin les presents Condicions Generals d&#8217;\u00das.<\/p>\n\n\n\n<p><strong>GENERALITATS<\/strong><\/p>\n\n\n\n<p>TOP30, S.L. perseguir\u00e0 l&#8217;incompliment de les presents condicions aix\u00ed com qualsevol utilitzaci\u00f3 indeguda del seu portal exercint totes les accions civils i penals que li puguin correspondre en dret.<\/p>\n\n\n\n<p><strong>MODIFICACI\u00d3 DE LES PRESENTS CONDICIONS I DURADA<\/strong><\/p>\n\n\n\n<p>TOP30, S.L. podr\u00e0 modificar en qualsevol moment les condicions aqu\u00ed determinades, sent degudament publicades com aqu\u00ed apareixen. La vig\u00e8ncia de les citades condicions anir\u00e0 en funci\u00f3 de la seva exposici\u00f3 i estaran vigents fins que siguin modificades per unes altres degudament publicades.<\/p>\n\n\n\n<p><strong>SEGURETAT<\/strong><\/p>\n\n\n\n<p>El lloc web utilitza t\u00e8cniques de seguretat de la informaci\u00f3 generalment acceptades en la ind\u00fastria, com ara firewalls, procediments de control d&#8217;acc\u00e9s i mecanismes criptogr\u00e0fics, tot aix\u00f2 a fi d&#8217;evitar l&#8217;acc\u00e9s no autoritzat a les dades. Per a aconseguir aquests fins, l&#8217;usuari\/client accepta que el prestador obtingui dades per a efectes de la corresponent autenticaci\u00f3 dels controls d&#8217;acc\u00e9s.<\/p>\n\n\n\n<p>Tot proc\u00e9s de contractaci\u00f3 o que comporti la introducci\u00f3 de dades personals de car\u00e0cter alt (salut, ideologia,\u2026) seran sempre transmesos mitjan\u00e7ant protocol de comunicaci\u00f3 segura (Https:\/\/,\u2026), de tal forma que cap tercer tingui acc\u00e9s a la informaci\u00f3 transmesa via electr\u00f2nica.<\/p>\n\n\n\n<p><strong>LEGISLACI\u00d3 APLICABLE I JURISDICCI\u00d3<\/strong><\/p>\n\n\n\n<p>La relaci\u00f3 entre TOP30, S.L. i l&#8217;USUARI es regir\u00e0 per la normativa espanyola vigent i qualsevol controv\u00e8rsia se sotmetr\u00e0 als Jutjats i tribunals que correspongui.<\/p>\n","protected":false},"excerpt":{"rendered":"<p>TITULARITAT En compliment de les obligacions establertes en l&#8217;article 10 de la Llei 34\/2002, d&#8217;11 de juliol, de Serveis de la Societat de la Informaci\u00f3 i Comer\u00e7 Electr\u00f2nic, es fa constar que aquesta p\u00e0gina correspon a l&#8217;entitat: TOP30, S.L. CIF: B33368853 Domicili: PG de Maqua-Fase II-Naus 18 19, Gozon, 33440, Ast\u00faries. E-mail: protecciondedatos@ep-centers.com Web: www.climbat.com Inscripci\u00f3 de l&#8217;entitat: USUARIS\/ES L&#8217;acc\u00e9s i\/o \u00fas d&#8217;aquest portal de TOP30, S.L. atribueix la condici\u00f3 d&#8217;USUARI\/A, que accepta, des d&#8217;aquest acc\u00e9s i\/o \u00fas, les Condicions Generals d&#8217;\u00das aqu\u00ed reflectides. Les citades Condicions seran aplicable independentment de les Condicions Generals de Contractaci\u00f3 que si \u00e9s el cas resultin d&#8217;obligat compliment. \u00daS DEL PORTAL www.climbat.com proporciona l&#8217;acc\u00e9s a multitud d&#8217;informacions, serveis, programes o dades (d&#8217;ara endavant, \u00abels continguts\u00bb) en Internet pertanyents a TOP30, S.L. o als seus llicenciadors als quals l&#8217;USUARI pugui tenir acc\u00e9s. L&#8217;USUARI assumeix la responsabilitat de l&#8217;\u00fas del portal. Aquesta responsabilitat s&#8217;est\u00e9n al registre que fos necessari per a accedir a determinats serveis o continguts. En aquest registre l&#8217;USUARI ser\u00e0 responsable d&#8217;aportar informaci\u00f3 vera\u00e7 i l\u00edcita. A conseq\u00fc\u00e8ncia d&#8217;aquest registre, a l&#8217;USUARI se li pot proporcionar una contrasenya de la qual ser\u00e0 responsable, comprometent-se a fer un \u00fas diligent i confidencial d&#8217;aquesta. L&#8217;USUARI es&#8230;<\/p>\n","protected":false},"author":2,"featured_media":0,"parent":0,"menu_order":0,"comment_status":"closed","ping_status":"closed","template":"","meta":{"footnotes":""},"categoria_centro":[],"acf":[],"yoast_head":"<!-- This site is optimized with the Yoast SEO plugin v22.5 - https:\/\/yoast.com\/wordpress\/plugins\/seo\/ -->\n<title>Av\u00eds Legal | Climbat \u2013 Centre d\u2019escalada a Barcelona<\/title>\n<meta name=\"description\" content=\"Consulta l\u2019av\u00eds legal de Climbat: informaci\u00f3 sobre la titularitat, responsabilitat, propietat intel\u00b7lectual i condicions d\u2019\u00fas del portal.\" \/>\n<meta name=\"robots\" content=\"index, follow, max-snippet:-1, max-image-preview:large, max-video-preview:-1\" \/>\n<link rel=\"canonical\" href=\"https:\/\/climbat.com\/ca\/avis-legal\/\" \/>\n<meta property=\"og:locale\" content=\"en_US\" \/>\n<meta property=\"og:type\" content=\"article\" \/>\n<meta property=\"og:title\" content=\"Av\u00eds Legal | Climbat \u2013 Centre d\u2019escalada a Barcelona\" \/>\n<meta property=\"og:description\" content=\"Consulta l\u2019av\u00eds legal de Climbat: informaci\u00f3 sobre la titularitat, responsabilitat, propietat intel\u00b7lectual i condicions d\u2019\u00fas del portal.\" \/>\n<meta property=\"og:url\" content=\"https:\/\/climbat.com\/ca\/avis-legal\/\" \/>\n<meta property=\"og:site_name\" content=\"Inicio - Climbat | Climbing gyms\" \/>\n<meta property=\"article:modified_time\" content=\"2025-10-28T12:35:48+00:00\" \/>\n<meta name=\"twitter:card\" content=\"summary_large_image\" \/>\n<meta name=\"twitter:label1\" content=\"Est. reading time\" \/>\n\t<meta name=\"twitter:data1\" content=\"6 minutes\" \/>\n<script type=\"application\/ld+json\" class=\"yoast-schema-graph\">{\"@context\":\"https:\/\/schema.org\",\"@graph\":[{\"@type\":\"WebPage\",\"@id\":\"https:\/\/climbat.com\/ca\/avis-legal\/\",\"url\":\"https:\/\/climbat.com\/ca\/avis-legal\/\",\"name\":\"Av\u00eds Legal | Climbat \u2013 Centre d\u2019escalada a Barcelona\",\"isPartOf\":{\"@id\":\"https:\/\/climbat.com\/#website\"},\"datePublished\":\"2025-10-11T08:22:56+00:00\",\"dateModified\":\"2025-10-28T12:35:48+00:00\",\"description\":\"Consulta l\u2019av\u00eds legal de Climbat: informaci\u00f3 sobre la titularitat, responsabilitat, propietat intel\u00b7lectual i condicions d\u2019\u00fas del portal.\",\"breadcrumb\":{\"@id\":\"https:\/\/climbat.com\/ca\/avis-legal\/#breadcrumb\"},\"inLanguage\":\"cat\",\"potentialAction\":[{\"@type\":\"ReadAction\",\"target\":[\"https:\/\/climbat.com\/ca\/avis-legal\/\"]}]},{\"@type\":\"BreadcrumbList\",\"@id\":\"https:\/\/climbat.com\/ca\/avis-legal\/#breadcrumb\",\"itemListElement\":[{\"@type\":\"ListItem\",\"position\":1,\"name\":\"Portada\",\"item\":\"https:\/\/climbat.com\/ca\/\"},{\"@type\":\"ListItem\",\"position\":2,\"name\":\"Av\u00eds legal\"}]},{\"@type\":\"WebSite\",\"@id\":\"https:\/\/climbat.com\/#website\",\"url\":\"https:\/\/climbat.com\/\",\"name\":\"Inicio - Climbat | Climbing gyms\",\"description\":\"Climbat es referente en el mundo de la escalada como operador de salas de escalada orientados a p\u00fablicos de todos los niveles\",\"potentialAction\":[{\"@type\":\"SearchAction\",\"target\":{\"@type\":\"EntryPoint\",\"urlTemplate\":\"https:\/\/climbat.com\/?s={search_term_string}\"},\"query-input\":\"required name=search_term_string\"}],\"inLanguage\":\"cat\"}]}<\/script>\n<!-- \/ Yoast SEO plugin. -->","yoast_head_json":{"title":"Av\u00eds Legal | Climbat \u2013 Centre d\u2019escalada a Barcelona","description":"Consulta l\u2019av\u00eds legal de Climbat: informaci\u00f3 sobre la titularitat, responsabilitat, propietat intel\u00b7lectual i condicions d\u2019\u00fas del portal.","robots":{"index":"index","follow":"follow","max-snippet":"max-snippet:-1","max-image-preview":"max-image-preview:large","max-video-preview":"max-video-preview:-1"},"canonical":"https:\/\/climbat.com\/ca\/avis-legal\/","og_locale":"en_US","og_type":"article","og_title":"Av\u00eds Legal | Climbat \u2013 Centre d\u2019escalada a Barcelona","og_description":"Consulta l\u2019av\u00eds legal de Climbat: informaci\u00f3 sobre la titularitat, responsabilitat, propietat intel\u00b7lectual i condicions d\u2019\u00fas del portal.","og_url":"https:\/\/climbat.com\/ca\/avis-legal\/","og_site_name":"Inicio - Climbat | Climbing gyms","article_modified_time":"2025-10-28T12:35:48+00:00","twitter_card":"summary_large_image","twitter_misc":{"Est. reading time":"6 minutes"},"schema":{"@context":"https:\/\/schema.org","@graph":[{"@type":"WebPage","@id":"https:\/\/climbat.com\/ca\/avis-legal\/","url":"https:\/\/climbat.com\/ca\/avis-legal\/","name":"Av\u00eds Legal | Climbat \u2013 Centre d\u2019escalada a Barcelona","isPartOf":{"@id":"https:\/\/climbat.com\/#website"},"datePublished":"2025-10-11T08:22:56+00:00","dateModified":"2025-10-28T12:35:48+00:00","description":"Consulta l\u2019av\u00eds legal de Climbat: informaci\u00f3 sobre la titularitat, responsabilitat, propietat intel\u00b7lectual i condicions d\u2019\u00fas del portal.","breadcrumb":{"@id":"https:\/\/climbat.com\/ca\/avis-legal\/#breadcrumb"},"inLanguage":"cat","potentialAction":[{"@type":"ReadAction","target":["https:\/\/climbat.com\/ca\/avis-legal\/"]}]},{"@type":"BreadcrumbList","@id":"https:\/\/climbat.com\/ca\/avis-legal\/#breadcrumb","itemListElement":[{"@type":"ListItem","position":1,"name":"Portada","item":"https:\/\/climbat.com\/ca\/"},{"@type":"ListItem","position":2,"name":"Av\u00eds legal"}]},{"@type":"WebSite","@id":"https:\/\/climbat.com\/#website","url":"https:\/\/climbat.com\/","name":"Inicio - Climbat | Climbing gyms","description":"Climbat es referente en el mundo de la escalada como operador de salas de escalada orientados a p\u00fablicos de todos los niveles","potentialAction":[{"@type":"SearchAction","target":{"@type":"EntryPoint","urlTemplate":"https:\/\/climbat.com\/?s={search_term_string}"},"query-input":"required name=search_term_string"}],"inLanguage":"cat"}]}},"_links":{"self":[{"href":"https:\/\/climbat.com\/ca\/wp-json\/wp\/v2\/pages\/41710"}],"collection":[{"href":"https:\/\/climbat.com\/ca\/wp-json\/wp\/v2\/pages"}],"about":[{"href":"https:\/\/climbat.com\/ca\/wp-json\/wp\/v2\/types\/page"}],"author":[{"embeddable":true,"href":"https:\/\/climbat.com\/ca\/wp-json\/wp\/v2\/users\/2"}],"replies":[{"embeddable":true,"href":"https:\/\/climbat.com\/ca\/wp-json\/wp\/v2\/comments?post=41710"}],"version-history":[{"count":0,"href":"https:\/\/climbat.com\/ca\/wp-json\/wp\/v2\/pages\/41710\/revisions"}],"wp:attachment":[{"href":"https:\/\/climbat.com\/ca\/wp-json\/wp\/v2\/media?parent=41710"}],"wp:term":[{"taxonomy":"categoria_centro","embeddable":true,"href":"https:\/\/climbat.com\/ca\/wp-json\/wp\/v2\/categoria_centro?post=41710"}],"curies":[{"name":"wp","href":"https:\/\/api.w.org\/{rel}","templated":true}]}}