{"id":32235,"date":"2025-10-11T15:33:15","date_gmt":"2025-10-11T15:33:15","guid":{"rendered":"https:\/\/climbat.com\/?page_id=32235"},"modified":"2026-04-27T07:52:08","modified_gmt":"2026-04-27T07:52:08","slug":"lliga-infantil","status":"publish","type":"page","link":"https:\/\/climbat.com\/ca\/lliga-infantil\/","title":{"rendered":"LLIGA INFANTIL"},"content":{"rendered":"\n<h2 class=\"wp-block-heading has-text-align-center has-primary-color has-text-color has-background\" style=\"background-color:#f6bf23\"><strong>TANQUEM LA LLIGA INFANTIL CLIMBAT AMB \u00c8XIT DE PARTICIPACI\u00d3!<\/strong><\/h2>\n\n\n\n<p class=\"has-normal-font-size\">La <strong>Lliga Infantil Climbat<\/strong> \u00e9s un esdeveniment \u00fanic, en el qual els futurs escaladors i escaladores tenen l&#8217;oportunitat de posar-se a prova superant tots els reptes que els nostres equipadors i equipadores els hi proposen. En cada prova els escaladors i escaladores trobaran vies i blocs preparats per a l&#8217;ocasi\u00f3 i tots els participants entran en un sorteig de material dels millors productes oficials Climbat (al final de les 3 jornades), a m\u00e9s d&#8217;emportar-se una samarreta de regal.<\/p>\n\n\n\n<p class=\"has-normal-font-size\">La Lliga Infantil Climbat \u00e9s la seva gran oportunitat per a divertir-se i gaudir de l&#8217;escalada, en tres jornades que estaran plenes d&#8217;emocions i reptes.<\/p>\n\n\n\n<div style=\"height:41px\" aria-hidden=\"true\" class=\"wp-block-spacer\"><\/div>\n\n\n\n<p class=\"has-text-align-center has-large-font-size\"><strong>Pr\u00f2xima Jornada: <\/strong>J1. Lliga Infantil Climbat 26-27<\/p>\n\n\n\n<p class=\"has-text-align-center has-large-font-size\"><strong>Data: <\/strong>25 d&#8217;octubre de 2026<\/p>\n\n\n\n<p class=\"has-text-align-center has-large-font-size\"><strong>Centres:&nbsp;<\/strong>CEM Climbat La Foixarda \u00b7 X-Madrid \u00b7 Zaragoza La Torre Outlet \u00b7 Avil\u00e9s ParqueAstur \u00b7 Barakaldo Megapark<\/p>\n\n\n\n<p class=\"has-text-align-center has-text-color has-large-font-size\" style=\"color:#f6bf23\"><strong>Inscripcions pr\u00f2ximament<\/strong><\/p>\n\n\n\n<ul>\n<li>Es recomana fer l&#8217;inscripci\u00f3 online per garantir la pla\u00e7a i evitar suplements. L&#8217;inscripci\u00f3 en el mateix dia tindr\u00e0 un suplement de 5\u20ac. <\/li>\n<\/ul>\n\n\n\n<p class=\"wp-embed-aspect-16-9 wp-has-aspect-ratio\"><strong>CLASSIFICACIONS 1\u00aa JORNADA<\/strong><\/p>\n\n\n\n<ul type=\"video\" class=\"wp-embed-aspect-16-9 wp-has-aspect-ratio\">\n<li><a href=\"https:\/\/climbat.com\/wp-content\/uploads\/2025\/10\/CLASIFICACIONES-1A-JORNADA-LIGA-INFANTIL-2526-BARCELONA.pdf\">LA FOIXARDA BARCELONA<\/a><\/li>\n<\/ul>\n\n\n\n<p class=\"wp-embed-aspect-16-9 wp-has-aspect-ratio\"><strong>CLASSIFICACIONS 2\u00aa JORNADA<\/strong><\/p>\n\n\n\n<ul type=\"video\" class=\"wp-embed-aspect-16-9 wp-has-aspect-ratio\">\n<li><a href=\"https:\/\/climbat.com\/wp-content\/uploads\/2026\/02\/CLASIFICACIONS-2A-JORNADA-BARCELONA.pdf\">LA FOIXARDA BARCELONA<\/a><\/li>\n<\/ul>\n\n\n\n<p class=\"wp-embed-aspect-16-9 wp-has-aspect-ratio\"><strong>CLASSIFICACIONS 3\u00aa JORNADA<\/strong><\/p>\n\n\n\n<ul type=\"video\" class=\"wp-embed-aspect-16-9 wp-has-aspect-ratio\">\n<li><a href=\"https:\/\/climbat.com\/wp-content\/uploads\/2026\/04\/CLASIFICACIONS-3A-JORNADA-BARCELONA.pdf\">LA FOIXARDA BARCELONA<\/a><\/li>\n<\/ul>\n\n\n\n<p class=\"wp-embed-aspect-16-9 wp-has-aspect-ratio\"><strong>CLASSIFICACIONS GENERAL LLIGA INFANTIL CLIMBAT 25-26<\/strong><\/p>\n\n\n\n<ul type=\"video\" class=\"wp-embed-aspect-16-9 wp-has-aspect-ratio\">\n<li><a href=\"https:\/\/climbat.com\/wp-content\/uploads\/2026\/04\/CLASIFICACIONS-FINAL-BARCELONA.pdf\">LA FOIXARDA BARCELONA<\/a><\/li>\n<\/ul>\n\n\n\n<p class=\"wp-embed-aspect-16-9 wp-has-aspect-ratio\"><strong>IMATGES 1\u00aa JORNADA<\/strong><\/p>\n\n\n\n<ul type=\"video\" class=\"wp-embed-aspect-16-9 wp-has-aspect-ratio\">\n<li><a href=\"https:\/\/www.facebook.com\/media\/set\/?set=a.1241599344678468&amp;type=3\">LA FOIXARDA BARCELONA<\/a><\/li>\n<\/ul>\n\n\n\n<p class=\"wp-embed-aspect-16-9 wp-has-aspect-ratio\"><strong>IMATGES 2\u00aa JORNADA<\/strong> <\/p>\n\n\n\n<ul type=\"video\" class=\"wp-embed-aspect-16-9 wp-has-aspect-ratio\">\n<li><a href=\"https:\/\/www.facebook.com\/media\/set\/?set=a.1332872008884534&amp;type=3\">LA FOIXARDA BARCELONA<\/a><\/li>\n<\/ul>\n\n\n\n<p class=\"wp-embed-aspect-16-9 wp-has-aspect-ratio\"><strong>IMATGES 3\u00aa JORNADA<\/strong> <\/p>\n\n\n\n<ul type=\"video\" class=\"wp-embed-aspect-16-9 wp-has-aspect-ratio\">\n<li><a href=\"https:\/\/www.facebook.com\/media\/set\/?set=a.1391606609677740&amp;type=3\">LA FOIXARDA BARCELONA<\/a><\/li>\n<\/ul>\n\n\n\n<div style=\"height:41px\" aria-hidden=\"true\" class=\"wp-block-spacer\"><\/div>\n\n\n\n<p class=\"has-dark-gray-color has-text-color has-huge-font-size\"><strong>V\u00eddeos de jornades anteriors:<\/strong><\/p>\n\n\n\n<div class=\"wp-block-columns is-layout-flex wp-container-4 wp-block-columns-is-layout-flex\">\n<div class=\"wp-block-column is-layout-flow wp-block-column-is-layout-flow\" style=\"flex-basis:33.34%\">\n<figure class=\"wp-block-embed is-type-video is-provider-youtube wp-block-embed-youtube wp-embed-aspect-16-9 wp-has-aspect-ratio\"><div class=\"wp-block-embed__wrapper\">\n<iframe loading=\"lazy\" title=\"1\u00aa JORNADA LLIGA INFANTIL 25 26\" width=\"1200\" height=\"675\" src=\"https:\/\/www.youtube.com\/embed\/byJPo4yW4QM?feature=oembed\" frameborder=\"0\" allow=\"accelerometer; autoplay; clipboard-write; encrypted-media; gyroscope; picture-in-picture; web-share\" referrerpolicy=\"strict-origin-when-cross-origin\" allowfullscreen><\/iframe>\n<\/div><\/figure>\n<\/div>\n\n\n\n<div class=\"wp-block-column is-layout-flow wp-block-column-is-layout-flow\" style=\"flex-basis:33.34%\">\n<figure class=\"wp-block-embed is-type-video is-provider-youtube wp-block-embed-youtube wp-embed-aspect-16-9 wp-has-aspect-ratio\"><div class=\"wp-block-embed__wrapper\">\n<iframe loading=\"lazy\" title=\"J2 LIGA INFANTIL CLIMBAT 25 26\" width=\"1200\" height=\"675\" src=\"https:\/\/www.youtube.com\/embed\/HBfe1Al-JhU?feature=oembed\" frameborder=\"0\" allow=\"accelerometer; autoplay; clipboard-write; encrypted-media; gyroscope; picture-in-picture; web-share\" referrerpolicy=\"strict-origin-when-cross-origin\" allowfullscreen><\/iframe>\n<\/div><\/figure>\n<\/div>\n\n\n\n<div class=\"wp-block-column is-layout-flow wp-block-column-is-layout-flow\" style=\"flex-basis:33.33%\">\n<figure class=\"wp-block-embed is-type-video is-provider-youtube wp-block-embed-youtube wp-embed-aspect-16-9 wp-has-aspect-ratio\"><div class=\"wp-block-embed__wrapper\">\n<iframe loading=\"lazy\" title=\"J3. LIGA INFANTIL CLIMBAT 25-26\" width=\"1200\" height=\"675\" src=\"https:\/\/www.youtube.com\/embed\/aYClANH22nQ?feature=oembed\" frameborder=\"0\" allow=\"accelerometer; autoplay; clipboard-write; encrypted-media; gyroscope; picture-in-picture; web-share\" referrerpolicy=\"strict-origin-when-cross-origin\" allowfullscreen><\/iframe>\n<\/div><\/figure>\n<\/div>\n<\/div>\n","protected":false},"excerpt":{"rendered":"<p>TANQUEM LA LLIGA INFANTIL CLIMBAT AMB \u00c8XIT DE PARTICIPACI\u00d3! La Lliga Infantil Climbat \u00e9s un esdeveniment \u00fanic, en el qual els futurs escaladors i escaladores tenen l&#8217;oportunitat de posar-se a prova superant tots els reptes que els nostres equipadors i equipadores els hi proposen. En cada prova els escaladors i escaladores trobaran vies i blocs preparats per a l&#8217;ocasi\u00f3 i tots els participants entran en un sorteig de material dels millors productes oficials Climbat (al final de les 3 jornades), a m\u00e9s d&#8217;emportar-se una samarreta de regal. La Lliga Infantil Climbat \u00e9s la seva gran oportunitat per a divertir-se i gaudir de l&#8217;escalada, en tres jornades que estaran plenes d&#8217;emocions i reptes. Pr\u00f2xima Jornada: J1. Lliga Infantil Climbat 26-27 Data: 25 d&#8217;octubre de 2026 Centres:&nbsp;CEM Climbat La Foixarda \u00b7 X-Madrid \u00b7 Zaragoza La Torre Outlet \u00b7 Avil\u00e9s ParqueAstur \u00b7 Barakaldo Megapark Inscripcions pr\u00f2ximament CLASSIFICACIONS 1\u00aa JORNADA CLASSIFICACIONS 2\u00aa JORNADA CLASSIFICACIONS 3\u00aa JORNADA CLASSIFICACIONS GENERAL LLIGA INFANTIL CLIMBAT 25-26 IMATGES 1\u00aa JORNADA IMATGES 2\u00aa JORNADA IMATGES 3\u00aa JORNADA V\u00eddeos de jornades anteriors:<\/p>\n","protected":false},"author":3,"featured_media":0,"parent":0,"menu_order":0,"comment_status":"closed","ping_status":"closed","template":"","meta":{"footnotes":""},"categoria_centro":[],"acf":[],"yoast_head":"<!-- This site is optimized with the Yoast SEO plugin v22.5 - https:\/\/yoast.com\/wordpress\/plugins\/seo\/ -->\n<title>LLIGA INFANTIL - Inicio - Climbat | Climbing gyms<\/title>\n<meta name=\"robots\" content=\"index, follow, max-snippet:-1, max-image-preview:large, max-video-preview:-1\" \/>\n<link rel=\"canonical\" href=\"https:\/\/climbat.com\/ca\/lliga-infantil\/\" \/>\n<meta property=\"og:locale\" content=\"en_US\" \/>\n<meta property=\"og:type\" content=\"article\" \/>\n<meta property=\"og:title\" content=\"LLIGA INFANTIL - Inicio - Climbat | Climbing gyms\" \/>\n<meta property=\"og:description\" content=\"TANQUEM LA LLIGA INFANTIL CLIMBAT AMB \u00c8XIT DE PARTICIPACI\u00d3! La Lliga Infantil Climbat \u00e9s un esdeveniment \u00fanic, en el qual els futurs escaladors i escaladores tenen l&#8217;oportunitat de posar-se a prova superant tots els reptes que els nostres equipadors i equipadores els hi proposen. En cada prova els escaladors i escaladores trobaran vies i blocs preparats per a l&#8217;ocasi\u00f3 i tots els participants entran en un sorteig de material dels millors productes oficials Climbat (al final de les 3 jornades), a m\u00e9s d&#8217;emportar-se una samarreta de regal. La Lliga Infantil Climbat \u00e9s la seva gran oportunitat per a divertir-se i gaudir de l&#8217;escalada, en tres jornades que estaran plenes d&#8217;emocions i reptes. Pr\u00f2xima Jornada: J1. Lliga Infantil Climbat 26-27 Data: 25 d&#8217;octubre de 2026 Centres:&nbsp;CEM Climbat La Foixarda \u00b7 X-Madrid \u00b7 Zaragoza La Torre Outlet \u00b7 Avil\u00e9s ParqueAstur \u00b7 Barakaldo Megapark Inscripcions pr\u00f2ximament CLASSIFICACIONS 1\u00aa JORNADA CLASSIFICACIONS 2\u00aa JORNADA CLASSIFICACIONS 3\u00aa JORNADA CLASSIFICACIONS GENERAL LLIGA INFANTIL CLIMBAT 25-26 IMATGES 1\u00aa JORNADA IMATGES 2\u00aa JORNADA IMATGES 3\u00aa JORNADA V\u00eddeos de jornades anteriors:\" \/>\n<meta property=\"og:url\" content=\"https:\/\/climbat.com\/ca\/lliga-infantil\/\" \/>\n<meta property=\"og:site_name\" content=\"Inicio - Climbat | Climbing gyms\" \/>\n<meta property=\"article:modified_time\" content=\"2026-04-27T07:52:08+00:00\" \/>\n<meta name=\"twitter:card\" content=\"summary_large_image\" \/>\n<meta name=\"twitter:label1\" content=\"Est. reading time\" \/>\n\t<meta name=\"twitter:data1\" content=\"1 minute\" \/>\n<script type=\"application\/ld+json\" class=\"yoast-schema-graph\">{\"@context\":\"https:\/\/schema.org\",\"@graph\":[{\"@type\":\"WebPage\",\"@id\":\"https:\/\/climbat.com\/ca\/lliga-infantil\/\",\"url\":\"https:\/\/climbat.com\/ca\/lliga-infantil\/\",\"name\":\"LLIGA INFANTIL - Inicio - Climbat | Climbing gyms\",\"isPartOf\":{\"@id\":\"https:\/\/climbat.com\/#website\"},\"datePublished\":\"2025-10-11T15:33:15+00:00\",\"dateModified\":\"2026-04-27T07:52:08+00:00\",\"breadcrumb\":{\"@id\":\"https:\/\/climbat.com\/ca\/lliga-infantil\/#breadcrumb\"},\"inLanguage\":\"cat\",\"potentialAction\":[{\"@type\":\"ReadAction\",\"target\":[\"https:\/\/climbat.com\/ca\/lliga-infantil\/\"]}]},{\"@type\":\"BreadcrumbList\",\"@id\":\"https:\/\/climbat.com\/ca\/lliga-infantil\/#breadcrumb\",\"itemListElement\":[{\"@type\":\"ListItem\",\"position\":1,\"name\":\"Portada\",\"item\":\"https:\/\/climbat.com\/ca\/\"},{\"@type\":\"ListItem\",\"position\":2,\"name\":\"LLIGA INFANTIL\"}]},{\"@type\":\"WebSite\",\"@id\":\"https:\/\/climbat.com\/#website\",\"url\":\"https:\/\/climbat.com\/\",\"name\":\"Inicio - Climbat | Climbing gyms\",\"description\":\"Climbat es referente en el mundo de la escalada como operador de salas de escalada orientados a p\u00fablicos de todos los niveles\",\"potentialAction\":[{\"@type\":\"SearchAction\",\"target\":{\"@type\":\"EntryPoint\",\"urlTemplate\":\"https:\/\/climbat.com\/?s={search_term_string}\"},\"query-input\":\"required name=search_term_string\"}],\"inLanguage\":\"cat\"}]}<\/script>\n<!-- \/ Yoast SEO plugin. -->","yoast_head_json":{"title":"LLIGA INFANTIL - Inicio - Climbat | Climbing gyms","robots":{"index":"index","follow":"follow","max-snippet":"max-snippet:-1","max-image-preview":"max-image-preview:large","max-video-preview":"max-video-preview:-1"},"canonical":"https:\/\/climbat.com\/ca\/lliga-infantil\/","og_locale":"en_US","og_type":"article","og_title":"LLIGA INFANTIL - Inicio - Climbat | Climbing gyms","og_description":"TANQUEM LA LLIGA INFANTIL CLIMBAT AMB \u00c8XIT DE PARTICIPACI\u00d3! La Lliga Infantil Climbat \u00e9s un esdeveniment \u00fanic, en el qual els futurs escaladors i escaladores tenen l&#8217;oportunitat de posar-se a prova superant tots els reptes que els nostres equipadors i equipadores els hi proposen. En cada prova els escaladors i escaladores trobaran vies i blocs preparats per a l&#8217;ocasi\u00f3 i tots els participants entran en un sorteig de material dels millors productes oficials Climbat (al final de les 3 jornades), a m\u00e9s d&#8217;emportar-se una samarreta de regal. La Lliga Infantil Climbat \u00e9s la seva gran oportunitat per a divertir-se i gaudir de l&#8217;escalada, en tres jornades que estaran plenes d&#8217;emocions i reptes. Pr\u00f2xima Jornada: J1. Lliga Infantil Climbat 26-27 Data: 25 d&#8217;octubre de 2026 Centres:&nbsp;CEM Climbat La Foixarda \u00b7 X-Madrid \u00b7 Zaragoza La Torre Outlet \u00b7 Avil\u00e9s ParqueAstur \u00b7 Barakaldo Megapark Inscripcions pr\u00f2ximament CLASSIFICACIONS 1\u00aa JORNADA CLASSIFICACIONS 2\u00aa JORNADA CLASSIFICACIONS 3\u00aa JORNADA CLASSIFICACIONS GENERAL LLIGA INFANTIL CLIMBAT 25-26 IMATGES 1\u00aa JORNADA IMATGES 2\u00aa JORNADA IMATGES 3\u00aa JORNADA V\u00eddeos de jornades anteriors:","og_url":"https:\/\/climbat.com\/ca\/lliga-infantil\/","og_site_name":"Inicio - Climbat | Climbing gyms","article_modified_time":"2026-04-27T07:52:08+00:00","twitter_card":"summary_large_image","twitter_misc":{"Est. reading time":"1 minute"},"schema":{"@context":"https:\/\/schema.org","@graph":[{"@type":"WebPage","@id":"https:\/\/climbat.com\/ca\/lliga-infantil\/","url":"https:\/\/climbat.com\/ca\/lliga-infantil\/","name":"LLIGA INFANTIL - Inicio - Climbat | Climbing gyms","isPartOf":{"@id":"https:\/\/climbat.com\/#website"},"datePublished":"2025-10-11T15:33:15+00:00","dateModified":"2026-04-27T07:52:08+00:00","breadcrumb":{"@id":"https:\/\/climbat.com\/ca\/lliga-infantil\/#breadcrumb"},"inLanguage":"cat","potentialAction":[{"@type":"ReadAction","target":["https:\/\/climbat.com\/ca\/lliga-infantil\/"]}]},{"@type":"BreadcrumbList","@id":"https:\/\/climbat.com\/ca\/lliga-infantil\/#breadcrumb","itemListElement":[{"@type":"ListItem","position":1,"name":"Portada","item":"https:\/\/climbat.com\/ca\/"},{"@type":"ListItem","position":2,"name":"LLIGA INFANTIL"}]},{"@type":"WebSite","@id":"https:\/\/climbat.com\/#website","url":"https:\/\/climbat.com\/","name":"Inicio - Climbat | Climbing gyms","description":"Climbat es referente en el mundo de la escalada como operador de salas de escalada orientados a p\u00fablicos de todos los niveles","potentialAction":[{"@type":"SearchAction","target":{"@type":"EntryPoint","urlTemplate":"https:\/\/climbat.com\/?s={search_term_string}"},"query-input":"required name=search_term_string"}],"inLanguage":"cat"}]}},"_links":{"self":[{"href":"https:\/\/climbat.com\/ca\/wp-json\/wp\/v2\/pages\/32235"}],"collection":[{"href":"https:\/\/climbat.com\/ca\/wp-json\/wp\/v2\/pages"}],"about":[{"href":"https:\/\/climbat.com\/ca\/wp-json\/wp\/v2\/types\/page"}],"author":[{"embeddable":true,"href":"https:\/\/climbat.com\/ca\/wp-json\/wp\/v2\/users\/3"}],"replies":[{"embeddable":true,"href":"https:\/\/climbat.com\/ca\/wp-json\/wp\/v2\/comments?post=32235"}],"version-history":[{"count":0,"href":"https:\/\/climbat.com\/ca\/wp-json\/wp\/v2\/pages\/32235\/revisions"}],"wp:attachment":[{"href":"https:\/\/climbat.com\/ca\/wp-json\/wp\/v2\/media?parent=32235"}],"wp:term":[{"taxonomy":"categoria_centro","embeddable":true,"href":"https:\/\/climbat.com\/ca\/wp-json\/wp\/v2\/categoria_centro?post=32235"}],"curies":[{"name":"wp","href":"https:\/\/api.w.org\/{rel}","templated":true}]}}