{"id":29152,"date":"2025-10-11T09:15:04","date_gmt":"2025-10-11T09:15:04","guid":{"rendered":"https:\/\/climbat.com\/compra-en-linia-cem-la-foixarda\/"},"modified":"2025-11-04T08:48:49","modified_gmt":"2025-11-04T08:48:49","slug":"compra-en-linia-cem-la-foixarda","status":"publish","type":"page","link":"https:\/\/climbat.com\/ca\/compra-en-linia-cem-la-foixarda\/","title":{"rendered":"Compra en l\u00ednia CEM La Foixarda"},"content":{"rendered":"<div class=\"wpb-content-wrapper\"><section data-vc-full-width=\"true\" data-vc-full-width-init=\"false\" data-vc-stretch-content=\"true\" class=\"vc_row wpb_row vc_row-fluid centro-iframe-nubapp  pofo-stretch-content\"><div class=\"wpb_column vc_column_container vc_col-sm-12  col-xs-mobile-fullwidth\"><div class=\"vc_column-inner \"><div class=\"wpb_wrapper\"><div class=\"last-paragraph-no-margin\"><iframe id=\"nubapp_booking\" src=\"https:\/\/sport.nubapp.com\/web\/setApplication.php?id_application=45941395\" scrolling=\"no\" frameborder=\"0\" class=\"iframe-class\" onload=\"scrollIframeToTop();\"><\/iframe> \n<\/div><\/div><\/div><\/div><\/section><div class=\"vc_row-full-width vc_clearfix\"><\/div>\n\n\n<p>Abans d\u2019iniciar la compra, feu clic a&nbsp;<strong>Iniciar sessi\u00f3<\/strong>&nbsp;per poder realitzar el proc\u00e9s de compra des del vostre perfil d\u2019usuari o usu\u00e0ria.<\/p>\n\n\n\n<p>Pots comprar les entrades puntuals, bonos, targeta regal i fer-te soci\/s\u00f2cia des de l\u2019apartat \u00ab<strong>Botiga\u00bb<\/strong>.<\/p>\n\n\n\n<p>La resta de productes i serveis no tenen la compra en l\u00ednia disponible en aquests moments per\u00f2 ens pots enviar un correu a&nbsp;<a href=\"mailto:lafoixarda@climbat.com\">lafoixarda@climbat.com<\/a>&nbsp;o a trav\u00e9s del&nbsp;<strong><a href=\"https:\/\/climbat.com\/ca\/contacte\/\">Formulari de Contacte<\/a><\/strong><\/p>\n\n\n\n<hr class=\"wp-block-separator has-alpha-channel-opacity\"\/>\n\n\n\n<p>Antes de iniciar la compra, haz clic en&nbsp;<strong>\u00abIniciar sesi\u00f3n\u00bb<\/strong>&nbsp;para poder realizar el proceso de compra desde tu perfil de usuario o usuaria.<\/p>\n\n\n\n<p>Puedes comprar las entradas puntuales, bonos, tarjeta regalo y hacerte socio\/a desde el apartado&nbsp;<strong>\u00abTienda\u00bb<\/strong>.<\/p>\n\n\n\n<p>El resto de productos y servicios no tienen la compra online disponible en estos momentos pero puedes enviarnos un email a&nbsp;<a href=\"mailto:lafoixarda@climbat.com\">lafoixarda@climbat.com<\/a>&nbsp;o a trav\u00e9s del&nbsp;<strong><a href=\"https:\/\/climbat.com\/ca\/contacte\/\">Formulario de Contacto<\/a><\/strong><\/p>\n<\/div>","protected":false},"excerpt":{"rendered":"<p>Abans d\u2019iniciar la compra, feu clic a&nbsp;Iniciar sessi\u00f3&nbsp;per poder realitzar el proc\u00e9s de compra des del vostre perfil d\u2019usuari o usu\u00e0ria. Pots comprar les entrades puntuals, bonos, targeta regal i fer-te soci\/s\u00f2cia des de l\u2019apartat \u00abBotiga\u00bb. La resta de productes i serveis no tenen la compra en l\u00ednia disponible en aquests moments per\u00f2 ens pots enviar un correu a&nbsp;lafoixarda@climbat.com&nbsp;o a trav\u00e9s del&nbsp;Formulari de Contacte Antes de iniciar la compra, haz clic en&nbsp;\u00abIniciar sesi\u00f3n\u00bb&nbsp;para poder realizar el proceso de compra desde tu perfil de usuario o usuaria. Puedes comprar las entradas puntuales, bonos, tarjeta regalo y hacerte socio\/a desde el apartado&nbsp;\u00abTienda\u00bb. El resto de productos y servicios no tienen la compra online disponible en estos momentos pero puedes enviarnos un email a&nbsp;lafoixarda@climbat.com&nbsp;o a trav\u00e9s del&nbsp;Formulario de Contacto<\/p>\n","protected":false},"author":1,"featured_media":0,"parent":0,"menu_order":0,"comment_status":"closed","ping_status":"closed","template":"","meta":{"footnotes":""},"categoria_centro":[],"acf":[],"yoast_head":"<!-- This site is optimized with the Yoast SEO plugin v22.5 - https:\/\/yoast.com\/wordpress\/plugins\/seo\/ -->\n<title>Compra en l\u00ednia CEM La Foixarda | Climbat Barcelona<\/title>\n<meta name=\"description\" content=\"Compra online al centre d\u2019escalada CEM La Foixarda de Climbat. Vine a practicar l&#039;escalada al roc\u00f2drom de Barcelona.\" \/>\n<meta name=\"robots\" content=\"index, follow, max-snippet:-1, max-image-preview:large, max-video-preview:-1\" \/>\n<link rel=\"canonical\" href=\"https:\/\/climbat.com\/ca\/compra-en-linia-cem-la-foixarda\/\" \/>\n<meta property=\"og:locale\" content=\"en_US\" \/>\n<meta property=\"og:type\" content=\"article\" \/>\n<meta property=\"og:title\" content=\"Compra en l\u00ednia CEM La Foixarda | Climbat Barcelona\" \/>\n<meta property=\"og:description\" content=\"Compra online al centre d\u2019escalada CEM La Foixarda de Climbat. Vine a practicar l&#039;escalada al roc\u00f2drom de Barcelona.\" \/>\n<meta property=\"og:url\" content=\"https:\/\/climbat.com\/ca\/compra-en-linia-cem-la-foixarda\/\" \/>\n<meta property=\"og:site_name\" content=\"Inicio - Climbat | Climbing gyms\" \/>\n<meta property=\"article:modified_time\" content=\"2025-11-04T08:48:49+00:00\" \/>\n<meta name=\"twitter:card\" content=\"summary_large_image\" \/>\n<meta name=\"twitter:label1\" content=\"Est. reading time\" \/>\n\t<meta name=\"twitter:data1\" content=\"1 minute\" \/>\n<script type=\"application\/ld+json\" class=\"yoast-schema-graph\">{\"@context\":\"https:\/\/schema.org\",\"@graph\":[{\"@type\":\"WebPage\",\"@id\":\"https:\/\/climbat.com\/ca\/compra-en-linia-cem-la-foixarda\/\",\"url\":\"https:\/\/climbat.com\/ca\/compra-en-linia-cem-la-foixarda\/\",\"name\":\"Compra en l\u00ednia CEM La Foixarda | Climbat Barcelona\",\"isPartOf\":{\"@id\":\"https:\/\/climbat.com\/#website\"},\"datePublished\":\"2025-10-11T09:15:04+00:00\",\"dateModified\":\"2025-11-04T08:48:49+00:00\",\"description\":\"Compra online al centre d\u2019escalada CEM La Foixarda de Climbat. Vine a practicar l'escalada al roc\u00f2drom de Barcelona.\",\"breadcrumb\":{\"@id\":\"https:\/\/climbat.com\/ca\/compra-en-linia-cem-la-foixarda\/#breadcrumb\"},\"inLanguage\":\"cat\",\"potentialAction\":[{\"@type\":\"ReadAction\",\"target\":[\"https:\/\/climbat.com\/ca\/compra-en-linia-cem-la-foixarda\/\"]}]},{\"@type\":\"BreadcrumbList\",\"@id\":\"https:\/\/climbat.com\/ca\/compra-en-linia-cem-la-foixarda\/#breadcrumb\",\"itemListElement\":[{\"@type\":\"ListItem\",\"position\":1,\"name\":\"Portada\",\"item\":\"https:\/\/climbat.com\/ca\/\"},{\"@type\":\"ListItem\",\"position\":2,\"name\":\"Compra en l\u00ednia CEM La Foixarda\"}]},{\"@type\":\"WebSite\",\"@id\":\"https:\/\/climbat.com\/#website\",\"url\":\"https:\/\/climbat.com\/\",\"name\":\"Inicio - Climbat | Climbing gyms\",\"description\":\"Climbat es referente en el mundo de la escalada como operador de salas de escalada orientados a p\u00fablicos de todos los niveles\",\"potentialAction\":[{\"@type\":\"SearchAction\",\"target\":{\"@type\":\"EntryPoint\",\"urlTemplate\":\"https:\/\/climbat.com\/?s={search_term_string}\"},\"query-input\":\"required name=search_term_string\"}],\"inLanguage\":\"cat\"}]}<\/script>\n<!-- \/ Yoast SEO plugin. -->","yoast_head_json":{"title":"Compra en l\u00ednia CEM La Foixarda | Climbat Barcelona","description":"Compra online al centre d\u2019escalada CEM La Foixarda de Climbat. Vine a practicar l'escalada al roc\u00f2drom de Barcelona.","robots":{"index":"index","follow":"follow","max-snippet":"max-snippet:-1","max-image-preview":"max-image-preview:large","max-video-preview":"max-video-preview:-1"},"canonical":"https:\/\/climbat.com\/ca\/compra-en-linia-cem-la-foixarda\/","og_locale":"en_US","og_type":"article","og_title":"Compra en l\u00ednia CEM La Foixarda | Climbat Barcelona","og_description":"Compra online al centre d\u2019escalada CEM La Foixarda de Climbat. Vine a practicar l'escalada al roc\u00f2drom de Barcelona.","og_url":"https:\/\/climbat.com\/ca\/compra-en-linia-cem-la-foixarda\/","og_site_name":"Inicio - Climbat | Climbing gyms","article_modified_time":"2025-11-04T08:48:49+00:00","twitter_card":"summary_large_image","twitter_misc":{"Est. reading time":"1 minute"},"schema":{"@context":"https:\/\/schema.org","@graph":[{"@type":"WebPage","@id":"https:\/\/climbat.com\/ca\/compra-en-linia-cem-la-foixarda\/","url":"https:\/\/climbat.com\/ca\/compra-en-linia-cem-la-foixarda\/","name":"Compra en l\u00ednia CEM La Foixarda | Climbat Barcelona","isPartOf":{"@id":"https:\/\/climbat.com\/#website"},"datePublished":"2025-10-11T09:15:04+00:00","dateModified":"2025-11-04T08:48:49+00:00","description":"Compra online al centre d\u2019escalada CEM La Foixarda de Climbat. Vine a practicar l'escalada al roc\u00f2drom de Barcelona.","breadcrumb":{"@id":"https:\/\/climbat.com\/ca\/compra-en-linia-cem-la-foixarda\/#breadcrumb"},"inLanguage":"cat","potentialAction":[{"@type":"ReadAction","target":["https:\/\/climbat.com\/ca\/compra-en-linia-cem-la-foixarda\/"]}]},{"@type":"BreadcrumbList","@id":"https:\/\/climbat.com\/ca\/compra-en-linia-cem-la-foixarda\/#breadcrumb","itemListElement":[{"@type":"ListItem","position":1,"name":"Portada","item":"https:\/\/climbat.com\/ca\/"},{"@type":"ListItem","position":2,"name":"Compra en l\u00ednia CEM La Foixarda"}]},{"@type":"WebSite","@id":"https:\/\/climbat.com\/#website","url":"https:\/\/climbat.com\/","name":"Inicio - Climbat | Climbing gyms","description":"Climbat es referente en el mundo de la escalada como operador de salas de escalada orientados a p\u00fablicos de todos los niveles","potentialAction":[{"@type":"SearchAction","target":{"@type":"EntryPoint","urlTemplate":"https:\/\/climbat.com\/?s={search_term_string}"},"query-input":"required name=search_term_string"}],"inLanguage":"cat"}]}},"_links":{"self":[{"href":"https:\/\/climbat.com\/ca\/wp-json\/wp\/v2\/pages\/29152"}],"collection":[{"href":"https:\/\/climbat.com\/ca\/wp-json\/wp\/v2\/pages"}],"about":[{"href":"https:\/\/climbat.com\/ca\/wp-json\/wp\/v2\/types\/page"}],"author":[{"embeddable":true,"href":"https:\/\/climbat.com\/ca\/wp-json\/wp\/v2\/users\/1"}],"replies":[{"embeddable":true,"href":"https:\/\/climbat.com\/ca\/wp-json\/wp\/v2\/comments?post=29152"}],"version-history":[{"count":0,"href":"https:\/\/climbat.com\/ca\/wp-json\/wp\/v2\/pages\/29152\/revisions"}],"wp:attachment":[{"href":"https:\/\/climbat.com\/ca\/wp-json\/wp\/v2\/media?parent=29152"}],"wp:term":[{"taxonomy":"categoria_centro","embeddable":true,"href":"https:\/\/climbat.com\/ca\/wp-json\/wp\/v2\/categoria_centro?post=29152"}],"curies":[{"name":"wp","href":"https:\/\/api.w.org\/{rel}","templated":true}]}}