{"id":26035,"date":"2025-10-11T15:31:10","date_gmt":"2025-10-11T15:31:10","guid":{"rendered":"https:\/\/climbat.com\/qui-som\/"},"modified":"2025-10-28T12:49:06","modified_gmt":"2025-10-28T12:49:06","slug":"qui-som","status":"publish","type":"page","link":"https:\/\/climbat.com\/ca\/qui-som\/","title":{"rendered":"QUI SOM?"},"content":{"rendered":"<div class=\"wpb-content-wrapper\"><section data-vc-full-width=\"true\" data-vc-full-width-init=\"false\" data-vc-stretch-content=\"true\" class=\"vc_row wpb_row vc_row-fluid  vc_custom_1651420867412 overflow-visible pofo-stretch-content vc_row-no-padding\"><div class=\"wpb_column vc_column_container vc_col-sm-12  col-xs-mobile-fullwidth\"><div class=\"vc_column-inner \"><div class=\"wpb_wrapper\"><div id=\"pofo-image-slider-1\" class=\"swiper-container height-100 width-100 pofo-image-style10 pofo-image-slider-1  white-move text-title-page pofo-slider10 pofo-slider10-1\" data-slider-options=\"{&quot;keyboard&quot;:true,&quot;slidesPerView&quot;:1,&quot;autoplay&quot;:false}\"><div class=\"swiper-wrapper\"><div class=\"swiper-slide cover-background bg-image-srcset\" style=\"background-image:url(https:\/\/climbat.com\/wp-content\/uploads\/2024\/03\/WhatsApp-Image-2024-03-10-at-11.47.51.jpeg)\" data-bg-srcset=\"https:\/\/climbat.com\/wp-content\/uploads\/2024\/03\/WhatsApp-Image-2024-03-10-at-11.47.51.jpeg 1600w, https:\/\/climbat.com\/wp-content\/uploads\/2024\/03\/WhatsApp-Image-2024-03-10-at-11.47.51-300x200.jpeg 300w, https:\/\/climbat.com\/wp-content\/uploads\/2024\/03\/WhatsApp-Image-2024-03-10-at-11.47.51-1024x682.jpeg 1024w, https:\/\/climbat.com\/wp-content\/uploads\/2024\/03\/WhatsApp-Image-2024-03-10-at-11.47.51-768x512.jpeg 768w, https:\/\/climbat.com\/wp-content\/uploads\/2024\/03\/WhatsApp-Image-2024-03-10-at-11.47.51-1536x1023.jpeg 1536w, https:\/\/climbat.com\/wp-content\/uploads\/2024\/03\/WhatsApp-Image-2024-03-10-at-11.47.51-1157x771.jpeg 1157w, https:\/\/climbat.com\/wp-content\/uploads\/2024\/03\/WhatsApp-Image-2024-03-10-at-11.47.51-120x80.jpeg 120w, https:\/\/climbat.com\/wp-content\/uploads\/2024\/03\/WhatsApp-Image-2024-03-10-at-11.47.51-81x54.jpeg 81w\"><div class=\"bg-black bg-overlay\" style=\"opacity:0.7; background-color:#000000; \"><\/div><div class=\"container position-relative full-screen\"><div class=\"slider-typography text-center\"><div class=\"slider-text-middle-main\"><div class=\"slider-text-middle\"><div class=\"alt-font text-white font-weight-700 letter-spacing-minus-1 margin-two-bottom center-col sm-margin-four-bottom xs-margin-15px-bottom xs-letter-spacing-0 word-wrap width-60 md-width-65 xs-width-90 title-large\">La dist\u00e0ncia entre all\u00f2 que ets i all\u00f2 que vols ser est\u00e0 en all\u00f2 que fas.<\/div><\/div><\/div><\/div><\/div><\/div><\/div><\/div><\/div><\/div><\/div><\/section><div class=\"vc_row-full-width vc_clearfix\"><\/div><section data-vc-full-width=\"true\" data-vc-full-width-init=\"false\" data-vc-stretch-content=\"true\" class=\"vc_row wpb_row vc_row-fluid  vc_custom_1651421000320 top-space pofo-stretch-content vc_row-o-equal-height vc_row-o-content-middle vc_row-flex pofo-row-responsive-69fa2dc7eae50\"><div class=\"wpb_column vc_column_container vc_col-has-fill z-index-2 position-relative overflow-visible vc_col-sm-12 vc_col-lg-7 vc_col-md-6 col-xs-mobile-fullwidth text-right sm-text-center pofo-column-responsive-69fa2dc7eaf65\"><div class=\"vc_column-inner bg-position-center-center vc_custom_1718100210426\"><div class=\"wpb_wrapper\"><\/div><\/div><\/div><div class=\"wpb_column vc_column_container vc_col-sm-12 vc_col-lg-5 vc_col-md-6 col-xs-mobile-fullwidth pofo-column-responsive-69fa2dc7eafcd\"><div class=\"vc_column-inner vc_custom_1599900681398\"><div class=\"wpb_wrapper\"><h4 class=\"text-extra-dark-gray margin-20px-bottom font-weight-600 display-inline-block alt-font heading-style2  vc_custom_1651418808166 pofo-button-responsive-69fa2dc7eb0f0  heading-1\"  style=\"color: #232323;\">CLIMBAT I L'ESCALADA<\/h4><div class=\" vc_custom_1651418829996 last-paragraph-no-margin pofo-text-block-responsive-69fa2dc7eb16b\"><p><span style=\"font-weight: 400;\">Climbat \u00e9s un referent en el m\u00f3n de l&#8217;escalada com operador de sales d&#8217;escalada indoor orientades a p\u00fablics de tots els nivells i edats. A Climbat podr\u00e0s trobar serveis per a tots els nivells com poden ser iniciacions en l&#8217;escalada esportiva i bloc, o perfeccionament i entrenament per a escaladors del m\u00e9s alt nivell.<\/span><\/p>\n<p><span style=\"font-weight: 400;\">Climbat forma part del Groupe ABEO i atresora l&#8217;experi\u00e8ncia d&#8217;un l\u00edder mundial en la fabricaci\u00f3 de roc\u00f2droms com Entre-Prises. El seu sistema de disseny i producci\u00f3 garanteix el millor acabat de les seves parets d&#8217;escalada.<\/span><\/p>\n<\/div><\/div><\/div><\/div><\/section><div class=\"vc_row-full-width vc_clearfix\"><\/div><section data-vc-full-width=\"true\" data-vc-full-width-init=\"false\" data-vc-stretch-content=\"true\" class=\"vc_row wpb_row vc_row-fluid  vc_custom_1651420950710 top-space pofo-stretch-content vc_row-o-equal-height vc_row-o-content-middle vc_row-flex pofo-row-responsive-69fa2dc7eb23d\"><div class=\"wpb_column vc_column_container vc_col-has-fill z-index-2 position-relative overflow-visible vc_col-sm-12 vc_col-lg-5 vc_col-md-6 col-xs-mobile-fullwidth text-left md-text-left sm-text-left xs-text-left pofo-column-responsive-69fa2dc7eb2d4\"><div class=\"vc_column-inner bg-position-center-center vc_custom_1651419697436\"><div class=\"wpb_wrapper\"><h4 class=\"text-extra-dark-gray margin-20px-bottom font-weight-600 display-inline-block alt-font heading-style2  vc_custom_1651419252267 pofo-button-responsive-69fa2dc7eb365  heading-2\"  style=\"color: #232323;\">M\u00c9S D'UNA D\u00c8CADA D'EXPERI\u00c8NCIA<\/h4><div class=\" vc_custom_1651419263956 last-paragraph-no-margin pofo-text-block-responsive-69fa2dc7eb3b1\"><p><span style=\"font-weight: 400;\">Climbat ha desenvolupat en els darrers anys una important\u00edssima tasca de promoci\u00f3 de l&#8217;esport de l&#8217;escalada, una pr\u00e0ctica en auge social, i a la que la suma d&#8217;addictes creix exponencialment.<\/span><\/p>\n<p><span style=\"font-weight: 400;\">Les seves sales han estat pedrera i lloc d&#8217;inici a la pr\u00e0ctica esportiva per a centenars de clients que buscaven una pr\u00e0ctica esportiva diferent de l&#8217;habitual, diferenciant-se dels esports de masses com poden ser el futbol o el running.<\/span><\/p>\n<\/div><\/div><\/div><\/div><div class=\"wpb_column vc_column_container vc_col-has-fill vc_col-sm-12 vc_col-lg-7 vc_col-md-6 col-xs-mobile-fullwidth pofo-column-responsive-69fa2dc7eb424\"><div class=\"vc_column-inner cover-background vc_custom_1718100185769\"><div class=\"wpb_wrapper\"><\/div><\/div><\/div><\/section><div class=\"vc_row-full-width vc_clearfix\"><\/div><section data-vc-full-width=\"true\" data-vc-full-width-init=\"false\" data-vc-stretch-content=\"true\" class=\"vc_row wpb_row vc_row-fluid  vc_custom_1651420913528 top-space pofo-stretch-content vc_row-o-equal-height vc_row-o-content-middle vc_row-flex pofo-row-responsive-69fa2dc7eb4df\"><div class=\"wpb_column vc_column_container vc_col-has-fill z-index-2 position-relative overflow-visible vc_col-sm-12 vc_col-lg-7 vc_col-md-6 col-xs-mobile-fullwidth text-right sm-text-center pofo-column-responsive-69fa2dc7eb582\"><div class=\"vc_column-inner bg-position-center-center vc_custom_1718100268812\"><div class=\"wpb_wrapper\"><\/div><\/div><\/div><div class=\"wpb_column vc_column_container vc_col-sm-12 vc_col-lg-5 vc_col-md-6 col-xs-mobile-fullwidth pofo-column-responsive-69fa2dc7eb5dd\"><div class=\"vc_column-inner vc_custom_1599900681398\"><div class=\"wpb_wrapper\"><h4 class=\"text-extra-dark-gray margin-20px-bottom font-weight-600 display-inline-block alt-font heading-style2  vc_custom_1651420117037 pofo-button-responsive-69fa2dc7eb66c  heading-3\"  style=\"color: #232323;\">MOLT M\u00c9S QUE UN ROC\u00d2DROM<\/h4><div class=\" vc_custom_1651420131649 last-paragraph-no-margin pofo-text-block-responsive-69fa2dc7eb6a9\"><p><span style=\"font-weight: 400;\">Climbat ofereix una \u00e0mplia gamma de possibilitats als amants o interessats per l&#8217;escalada, que van des de la pr\u00e0ctica del bloc, escalada amb corda o autoassegurada; a cursos adaptats a tots els nivells, aniversaris infantils, esdeveniments no competitius i activitats extraescolars entre altres.<\/span><\/p>\n<p><span style=\"font-weight: 400;\">Climbat col\u00b7labora tamb\u00e9 en l&#8217;organitzaci\u00f3 de les competicions nacionals d&#8217;escalada amb la Federaci\u00f3 Espanyola d&#8217;Esports de Muntanya i Escalada i ha estat organitzador de diverses competicions d&#8217;\u00e0mbit internacional amb la IFSC.<\/span><\/p>\n<\/div><\/div><\/div><\/div><\/section><div class=\"vc_row-full-width vc_clearfix\"><\/div><section data-vc-full-width=\"true\" data-vc-full-width-init=\"false\" data-vc-stretch-content=\"true\" class=\"vc_row wpb_row vc_row-fluid  vc_custom_1651420920533 top-space pofo-stretch-content vc_row-o-equal-height vc_row-o-content-middle vc_row-flex pofo-row-responsive-69fa2dc7eb736\"><div class=\"wpb_column vc_column_container vc_col-has-fill z-index-2 position-relative overflow-visible vc_col-sm-12 vc_col-lg-5 vc_col-md-6 col-xs-mobile-fullwidth text-left md-text-left sm-text-left xs-text-left pofo-column-responsive-69fa2dc7eb7c1\"><div class=\"vc_column-inner bg-position-center-center vc_custom_1651419697436\"><div class=\"wpb_wrapper\"><h4 class=\"text-extra-dark-gray margin-20px-bottom font-weight-600 display-inline-block alt-font heading-style2  vc_custom_1651420154369 pofo-button-responsive-69fa2dc7eb84e  heading-4\"  style=\"color: #232323;\">ESCALADA PER A TOTA LA FAMILIA<\/h4><div class=\" vc_custom_1651420142584 last-paragraph-no-margin pofo-text-block-responsive-69fa2dc7eb88b\"><p><span style=\"font-weight: 400;\">En els centres Climbat, pots trobar un concepte \u00fanic d&#8217;escalada que inclou m\u00faltiples reptes en altura per a tots els nivells.<\/span><\/p>\n<p><span style=\"font-weight: 400;\">El concepte d&#8217;escalada l\u00fadica mitjan\u00e7ant els circuits d&#8217;aventura o Clip&#8217;N Climb dels nostres centres garanteixen una experi\u00e8ncia inoblidable i compten amb una gran varietat de formes, colors i textures per a qualsevol que vulgui divertir-se en fam\u00edlia.<\/span><\/p>\n<\/div><\/div><\/div><\/div><div class=\"wpb_column vc_column_container vc_col-has-fill vc_col-sm-12 vc_col-lg-7 vc_col-md-6 col-xs-mobile-fullwidth pofo-column-responsive-69fa2dc7eb912\"><div class=\"vc_column-inner cover-background vc_custom_1718112542485\"><div class=\"wpb_wrapper\"><\/div><\/div><\/div><\/section><div class=\"vc_row-full-width vc_clearfix\"><\/div>\n<\/div>","protected":false},"excerpt":{"rendered":"La dist\u00e0ncia entre all\u00f2 que ets i all\u00f2 que vols ser est\u00e0 en all\u00f2 que fas.CLIMBAT I L'ESCALADAClimbat \u00e9s un referent en el m\u00f3n de l'escalada com operador de sales d'escalada indoor orientades a p\u00fablics de tots els nivells i edats. A Climbat podr\u00e0s trobar serveis per a tots els nivells com poden ser iniciacions en l'escalada esportiva i bloc, o perfeccionament i entrenament per a escaladors del m\u00e9s alt nivell. Climbat forma part del Groupe ABEO i atresora l'experi\u00e8ncia d'un l\u00edder mundial en la fabricaci\u00f3 de roc\u00f2droms com Entre-Prises. El seu sistema de disseny i producci\u00f3 garanteix el millor acabat de les seves parets d'escalada. M\u00c9S D'UNA D\u00c8CADA D'EXPERI\u00c8NCIAClimbat ha desenvolupat en els darrers anys una important\u00edssima tasca de promoci\u00f3 de l'esport de l'escalada, una pr\u00e0ctica en auge social, i a la que la suma d'addictes creix exponencialment. Les seves sales han estat pedrera i lloc d'inici a la pr\u00e0ctica esportiva per a centenars de clients que buscaven una pr\u00e0ctica esportiva diferent de l'habitual, diferenciant-se dels esports de masses com poden ser el futbol o el running. MOLT M\u00c9S QUE UN ROC\u00d2DROMClimbat ofereix una \u00e0mplia gamma de possibilitats als amants o interessats per l'escalada, que van des de la...","protected":false},"author":2,"featured_media":0,"parent":0,"menu_order":0,"comment_status":"closed","ping_status":"closed","template":"","meta":{"footnotes":""},"categoria_centro":[],"acf":[],"yoast_head":"<!-- This site is optimized with the Yoast SEO plugin v22.5 - https:\/\/yoast.com\/wordpress\/plugins\/seo\/ -->\n<title>Qui som | Climbat Barcelona, centre d\u2019escalada per a tots<\/title>\n<meta name=\"description\" content=\"Coneix Climbat Barcelona: l\u00edders en escalada per a totes les edats i nivells, amb m\u00e9s de 2.000 m\u00b2 de instal\u00b7lacions al CEM La Foixarda.\" \/>\n<meta name=\"robots\" content=\"index, follow, max-snippet:-1, max-image-preview:large, max-video-preview:-1\" \/>\n<link rel=\"canonical\" href=\"https:\/\/climbat.com\/ca\/qui-som\/\" \/>\n<meta property=\"og:locale\" content=\"en_US\" \/>\n<meta property=\"og:type\" content=\"article\" \/>\n<meta property=\"og:title\" content=\"Qui som | Climbat Barcelona, centre d\u2019escalada per a tots\" \/>\n<meta property=\"og:description\" content=\"Coneix Climbat Barcelona: l\u00edders en escalada per a totes les edats i nivells, amb m\u00e9s de 2.000 m\u00b2 de instal\u00b7lacions al CEM La Foixarda.\" \/>\n<meta property=\"og:url\" content=\"https:\/\/climbat.com\/ca\/qui-som\/\" \/>\n<meta property=\"og:site_name\" content=\"Inicio - Climbat | Climbing gyms\" \/>\n<meta property=\"article:modified_time\" content=\"2025-10-28T12:49:06+00:00\" \/>\n<meta name=\"twitter:card\" content=\"summary_large_image\" \/>\n<meta name=\"twitter:label1\" content=\"Est. reading time\" \/>\n\t<meta name=\"twitter:data1\" content=\"4 minutes\" \/>\n<script type=\"application\/ld+json\" class=\"yoast-schema-graph\">{\"@context\":\"https:\/\/schema.org\",\"@graph\":[{\"@type\":\"WebPage\",\"@id\":\"https:\/\/climbat.com\/ca\/qui-som\/\",\"url\":\"https:\/\/climbat.com\/ca\/qui-som\/\",\"name\":\"Qui som | Climbat Barcelona, centre d\u2019escalada per a tots\",\"isPartOf\":{\"@id\":\"https:\/\/climbat.com\/#website\"},\"datePublished\":\"2025-10-11T15:31:10+00:00\",\"dateModified\":\"2025-10-28T12:49:06+00:00\",\"description\":\"Coneix Climbat Barcelona: l\u00edders en escalada per a totes les edats i nivells, amb m\u00e9s de 2.000 m\u00b2 de instal\u00b7lacions al CEM La Foixarda.\",\"breadcrumb\":{\"@id\":\"https:\/\/climbat.com\/ca\/qui-som\/#breadcrumb\"},\"inLanguage\":\"cat\",\"potentialAction\":[{\"@type\":\"ReadAction\",\"target\":[\"https:\/\/climbat.com\/ca\/qui-som\/\"]}]},{\"@type\":\"BreadcrumbList\",\"@id\":\"https:\/\/climbat.com\/ca\/qui-som\/#breadcrumb\",\"itemListElement\":[{\"@type\":\"ListItem\",\"position\":1,\"name\":\"Portada\",\"item\":\"https:\/\/climbat.com\/ca\/\"},{\"@type\":\"ListItem\",\"position\":2,\"name\":\"QUI SOM?\"}]},{\"@type\":\"WebSite\",\"@id\":\"https:\/\/climbat.com\/#website\",\"url\":\"https:\/\/climbat.com\/\",\"name\":\"Inicio - Climbat | Climbing gyms\",\"description\":\"Climbat es referente en el mundo de la escalada como operador de salas de escalada orientados a p\u00fablicos de todos los niveles\",\"potentialAction\":[{\"@type\":\"SearchAction\",\"target\":{\"@type\":\"EntryPoint\",\"urlTemplate\":\"https:\/\/climbat.com\/?s={search_term_string}\"},\"query-input\":\"required name=search_term_string\"}],\"inLanguage\":\"cat\"}]}<\/script>\n<!-- \/ Yoast SEO plugin. -->","yoast_head_json":{"title":"Qui som | Climbat Barcelona, centre d\u2019escalada per a tots","description":"Coneix Climbat Barcelona: l\u00edders en escalada per a totes les edats i nivells, amb m\u00e9s de 2.000 m\u00b2 de instal\u00b7lacions al CEM La Foixarda.","robots":{"index":"index","follow":"follow","max-snippet":"max-snippet:-1","max-image-preview":"max-image-preview:large","max-video-preview":"max-video-preview:-1"},"canonical":"https:\/\/climbat.com\/ca\/qui-som\/","og_locale":"en_US","og_type":"article","og_title":"Qui som | Climbat Barcelona, centre d\u2019escalada per a tots","og_description":"Coneix Climbat Barcelona: l\u00edders en escalada per a totes les edats i nivells, amb m\u00e9s de 2.000 m\u00b2 de instal\u00b7lacions al CEM La Foixarda.","og_url":"https:\/\/climbat.com\/ca\/qui-som\/","og_site_name":"Inicio - Climbat | Climbing gyms","article_modified_time":"2025-10-28T12:49:06+00:00","twitter_card":"summary_large_image","twitter_misc":{"Est. reading time":"4 minutes"},"schema":{"@context":"https:\/\/schema.org","@graph":[{"@type":"WebPage","@id":"https:\/\/climbat.com\/ca\/qui-som\/","url":"https:\/\/climbat.com\/ca\/qui-som\/","name":"Qui som | Climbat Barcelona, centre d\u2019escalada per a tots","isPartOf":{"@id":"https:\/\/climbat.com\/#website"},"datePublished":"2025-10-11T15:31:10+00:00","dateModified":"2025-10-28T12:49:06+00:00","description":"Coneix Climbat Barcelona: l\u00edders en escalada per a totes les edats i nivells, amb m\u00e9s de 2.000 m\u00b2 de instal\u00b7lacions al CEM La Foixarda.","breadcrumb":{"@id":"https:\/\/climbat.com\/ca\/qui-som\/#breadcrumb"},"inLanguage":"cat","potentialAction":[{"@type":"ReadAction","target":["https:\/\/climbat.com\/ca\/qui-som\/"]}]},{"@type":"BreadcrumbList","@id":"https:\/\/climbat.com\/ca\/qui-som\/#breadcrumb","itemListElement":[{"@type":"ListItem","position":1,"name":"Portada","item":"https:\/\/climbat.com\/ca\/"},{"@type":"ListItem","position":2,"name":"QUI SOM?"}]},{"@type":"WebSite","@id":"https:\/\/climbat.com\/#website","url":"https:\/\/climbat.com\/","name":"Inicio - Climbat | Climbing gyms","description":"Climbat es referente en el mundo de la escalada como operador de salas de escalada orientados a p\u00fablicos de todos los niveles","potentialAction":[{"@type":"SearchAction","target":{"@type":"EntryPoint","urlTemplate":"https:\/\/climbat.com\/?s={search_term_string}"},"query-input":"required name=search_term_string"}],"inLanguage":"cat"}]}},"_links":{"self":[{"href":"https:\/\/climbat.com\/ca\/wp-json\/wp\/v2\/pages\/26035"}],"collection":[{"href":"https:\/\/climbat.com\/ca\/wp-json\/wp\/v2\/pages"}],"about":[{"href":"https:\/\/climbat.com\/ca\/wp-json\/wp\/v2\/types\/page"}],"author":[{"embeddable":true,"href":"https:\/\/climbat.com\/ca\/wp-json\/wp\/v2\/users\/2"}],"replies":[{"embeddable":true,"href":"https:\/\/climbat.com\/ca\/wp-json\/wp\/v2\/comments?post=26035"}],"version-history":[{"count":0,"href":"https:\/\/climbat.com\/ca\/wp-json\/wp\/v2\/pages\/26035\/revisions"}],"wp:attachment":[{"href":"https:\/\/climbat.com\/ca\/wp-json\/wp\/v2\/media?parent=26035"}],"wp:term":[{"taxonomy":"categoria_centro","embeddable":true,"href":"https:\/\/climbat.com\/ca\/wp-json\/wp\/v2\/categoria_centro?post=26035"}],"curies":[{"name":"wp","href":"https:\/\/api.w.org\/{rel}","templated":true}]}}