{"id":26025,"date":"2025-10-11T10:09:37","date_gmt":"2025-10-11T10:09:37","guid":{"rendered":"https:\/\/climbat.com\/contacte\/"},"modified":"2025-10-28T12:40:06","modified_gmt":"2025-10-28T12:40:06","slug":"contacte","status":"publish","type":"page","link":"https:\/\/climbat.com\/ca\/contacte\/","title":{"rendered":"Contacte"},"content":{"rendered":"<div class=\"wpb-content-wrapper\"><section data-vc-full-width=\"true\" data-vc-full-width-init=\"false\" class=\"vc_row wpb_row vc_row-fluid   pofo-stretch-content pofo-stretch-row-container\"><div class=\"wpb_column vc_column_container vc_col-sm-1 vc_col-lg-2 vc_col-md-2 vc_hidden-xs col-xs-mobile-fullwidth\"><div class=\"vc_column-inner \"><div class=\"wpb_wrapper\"><\/div><\/div><\/div><div class=\"wpb_column vc_column_container vc_col-sm-10 vc_col-lg-8 vc_col-md-8 col-xs-mobile-fullwidth text-center\"><div class=\"vc_column-inner \"><div class=\"wpb_wrapper\"><div class=\"text-medium-gray text-small margin-5px-bottom alt-font text-uppercase heading-style4  vc_custom_1649849370161  heading-1\"  style=\"color: #f7c520;\">En Climbat trobar\u00e0s m\u00e9s que un centre d'escalada.<\/div><h5 class=\"text-extra-dark-gray margin-20px-bottom font-weight-600 display-inline-block alt-font heading-style2  heading-2\" >Contacta amb el teu Climbat m\u00e1s proper.<\/h5><\/div><\/div><\/div><div class=\"wpb_column vc_column_container vc_col-sm-1 vc_col-lg-2 vc_col-md-2 vc_hidden-xs col-xs-mobile-fullwidth\"><div class=\"vc_column-inner \"><div class=\"wpb_wrapper\"><\/div><\/div><\/div><\/section><div class=\"vc_row-full-width vc_clearfix\"><\/div><section data-vc-full-width=\"true\" data-vc-full-width-init=\"false\" data-vc-stretch-content=\"true\" class=\"vc_row wpb_row vc_row-fluid  vc_custom_1507613170048 wow fadeIn pofo-stretch-content vc_row-no-padding\"><div class=\"wpb_column vc_column_container vc_col-sm-2  col-xs-mobile-fullwidth\"><div class=\"vc_column-inner \"><div class=\"wpb_wrapper\"><\/div><\/div><\/div><div class=\"wpb_column vc_column_container vc_col-sm-8  col-xs-mobile-fullwidth\"><div class=\"vc_column-inner \"><div class=\"wpb_wrapper\">\n<div class=\"wpcf7 no-js\" id=\"wpcf7-f28265-o1\" lang=\"cat\" dir=\"ltr\">\n<div class=\"screen-reader-response\"><p role=\"status\" aria-live=\"polite\" aria-atomic=\"true\"><\/p> <ul><\/ul><\/div>\n<form action=\"\/ca\/wp-json\/wp\/v2\/pages\/26025#wpcf7-f28265-o1\" method=\"post\" class=\"wpcf7-form init\" aria-label=\"Contact form\" novalidate=\"novalidate\" data-status=\"init\">\n<div style=\"display: none;\">\n<input type=\"hidden\" name=\"_wpcf7\" value=\"28265\" \/>\n<input type=\"hidden\" name=\"_wpcf7_version\" value=\"5.9.8\" \/>\n<input type=\"hidden\" name=\"_wpcf7_locale\" value=\"cat\" \/>\n<input type=\"hidden\" name=\"_wpcf7_unit_tag\" value=\"wpcf7-f28265-o1\" \/>\n<input type=\"hidden\" name=\"_wpcf7_container_post\" value=\"0\" \/>\n<input type=\"hidden\" name=\"_wpcf7_posted_data_hash\" value=\"\" \/>\n<input type=\"hidden\" name=\"_wpcf7_recaptcha_response\" value=\"\" \/>\n<\/div>\n<div class=\"row\">\n\t<div class=\"col-md-6\">\n\t\t<p><span class=\"wpcf7-form-control-wrap\" data-name=\"nombre\"><input size=\"40\" maxlength=\"400\" class=\"wpcf7-form-control wpcf7-text wpcf7-validates-as-required big-input input-form\" aria-required=\"true\" aria-invalid=\"false\" placeholder=\"Nom\" value=\"\" type=\"text\" name=\"nombre\" \/><\/span>\n\t\t<\/p>\n\t<\/div>\n\t<div class=\"col-md-6\">\n\t\t<p><span class=\"wpcf7-form-control-wrap\" data-name=\"apellido\"><input size=\"40\" maxlength=\"400\" class=\"wpcf7-form-control wpcf7-text big-input input-form\" aria-invalid=\"false\" placeholder=\"Cognoms\" value=\"\" type=\"text\" name=\"apellido\" \/><\/span>\n\t\t<\/p>\n\t<\/div>\n\t<div class=\"col-md-6\">\n\t\t<p><span class=\"wpcf7-form-control-wrap\" data-name=\"telefono\"><input size=\"40\" maxlength=\"400\" class=\"wpcf7-form-control wpcf7-text wpcf7-validates-as-required big-input input-form\" aria-required=\"true\" aria-invalid=\"false\" placeholder=\"Tel\u00e8fon\" value=\"\" type=\"text\" name=\"telefono\" \/><\/span>\n\t\t<\/p>\n\t<\/div>\n\t<div class=\"col-md-6\">\n\t\t<p><span class=\"wpcf7-form-control-wrap\" data-name=\"email\"><input size=\"40\" maxlength=\"400\" class=\"wpcf7-form-control wpcf7-email wpcf7-validates-as-required wpcf7-text wpcf7-validates-as-email big-input input-form\" aria-required=\"true\" aria-invalid=\"false\" placeholder=\"Email\" value=\"\" type=\"email\" name=\"email\" \/><\/span>\n\t\t<\/p>\n\t<\/div>\n\t<div class=\"col-md-12\">\n\t\t<p><span class=\"wpcf7-form-control-wrap\" data-name=\"centros\"><select class=\"wpcf7-form-control wpcf7-select wpcf7-validates-as-required big-input input-form\" aria-required=\"true\" aria-invalid=\"false\" name=\"centros\"><option value=\"\">Selecciona un centre<\/option><option value=\"lafoixarda@climbat.com\">BARCELONA - LA FOIXARDA<\/option><\/select><\/span>\n\t\t<\/p>\n\t<\/div>\n\t<div class=\"col-md-12\">\n\t\t<p><select name='actividades' class=\"big-input input-form placeholder\">\n<option value=\"Reservar una activitat\">Reservar una activitat(s)<\/option>\n<option value=\"Consulta per aniversari\">Reservar\/consultar per a un aniversari<\/option>\n<option value=\"Activitat en grup\">Reservar\/consultar activitats en grup (Empresa, CE, TeamBuilding)<\/option>\n<\/select>\n\t\t<\/p>\n\t<\/div>\n\t<div class=\"col-md-12\">\n\t\t<p><span class=\"wpcf7-form-control-wrap\" data-name=\"consulta\"><textarea cols=\"40\" rows=\"10\" maxlength=\"2000\" class=\"wpcf7-form-control wpcf7-textarea big-input input-form\" aria-invalid=\"false\" placeholder=\"Consulta\" name=\"consulta\"><\/textarea><\/span>\n\t\t<\/p>\n\t<\/div>\n\t<div class=\"col-md-12\">\n\t\t<p><span>*<\/span> Els camps s\u00f3n obligatoris\n\t\t<\/p>\n\t<\/div>\n\t<div class=\"col-md-12\">\n\t\t<p><span class=\"wpcf7-form-control-wrap\" data-name=\"acepto-politicas\"><span class=\"wpcf7-form-control wpcf7-acceptance\"><span class=\"wpcf7-list-item\"><label><input type=\"checkbox\" name=\"acepto-politicas\" value=\"1\" class=\"big-input input-form\" aria-invalid=\"false\" \/><span class=\"wpcf7-list-item-label\">Click per acceptar la pol\u00edtica de privadesa<\/span><\/label><\/span><\/span><\/span>\n\t\t<\/p>\n\t<\/div>\n\t<p><input class=\"wpcf7-form-control wpcf7-submit has-spinner btn btn_reservar_tab btn-large\" type=\"submit\" value=\"Enviar\" \/>\n\t<\/p>\n<\/div><div class=\"wpcf7-response-output\" aria-hidden=\"true\"><\/div>\n<\/form>\n<\/div>\n<\/div><\/div><\/div><div class=\"wpb_column vc_column_container vc_col-sm-2  col-xs-mobile-fullwidth\"><div class=\"vc_column-inner \"><div class=\"wpb_wrapper\"><\/div><\/div><\/div><\/section><div class=\"vc_row-full-width vc_clearfix\"><\/div>\n<\/div>","protected":false},"excerpt":{"rendered":"En Climbat trobar\u00e0s m\u00e9s que un centre d'escalada.Contacta amb el teu Climbat m\u00e1s proper. Selecciona un centreBARCELONA - LA FOIXARDA Reservar una activitat(s) Reservar\/consultar per a un aniversari Reservar\/consultar activitats en grup (Empresa, CE, TeamBuilding) * Els camps s\u00f3n obligatoris Click per acceptar la pol\u00edtica de privadesa","protected":false},"author":1,"featured_media":0,"parent":0,"menu_order":0,"comment_status":"closed","ping_status":"closed","template":"","meta":{"footnotes":""},"categoria_centro":[],"acf":[],"yoast_head":"<!-- This site is optimized with the Yoast SEO plugin v22.5 - https:\/\/yoast.com\/wordpress\/plugins\/seo\/ -->\n<title>Contacta amb Climbat | Centre d\u2019escalada a Barcelona<\/title>\n<meta name=\"description\" content=\"Posa\u2019t en contacte amb Climbat Barcelona per a informaci\u00f3, reserves o activitats d\u2019escalada. Estem al CEM La Foixarda, el teu centre d\u2019escalada a Montju\u00efc.\" \/>\n<meta name=\"robots\" content=\"index, follow, max-snippet:-1, max-image-preview:large, max-video-preview:-1\" \/>\n<link rel=\"canonical\" href=\"https:\/\/climbat.com\/ca\/contacte\/\" \/>\n<meta property=\"og:locale\" content=\"en_US\" \/>\n<meta property=\"og:type\" content=\"article\" \/>\n<meta property=\"og:title\" content=\"Contacta amb Climbat | Centre d\u2019escalada a Barcelona\" \/>\n<meta property=\"og:description\" content=\"Posa\u2019t en contacte amb Climbat Barcelona per a informaci\u00f3, reserves o activitats d\u2019escalada. Estem al CEM La Foixarda, el teu centre d\u2019escalada a Montju\u00efc.\" \/>\n<meta property=\"og:url\" content=\"https:\/\/climbat.com\/ca\/contacte\/\" \/>\n<meta property=\"og:site_name\" content=\"Inicio - Climbat | Climbing gyms\" \/>\n<meta property=\"article:modified_time\" content=\"2025-10-28T12:40:06+00:00\" \/>\n<meta name=\"twitter:card\" content=\"summary_large_image\" \/>\n<meta name=\"twitter:label1\" content=\"Est. reading time\" \/>\n\t<meta name=\"twitter:data1\" content=\"1 minute\" \/>\n<script type=\"application\/ld+json\" class=\"yoast-schema-graph\">{\"@context\":\"https:\/\/schema.org\",\"@graph\":[{\"@type\":\"WebPage\",\"@id\":\"https:\/\/climbat.com\/ca\/contacte\/\",\"url\":\"https:\/\/climbat.com\/ca\/contacte\/\",\"name\":\"Contacta amb Climbat | Centre d\u2019escalada a Barcelona\",\"isPartOf\":{\"@id\":\"https:\/\/climbat.com\/#website\"},\"datePublished\":\"2025-10-11T10:09:37+00:00\",\"dateModified\":\"2025-10-28T12:40:06+00:00\",\"description\":\"Posa\u2019t en contacte amb Climbat Barcelona per a informaci\u00f3, reserves o activitats d\u2019escalada. Estem al CEM La Foixarda, el teu centre d\u2019escalada a Montju\u00efc.\",\"breadcrumb\":{\"@id\":\"https:\/\/climbat.com\/ca\/contacte\/#breadcrumb\"},\"inLanguage\":\"cat\",\"potentialAction\":[{\"@type\":\"ReadAction\",\"target\":[\"https:\/\/climbat.com\/ca\/contacte\/\"]}]},{\"@type\":\"BreadcrumbList\",\"@id\":\"https:\/\/climbat.com\/ca\/contacte\/#breadcrumb\",\"itemListElement\":[{\"@type\":\"ListItem\",\"position\":1,\"name\":\"Portada\",\"item\":\"https:\/\/climbat.com\/ca\/\"},{\"@type\":\"ListItem\",\"position\":2,\"name\":\"Contacte\"}]},{\"@type\":\"WebSite\",\"@id\":\"https:\/\/climbat.com\/#website\",\"url\":\"https:\/\/climbat.com\/\",\"name\":\"Inicio - Climbat | Climbing gyms\",\"description\":\"Climbat es referente en el mundo de la escalada como operador de salas de escalada orientados a p\u00fablicos de todos los niveles\",\"potentialAction\":[{\"@type\":\"SearchAction\",\"target\":{\"@type\":\"EntryPoint\",\"urlTemplate\":\"https:\/\/climbat.com\/?s={search_term_string}\"},\"query-input\":\"required name=search_term_string\"}],\"inLanguage\":\"cat\"}]}<\/script>\n<!-- \/ Yoast SEO plugin. -->","yoast_head_json":{"title":"Contacta amb Climbat | Centre d\u2019escalada a Barcelona","description":"Posa\u2019t en contacte amb Climbat Barcelona per a informaci\u00f3, reserves o activitats d\u2019escalada. Estem al CEM La Foixarda, el teu centre d\u2019escalada a Montju\u00efc.","robots":{"index":"index","follow":"follow","max-snippet":"max-snippet:-1","max-image-preview":"max-image-preview:large","max-video-preview":"max-video-preview:-1"},"canonical":"https:\/\/climbat.com\/ca\/contacte\/","og_locale":"en_US","og_type":"article","og_title":"Contacta amb Climbat | Centre d\u2019escalada a Barcelona","og_description":"Posa\u2019t en contacte amb Climbat Barcelona per a informaci\u00f3, reserves o activitats d\u2019escalada. Estem al CEM La Foixarda, el teu centre d\u2019escalada a Montju\u00efc.","og_url":"https:\/\/climbat.com\/ca\/contacte\/","og_site_name":"Inicio - Climbat | Climbing gyms","article_modified_time":"2025-10-28T12:40:06+00:00","twitter_card":"summary_large_image","twitter_misc":{"Est. reading time":"1 minute"},"schema":{"@context":"https:\/\/schema.org","@graph":[{"@type":"WebPage","@id":"https:\/\/climbat.com\/ca\/contacte\/","url":"https:\/\/climbat.com\/ca\/contacte\/","name":"Contacta amb Climbat | Centre d\u2019escalada a Barcelona","isPartOf":{"@id":"https:\/\/climbat.com\/#website"},"datePublished":"2025-10-11T10:09:37+00:00","dateModified":"2025-10-28T12:40:06+00:00","description":"Posa\u2019t en contacte amb Climbat Barcelona per a informaci\u00f3, reserves o activitats d\u2019escalada. Estem al CEM La Foixarda, el teu centre d\u2019escalada a Montju\u00efc.","breadcrumb":{"@id":"https:\/\/climbat.com\/ca\/contacte\/#breadcrumb"},"inLanguage":"cat","potentialAction":[{"@type":"ReadAction","target":["https:\/\/climbat.com\/ca\/contacte\/"]}]},{"@type":"BreadcrumbList","@id":"https:\/\/climbat.com\/ca\/contacte\/#breadcrumb","itemListElement":[{"@type":"ListItem","position":1,"name":"Portada","item":"https:\/\/climbat.com\/ca\/"},{"@type":"ListItem","position":2,"name":"Contacte"}]},{"@type":"WebSite","@id":"https:\/\/climbat.com\/#website","url":"https:\/\/climbat.com\/","name":"Inicio - Climbat | Climbing gyms","description":"Climbat es referente en el mundo de la escalada como operador de salas de escalada orientados a p\u00fablicos de todos los niveles","potentialAction":[{"@type":"SearchAction","target":{"@type":"EntryPoint","urlTemplate":"https:\/\/climbat.com\/?s={search_term_string}"},"query-input":"required name=search_term_string"}],"inLanguage":"cat"}]}},"_links":{"self":[{"href":"https:\/\/climbat.com\/ca\/wp-json\/wp\/v2\/pages\/26025"}],"collection":[{"href":"https:\/\/climbat.com\/ca\/wp-json\/wp\/v2\/pages"}],"about":[{"href":"https:\/\/climbat.com\/ca\/wp-json\/wp\/v2\/types\/page"}],"author":[{"embeddable":true,"href":"https:\/\/climbat.com\/ca\/wp-json\/wp\/v2\/users\/1"}],"replies":[{"embeddable":true,"href":"https:\/\/climbat.com\/ca\/wp-json\/wp\/v2\/comments?post=26025"}],"version-history":[{"count":0,"href":"https:\/\/climbat.com\/ca\/wp-json\/wp\/v2\/pages\/26025\/revisions"}],"wp:attachment":[{"href":"https:\/\/climbat.com\/ca\/wp-json\/wp\/v2\/media?parent=26025"}],"wp:term":[{"taxonomy":"categoria_centro","embeddable":true,"href":"https:\/\/climbat.com\/ca\/wp-json\/wp\/v2\/categoria_centro?post=26025"}],"curies":[{"name":"wp","href":"https:\/\/api.w.org\/{rel}","templated":true}]}}